{"id":15688,"date":"2015-03-06T08:51:51","date_gmt":"2015-03-06T07:51:51","guid":{"rendered":"http:\/\/www.sylvie-monthule.com\/?page_id=15688"},"modified":"2023-07-07T08:31:49","modified_gmt":"2023-07-07T07:31:49","slug":"show-room","status":"publish","type":"page","link":"https:\/\/www.sylvie-monthule.com\/fr\/show-room\/","title":{"rendered":"Show Room"},"content":{"rendered":"<h2 class=\"romantic\" style=\"text-align: center;\">Show-Room.<\/h2>\n<p>&nbsp;<\/p>\n<p style=\"text-align: center;\"><span style=\"color: #000000;\"><strong>Suite au d\u00e9m\u00e9nagement de nos locaux, en mai 2022,<\/strong><\/span><br \/>\n<span style=\"color: #000000;\"><strong>nous sommes momentan\u00e9ment sans show-room.<\/strong><\/span><br \/>\n<span style=\"color: #ff00ff;\"><strong>Mais vous pouvez prendre Rendez-vous par t\u00e9l\u00e9phone ou e-mail,<\/strong><\/span><br \/>\n<span style=\"color: #ff00ff;\"><strong>pour venir voir nos bijoux ou r\u00e9cup\u00e9rer votre commande<\/strong><\/span><br \/>\n<span style=\"color: #ff00ff;\"><strong>dans notre atelier.<\/strong><\/span><\/p>\n<p style=\"text-align: center;\">\u00a0 <strong>Nous vous accueillerons avec plaisir.<\/strong><br \/>\n<strong>Sylvie Monthul\u00e9 et son \u00e9quipe.<\/strong><\/p>\n<p style=\"text-align: center;\"><img loading=\"lazy\" decoding=\"async\" class=\"alignnone wp-image-25389 cadre\" src=\"https:\/\/www.sylvie-monthule.com\/wp-content\/uploads\/2015\/03\/show-room-sylvie-monthule.jpg\" alt=\"show room sylvie monthule\" width=\"328\" height=\"416\" srcset=\"https:\/\/www.sylvie-monthule.com\/wp-content\/uploads\/2015\/03\/show-room-sylvie-monthule.jpg 1772w, https:\/\/www.sylvie-monthule.com\/wp-content\/uploads\/2015\/03\/show-room-sylvie-monthule-237x300.jpg 237w, https:\/\/www.sylvie-monthule.com\/wp-content\/uploads\/2015\/03\/show-room-sylvie-monthule-768x973.jpg 768w, https:\/\/www.sylvie-monthule.com\/wp-content\/uploads\/2015\/03\/show-room-sylvie-monthule-809x1024.jpg 809w\" sizes=\"auto, (max-width: 328px) 100vw, 328px\" \/><\/p>\n<p style=\"text-align: center;\"><strong><img loading=\"lazy\" decoding=\"async\" class=\"rotate_m5 cadre alignnone wp-image-64572 size-thumbnail\" src=\"https:\/\/www.sylvie-monthule.com\/wp-content\/uploads\/2018\/11\/st175-f-string-penetrant-extase-intime-argent-150x150.jpg\" alt=\"\" width=\"150\" height=\"150\" srcset=\"https:\/\/www.sylvie-monthule.com\/wp-content\/uploads\/2018\/11\/st175-f-string-penetrant-extase-intime-argent-150x150.jpg 150w, https:\/\/www.sylvie-monthule.com\/wp-content\/uploads\/2018\/11\/st175-f-string-penetrant-extase-intime-argent-300x300.jpg 300w, https:\/\/www.sylvie-monthule.com\/wp-content\/uploads\/2018\/11\/st175-f-string-penetrant-extase-intime-argent-768x768.jpg 768w, https:\/\/www.sylvie-monthule.com\/wp-content\/uploads\/2018\/11\/st175-f-string-penetrant-extase-intime-argent-1024x1024.jpg 1024w, https:\/\/www.sylvie-monthule.com\/wp-content\/uploads\/2018\/11\/st175-f-string-penetrant-extase-intime-argent-180x180.jpg 180w, https:\/\/www.sylvie-monthule.com\/wp-content\/uploads\/2018\/11\/st175-f-string-penetrant-extase-intime-argent-600x600.jpg 600w, https:\/\/www.sylvie-monthule.com\/wp-content\/uploads\/2018\/11\/st175-f-string-penetrant-extase-intime-argent.jpg 1701w\" sizes=\"auto, (max-width: 150px) 100vw, 150px\" \/><img loading=\"lazy\" decoding=\"async\" class=\"rotate_p5 cadre alignnone wp-image-64232 size-thumbnail\" src=\"https:\/\/www.sylvie-monthule.com\/wp-content\/uploads\/2018\/11\/clt14-c-bijou-excite-clitoris-or-150x150.jpg\" alt=\"\" width=\"150\" height=\"150\" srcset=\"https:\/\/www.sylvie-monthule.com\/wp-content\/uploads\/2018\/11\/clt14-c-bijou-excite-clitoris-or-150x150.jpg 150w, https:\/\/www.sylvie-monthule.com\/wp-content\/uploads\/2018\/11\/clt14-c-bijou-excite-clitoris-or-300x300.jpg 300w, https:\/\/www.sylvie-monthule.com\/wp-content\/uploads\/2018\/11\/clt14-c-bijou-excite-clitoris-or-768x768.jpg 768w, https:\/\/www.sylvie-monthule.com\/wp-content\/uploads\/2018\/11\/clt14-c-bijou-excite-clitoris-or-1024x1024.jpg 1024w, https:\/\/www.sylvie-monthule.com\/wp-content\/uploads\/2018\/11\/clt14-c-bijou-excite-clitoris-or-180x180.jpg 180w, https:\/\/www.sylvie-monthule.com\/wp-content\/uploads\/2018\/11\/clt14-c-bijou-excite-clitoris-or-600x600.jpg 600w, https:\/\/www.sylvie-monthule.com\/wp-content\/uploads\/2018\/11\/clt14-c-bijou-excite-clitoris-or.jpg 1701w\" sizes=\"auto, (max-width: 150px) 100vw, 150px\" \/><\/strong><\/p>\n<p style=\"text-align: center;\"><img loading=\"lazy\" decoding=\"async\" class=\"alignnone wp-image-42957 size-thumbnail cadre\" src=\"https:\/\/www.sylvie-monthule.com\/wp-content\/uploads\/2017\/11\/st168-a-string-masque-venise-nuit-amour-or-150x150.jpg\" alt=\"\" width=\"150\" height=\"150\" srcset=\"https:\/\/www.sylvie-monthule.com\/wp-content\/uploads\/2017\/11\/st168-a-string-masque-venise-nuit-amour-or-150x150.jpg 150w, https:\/\/www.sylvie-monthule.com\/wp-content\/uploads\/2017\/11\/st168-a-string-masque-venise-nuit-amour-or-300x300.jpg 300w, https:\/\/www.sylvie-monthule.com\/wp-content\/uploads\/2017\/11\/st168-a-string-masque-venise-nuit-amour-or-768x768.jpg 768w, https:\/\/www.sylvie-monthule.com\/wp-content\/uploads\/2017\/11\/st168-a-string-masque-venise-nuit-amour-or-1024x1024.jpg 1024w, https:\/\/www.sylvie-monthule.com\/wp-content\/uploads\/2017\/11\/st168-a-string-masque-venise-nuit-amour-or-180x180.jpg 180w, https:\/\/www.sylvie-monthule.com\/wp-content\/uploads\/2017\/11\/st168-a-string-masque-venise-nuit-amour-or-600x600.jpg 600w, https:\/\/www.sylvie-monthule.com\/wp-content\/uploads\/2017\/11\/st168-a-string-masque-venise-nuit-amour-or.jpg 1701w\" sizes=\"auto, (max-width: 150px) 100vw, 150px\" \/><\/p>\n<p style=\"text-align: center;\"><span style=\"color: #ff00ff;\"><strong>\u00a0<\/strong><\/span><\/p>\n<p style=\"text-align: center;\"><span style=\"color: #ff00ff;\">Adresse :<\/span><br \/>\n269 avenue du G\u00e9n\u00e9ral de Gaulle<br \/>\n94500 Champigny sur marne. France<br \/>\nTel\u00a0 01 48 82 44 46<\/p>\n<p style=\"text-align: center;\"><strong><a href=\"mailto:contact@sylvie-monthule.com\" target=\"_blank\" rel=\"noopener noreferrer\">contact@sylvie-monthule.com<\/a><\/strong><br \/>\n01 48 82 44 46<\/p>\n<p>&nbsp;<\/p>\n<p style=\"text-align: center;\">\n","protected":false},"excerpt":{"rendered":"<p>Show-Room. &nbsp; Suite au d\u00e9m\u00e9nagement de nos locaux, en mai 2022, nous sommes momentan\u00e9ment sans show-room. Mais vous pouvez prendre Rendez-vous par t\u00e9l\u00e9phone ou e-mail, pour venir voir nos bijoux ou r\u00e9cup\u00e9rer votre commande dans notre atelier. \u00a0 Nous vous accueillerons avec plaisir. Sylvie Monthul\u00e9 et son \u00e9quipe. \u00a0 Adresse : 269 avenue du G\u00e9n\u00e9ral [&hellip;]<\/p>\n","protected":false},"author":9379,"featured_media":0,"parent":0,"menu_order":0,"comment_status":"closed","ping_status":"closed","template":"","meta":{"_acf_changed":false,"footnotes":""},"class_list":["post-15688","page","type-page","status-publish","hentry"],"acf":[],"_links":{"self":[{"href":"https:\/\/www.sylvie-monthule.com\/fr\/wp-json\/wp\/v2\/pages\/15688","targetHints":{"allow":["GET"]}}],"collection":[{"href":"https:\/\/www.sylvie-monthule.com\/fr\/wp-json\/wp\/v2\/pages"}],"about":[{"href":"https:\/\/www.sylvie-monthule.com\/fr\/wp-json\/wp\/v2\/types\/page"}],"author":[{"embeddable":true,"href":"https:\/\/www.sylvie-monthule.com\/fr\/wp-json\/wp\/v2\/users\/9379"}],"replies":[{"embeddable":true,"href":"https:\/\/www.sylvie-monthule.com\/fr\/wp-json\/wp\/v2\/comments?post=15688"}],"version-history":[{"count":44,"href":"https:\/\/www.sylvie-monthule.com\/fr\/wp-json\/wp\/v2\/pages\/15688\/revisions"}],"predecessor-version":[{"id":133743,"href":"https:\/\/www.sylvie-monthule.com\/fr\/wp-json\/wp\/v2\/pages\/15688\/revisions\/133743"}],"wp:attachment":[{"href":"https:\/\/www.sylvie-monthule.com\/fr\/wp-json\/wp\/v2\/media?parent=15688"}],"curies":[{"name":"wp","href":"https:\/\/api.w.org\/{rel}","templated":true}]}}