{"id":15676,"date":"2015-03-02T16:51:31","date_gmt":"2015-03-02T15:51:31","guid":{"rendered":"http:\/\/www.sylvie-monthule.com\/?page_id=15676"},"modified":"2023-11-22T14:10:10","modified_gmt":"2023-11-22T13:10:10","slug":"collections","status":"publish","type":"page","link":"https:\/\/www.sylvie-monthule.com\/fr\/collections\/","title":{"rendered":"Collections"},"content":{"rendered":"<h2 style=\"text-align: center;\">D\u00e9couvrez les bijoux intimes par collection<\/h2>\n<p class=\"romantic\" style=\"text-align: justify;\">Chaque ann\u00e9e Sylvie Monthul\u00e9 d\u00e9voile une nouvelle collection de bijoux intimes pour femme et pour homme. <strong>La cr\u00e9atrice puise son inspiration \u00e9rotique dans le monde floral ou v\u00e9g\u00e9tal mais aussi dans les symboles de la sexualit\u00e9 et la beaut\u00e9 du corps<\/strong>. Elle imagine souvent des collections \u00e0 th\u00e8me ; la splendeur des f\u00eates V\u00e9nitiennes, l&rsquo;Art Egyptien, etc&#8230; Inscrivez vous \u00e0 notre newsletter pour \u00eatre inform\u00e9 en priorit\u00e9 des nouveaut\u00e9s, des promotions et des offres r\u00e9serv\u00e9es \u00e0 notre client\u00e8le !<\/p>\n","protected":false},"excerpt":{"rendered":"<p>D\u00e9couvrez les bijoux intimes par collection Chaque ann\u00e9e Sylvie Monthul\u00e9 d\u00e9voile une nouvelle collection de bijoux intimes pour femme et pour homme. La cr\u00e9atrice puise son inspiration \u00e9rotique dans le monde floral ou v\u00e9g\u00e9tal mais aussi dans les symboles de la sexualit\u00e9 et la beaut\u00e9 du corps. Elle imagine souvent des collections \u00e0 th\u00e8me ; [&hellip;]<\/p>\n","protected":false},"author":9379,"featured_media":0,"parent":0,"menu_order":0,"comment_status":"closed","ping_status":"closed","template":"page-templates\/collections.php","meta":{"_acf_changed":false,"footnotes":""},"class_list":["post-15676","page","type-page","status-publish","hentry"],"acf":[],"_links":{"self":[{"href":"https:\/\/www.sylvie-monthule.com\/fr\/wp-json\/wp\/v2\/pages\/15676","targetHints":{"allow":["GET"]}}],"collection":[{"href":"https:\/\/www.sylvie-monthule.com\/fr\/wp-json\/wp\/v2\/pages"}],"about":[{"href":"https:\/\/www.sylvie-monthule.com\/fr\/wp-json\/wp\/v2\/types\/page"}],"author":[{"embeddable":true,"href":"https:\/\/www.sylvie-monthule.com\/fr\/wp-json\/wp\/v2\/users\/9379"}],"replies":[{"embeddable":true,"href":"https:\/\/www.sylvie-monthule.com\/fr\/wp-json\/wp\/v2\/comments?post=15676"}],"version-history":[{"count":28,"href":"https:\/\/www.sylvie-monthule.com\/fr\/wp-json\/wp\/v2\/pages\/15676\/revisions"}],"predecessor-version":[{"id":126455,"href":"https:\/\/www.sylvie-monthule.com\/fr\/wp-json\/wp\/v2\/pages\/15676\/revisions\/126455"}],"wp:attachment":[{"href":"https:\/\/www.sylvie-monthule.com\/fr\/wp-json\/wp\/v2\/media?parent=15676"}],"curies":[{"name":"wp","href":"https:\/\/api.w.org\/{rel}","templated":true}]}}