{"id":126290,"date":"2022-03-23T09:05:38","date_gmt":"2022-03-23T08:05:38","guid":{"rendered":"https:\/\/www.sylvie-monthule.com\/?page_id=126290"},"modified":"2023-12-04T14:58:23","modified_gmt":"2023-12-04T13:58:23","slug":"newsletter","status":"publish","type":"page","link":"https:\/\/www.sylvie-monthule.com\/fr\/newsletter\/","title":{"rendered":"Newsletter"},"content":{"rendered":"<p>Inscrivez-vous \u00e0 notre Newsletter pour <strong>recevoir des offres exclusives,<\/strong><br \/>\n<strong>\u00eatre inform\u00e9 des nouveaut\u00e9s et de notre actualit\u00e9.<\/strong><\/p>\n<p>Vous pourrez bien sur vous d\u00e9sabonner facilement et \u00e0 tout moment.<\/p>\n","protected":false},"excerpt":{"rendered":"<p>Inscrivez-vous \u00e0 notre Newsletter pour recevoir des offres exclusives, \u00eatre inform\u00e9 des nouveaut\u00e9s et de notre actualit\u00e9. Vous pourrez bien sur vous d\u00e9sabonner facilement et \u00e0 tout moment.<\/p>\n","protected":false},"author":9379,"featured_media":0,"parent":0,"menu_order":0,"comment_status":"closed","ping_status":"closed","template":"page-templates\/newsletter.php","meta":{"_acf_changed":false,"footnotes":""},"class_list":["post-126290","page","type-page","status-publish","hentry"],"acf":[],"_links":{"self":[{"href":"https:\/\/www.sylvie-monthule.com\/fr\/wp-json\/wp\/v2\/pages\/126290","targetHints":{"allow":["GET"]}}],"collection":[{"href":"https:\/\/www.sylvie-monthule.com\/fr\/wp-json\/wp\/v2\/pages"}],"about":[{"href":"https:\/\/www.sylvie-monthule.com\/fr\/wp-json\/wp\/v2\/types\/page"}],"author":[{"embeddable":true,"href":"https:\/\/www.sylvie-monthule.com\/fr\/wp-json\/wp\/v2\/users\/9379"}],"replies":[{"embeddable":true,"href":"https:\/\/www.sylvie-monthule.com\/fr\/wp-json\/wp\/v2\/comments?post=126290"}],"version-history":[{"count":2,"href":"https:\/\/www.sylvie-monthule.com\/fr\/wp-json\/wp\/v2\/pages\/126290\/revisions"}],"predecessor-version":[{"id":136756,"href":"https:\/\/www.sylvie-monthule.com\/fr\/wp-json\/wp\/v2\/pages\/126290\/revisions\/136756"}],"wp:attachment":[{"href":"https:\/\/www.sylvie-monthule.com\/fr\/wp-json\/wp\/v2\/media?parent=126290"}],"curies":[{"name":"wp","href":"https:\/\/api.w.org\/{rel}","templated":true}]}}