{"id":12238,"date":"2015-02-27T15:12:18","date_gmt":"2015-02-27T14:12:18","guid":{"rendered":"http:\/\/www.sylvie-monthule.com\/?page_id=12238"},"modified":"2026-04-29T12:10:12","modified_gmt":"2026-04-29T11:10:12","slug":"accueil","status":"publish","type":"page","link":"https:\/\/www.sylvie-monthule.com\/fr\/","title":{"rendered":"Accueil"},"content":{"rendered":"<div class=\"wp-block-image\">\n<figure class=\"aligncenter size-large is-resized\"><img loading=\"lazy\" decoding=\"async\" width=\"808\" height=\"1024\" src=\"https:\/\/www.sylvie-monthule.com\/wp-content\/uploads\/2026\/04\/offres-bijoux-intimes-printemps-sylvie-monthule-808x1024.jpg\" alt=\"\" class=\"wp-image-150813\" style=\"width:750px\" srcset=\"https:\/\/www.sylvie-monthule.com\/wp-content\/uploads\/2026\/04\/offres-bijoux-intimes-printemps-sylvie-monthule-808x1024.jpg 808w, https:\/\/www.sylvie-monthule.com\/wp-content\/uploads\/2026\/04\/offres-bijoux-intimes-printemps-sylvie-monthule-237x300.jpg 237w, https:\/\/www.sylvie-monthule.com\/wp-content\/uploads\/2026\/04\/offres-bijoux-intimes-printemps-sylvie-monthule-768x973.jpg 768w, https:\/\/www.sylvie-monthule.com\/wp-content\/uploads\/2026\/04\/offres-bijoux-intimes-printemps-sylvie-monthule-1213x1536.jpg 1213w, https:\/\/www.sylvie-monthule.com\/wp-content\/uploads\/2026\/04\/offres-bijoux-intimes-printemps-sylvie-monthule-600x760.jpg 600w, https:\/\/www.sylvie-monthule.com\/wp-content\/uploads\/2026\/04\/offres-bijoux-intimes-printemps-sylvie-monthule.jpg 1500w\" sizes=\"auto, (max-width: 808px) 100vw, 808px\" \/><\/figure><\/div>\n\n\n<h2 class=\"wp-block-heading has-text-align-center\">En mai le corps se d\u00e9voile !<br><\/h2>\n\n\n\n<p>Abandonnez-vous aux premiers rayons du soleil et aux caresses du d\u00e9sir\u00a0! D\u00e9voilez vos bijoux de corps\u2026 <strong>Avec votre code SYL426, profitez de 15% de remise* \u00e0 partir de 50\u20ac d\u2019achat, sur toute la boutique Sylvie Monthul\u00e9, jusqu\u2019au 31 mai<\/strong>. Osez les <a href=\"https:\/\/www.sylvie-monthule.com\/fr\/bijoux\/bijou-intime-femme\/\">bijoux pour Elle<\/a> : Strings, bijoux topless, bijoux clitoris et  sextoys, osez les <a href=\"https:\/\/www.sylvie-monthule.com\/fr\/bijoux\/bijoux-hommes\/\">parures non piercing pour Lui<\/a>\u2026 Succombez aux <a href=\"https:\/\/www.sylvie-monthule.com\/fr\/bijoux\/dessins\/\">dessins \u00e9rotiques<\/a> originaux ou aux \u0153uvres en tirage limit\u00e9 de la cr\u00e9atrice. <br>* Cette offre ne s&rsquo;applique pas aux bijoux d\u00e9j\u00e0 en promotion.<br><\/p>\n\n\n\n<hr class=\"wp-block-separator has-alpha-channel-opacity\"\/>\n\n\n<div class=\"wp-block-image\">\n<figure class=\"aligncenter size-large is-resized\"><img loading=\"lazy\" decoding=\"async\" width=\"808\" height=\"1024\" src=\"https:\/\/www.sylvie-monthule.com\/wp-content\/uploads\/2025\/11\/visuel-collection-best-of-page-acceuil-808x1024.jpg\" alt=\"collection bijoux intimes best of\" class=\"wp-image-148505\" style=\"width:750px\" srcset=\"https:\/\/www.sylvie-monthule.com\/wp-content\/uploads\/2025\/11\/visuel-collection-best-of-page-acceuil-808x1024.jpg 808w, https:\/\/www.sylvie-monthule.com\/wp-content\/uploads\/2025\/11\/visuel-collection-best-of-page-acceuil-237x300.jpg 237w, https:\/\/www.sylvie-monthule.com\/wp-content\/uploads\/2025\/11\/visuel-collection-best-of-page-acceuil-768x973.jpg 768w, https:\/\/www.sylvie-monthule.com\/wp-content\/uploads\/2025\/11\/visuel-collection-best-of-page-acceuil-1213x1536.jpg 1213w, https:\/\/www.sylvie-monthule.com\/wp-content\/uploads\/2025\/11\/visuel-collection-best-of-page-acceuil-600x760.jpg 600w, https:\/\/www.sylvie-monthule.com\/wp-content\/uploads\/2025\/11\/visuel-collection-best-of-page-acceuil.jpg 1500w\" sizes=\"auto, (max-width: 808px) 100vw, 808px\" \/><\/figure><\/div>\n\n\n<h2 class=\"wp-block-heading has-text-align-center\">La collection bijoux best-of<br><\/h2>\n\n\n\n<p>Sylvie Monthul\u00e9 vous propose de d\u00e9couvrir sa <a href=\"https:\/\/www.sylvie-monthule.com\/fr\/collection\/30-ans-derotisme\/\">collection de bijoux best-of<\/a> . 30 bijoux sensuels, torrides, uniques . 30 bijoux pour aimer.<\/p>\n\n\n\n<hr class=\"wp-block-separator has-alpha-channel-opacity\"\/>\n\n\n<div class=\"wp-block-image\">\n<figure class=\"aligncenter size-large is-resized\"><img loading=\"lazy\" decoding=\"async\" width=\"808\" height=\"1024\" src=\"https:\/\/www.sylvie-monthule.com\/wp-content\/uploads\/2025\/10\/dessins-et-peintures-erotiques-de-sylvie-monthule-808x1024.jpg\" alt=\"offrir une oeuvre d'art \u00e9rotique unique\" class=\"wp-image-147502\" style=\"width:750px\" srcset=\"https:\/\/www.sylvie-monthule.com\/wp-content\/uploads\/2025\/10\/dessins-et-peintures-erotiques-de-sylvie-monthule-808x1024.jpg 808w, https:\/\/www.sylvie-monthule.com\/wp-content\/uploads\/2025\/10\/dessins-et-peintures-erotiques-de-sylvie-monthule-237x300.jpg 237w, https:\/\/www.sylvie-monthule.com\/wp-content\/uploads\/2025\/10\/dessins-et-peintures-erotiques-de-sylvie-monthule-768x973.jpg 768w, https:\/\/www.sylvie-monthule.com\/wp-content\/uploads\/2025\/10\/dessins-et-peintures-erotiques-de-sylvie-monthule-1213x1536.jpg 1213w, https:\/\/www.sylvie-monthule.com\/wp-content\/uploads\/2025\/10\/dessins-et-peintures-erotiques-de-sylvie-monthule-600x760.jpg 600w, https:\/\/www.sylvie-monthule.com\/wp-content\/uploads\/2025\/10\/dessins-et-peintures-erotiques-de-sylvie-monthule.jpg 1500w\" sizes=\"auto, (max-width: 808px) 100vw, 808px\" \/><\/figure><\/div>\n\n\n<h2 class=\"wp-block-heading has-text-align-center\">Les dessins \u00e9rotiques<\/h2>\n\n\n\n<p>En avant premi\u00e8re, Sylvie Monthul\u00e9 d\u00e9voile ses <a href=\"https:\/\/www.sylvie-monthule.com\/fr\/bijoux\/dessins\/\">dessins<\/a> et <a href=\"https:\/\/www.sylvie-monthule.com\/fr\/bijoux\/peintures-huile\/\">peintures<\/a>. Des \u0153uvres originales ou en tirage limit\u00e9 pour sublimer votre int\u00e9rieur.<\/p>\n\n\n\n<hr class=\"wp-block-separator has-alpha-channel-opacity\"\/>\n\n\n<div class=\"wp-block-image\">\n<figure class=\"aligncenter size-large is-resized\"><img loading=\"lazy\" decoding=\"async\" width=\"1024\" height=\"1024\" src=\"https:\/\/www.sylvie-monthule.com\/wp-content\/uploads\/2022\/11\/st205-d-string-queue-de-sirene-argent-bleu-1024x1024.jpg\" alt=\"creation-string-queue-sirene-argent-bleu\" class=\"wp-image-129620\" style=\"object-fit:cover;width:750px;height:undefinedpx\" srcset=\"https:\/\/www.sylvie-monthule.com\/wp-content\/uploads\/2022\/11\/st205-d-string-queue-de-sirene-argent-bleu-1024x1024.jpg 1024w, https:\/\/www.sylvie-monthule.com\/wp-content\/uploads\/2022\/11\/st205-d-string-queue-de-sirene-argent-bleu-300x300.jpg 300w, https:\/\/www.sylvie-monthule.com\/wp-content\/uploads\/2022\/11\/st205-d-string-queue-de-sirene-argent-bleu-150x150.jpg 150w, https:\/\/www.sylvie-monthule.com\/wp-content\/uploads\/2022\/11\/st205-d-string-queue-de-sirene-argent-bleu-768x768.jpg 768w, https:\/\/www.sylvie-monthule.com\/wp-content\/uploads\/2022\/11\/st205-d-string-queue-de-sirene-argent-bleu-1536x1536.jpg 1536w, https:\/\/www.sylvie-monthule.com\/wp-content\/uploads\/2022\/11\/st205-d-string-queue-de-sirene-argent-bleu-600x600.jpg 600w, https:\/\/www.sylvie-monthule.com\/wp-content\/uploads\/2022\/11\/st205-d-string-queue-de-sirene-argent-bleu-100x100.jpg 100w, https:\/\/www.sylvie-monthule.com\/wp-content\/uploads\/2022\/11\/st205-d-string-queue-de-sirene-argent-bleu.jpg 1700w\" sizes=\"auto, (max-width: 1024px) 100vw, 1024px\" \/><\/figure><\/div>\n\n\n<h2 class=\"wp-block-heading has-text-align-center\">Chaque string bijou est une histoire \u00e9rotique<\/h2>\n\n\n\n<p>Chaque bijou de pubis est un rendez-vous avec la sensualit\u00e9, le vertige. Chaque <a href=\"https:\/\/www.sylvie-monthule.com\/fr\/bijoux\/bijou-intime-femme\/strings-bijoux\/\">string bijou<\/a> est une rencontre avec l&rsquo;amour et la volupt\u00e9.<\/p>\n\n\n\n<hr class=\"wp-block-separator has-css-opacity\"\/>\n\n\n<div class=\"wp-block-image\">\n<figure class=\"aligncenter size-large is-resized\"><img loading=\"lazy\" decoding=\"async\" width=\"1024\" height=\"1024\" src=\"https:\/\/www.sylvie-monthule.com\/wp-content\/uploads\/2023\/11\/cos113-a-collier-seins-jardin-secret-argent-1024x1024.jpg\" alt=\"\" class=\"wp-image-135531\" style=\"object-fit:cover;width:750px;height:undefinedpx\" srcset=\"https:\/\/www.sylvie-monthule.com\/wp-content\/uploads\/2023\/11\/cos113-a-collier-seins-jardin-secret-argent-1024x1024.jpg 1024w, https:\/\/www.sylvie-monthule.com\/wp-content\/uploads\/2023\/11\/cos113-a-collier-seins-jardin-secret-argent-300x300.jpg 300w, https:\/\/www.sylvie-monthule.com\/wp-content\/uploads\/2023\/11\/cos113-a-collier-seins-jardin-secret-argent-150x150.jpg 150w, https:\/\/www.sylvie-monthule.com\/wp-content\/uploads\/2023\/11\/cos113-a-collier-seins-jardin-secret-argent-768x768.jpg 768w, https:\/\/www.sylvie-monthule.com\/wp-content\/uploads\/2023\/11\/cos113-a-collier-seins-jardin-secret-argent-1536x1536.jpg 1536w, https:\/\/www.sylvie-monthule.com\/wp-content\/uploads\/2023\/11\/cos113-a-collier-seins-jardin-secret-argent-600x600.jpg 600w, https:\/\/www.sylvie-monthule.com\/wp-content\/uploads\/2023\/11\/cos113-a-collier-seins-jardin-secret-argent-100x100.jpg 100w, https:\/\/www.sylvie-monthule.com\/wp-content\/uploads\/2023\/11\/cos113-a-collier-seins-jardin-secret-argent.jpg 1700w\" sizes=\"auto, (max-width: 1024px) 100vw, 1024px\" \/><\/figure><\/div>\n\n\n<h2 class=\"wp-block-heading has-text-align-center\">Chaque bijou ornant les seins est un jeu de caresses <\/h2>\n\n\n\n<p>Sous les chemisiers transparents, des tr\u00e9sors se d\u00e9voilent comme des \u00e9clats de sensualit\u00e9. Les colliers de seins et <a href=\"https:\/\/www.sylvie-monthule.com\/fr\/bijoux\/bijou-intime-femme\/bijoux-seins-non-piercing\/\">bijoux de t\u00e9tons<\/a> sont des provocations sublimes \u00e0 l&rsquo;amour&#8230;   <\/p>\n\n\n\n<hr class=\"wp-block-separator has-css-opacity\"\/>\n\n\n<div class=\"wp-block-image\">\n<figure class=\"aligncenter size-large is-resized\"><img loading=\"lazy\" decoding=\"async\" width=\"1024\" height=\"1024\" src=\"https:\/\/www.sylvie-monthule.com\/wp-content\/uploads\/2018\/11\/clt14-c-bijou-excite-clitoris-or-1024x1024.jpg\" alt=\"bijou-stimulation-clito-or-bleu\" class=\"wp-image-64232\" style=\"object-fit:cover;width:750px;height:undefinedpx\" srcset=\"https:\/\/www.sylvie-monthule.com\/wp-content\/uploads\/2018\/11\/clt14-c-bijou-excite-clitoris-or-1024x1024.jpg 1024w, https:\/\/www.sylvie-monthule.com\/wp-content\/uploads\/2018\/11\/clt14-c-bijou-excite-clitoris-or-150x150.jpg 150w, https:\/\/www.sylvie-monthule.com\/wp-content\/uploads\/2018\/11\/clt14-c-bijou-excite-clitoris-or-300x300.jpg 300w, https:\/\/www.sylvie-monthule.com\/wp-content\/uploads\/2018\/11\/clt14-c-bijou-excite-clitoris-or-768x768.jpg 768w, https:\/\/www.sylvie-monthule.com\/wp-content\/uploads\/2018\/11\/clt14-c-bijou-excite-clitoris-or-180x180.jpg 180w, https:\/\/www.sylvie-monthule.com\/wp-content\/uploads\/2018\/11\/clt14-c-bijou-excite-clitoris-or-600x600.jpg 600w, https:\/\/www.sylvie-monthule.com\/wp-content\/uploads\/2018\/11\/clt14-c-bijou-excite-clitoris-or.jpg 1701w\" sizes=\"auto, (max-width: 1024px) 100vw, 1024px\" \/><\/figure><\/div>\n\n\n<h2 class=\"wp-block-heading has-text-align-center\">Chaque bijou clitoris est un appel \u00e0 la jouissance<\/h2>\n\n\n\n<p>Les <a href=\"https:\/\/www.sylvie-monthule.com\/fr\/bijoux\/bijou-intime-femme\/bijoux-clitoris\/\">bijoux clitoris<\/a> ont \u00e9t\u00e9 cr\u00e9\u00e9s pour le plaisir. D\u00e9licieux, raffin\u00e9s, ils vous invitent \u00e0 voyager, \u00e0 faire chavirer le corps, encore et encore&#8230;<\/p>\n\n\n\n<hr class=\"wp-block-separator has-css-opacity\"\/>\n\n\n<div class=\"wp-block-image\">\n<figure class=\"aligncenter size-large is-resized\"><a href=\"https:\/\/www.sylvie-monthule.com\/fr\/bijoux\/bijoux-hommes\/bijoux-intimes-sexe\/\"><img loading=\"lazy\" decoding=\"async\" width=\"1024\" height=\"1024\" src=\"https:\/\/www.sylvie-monthule.com\/wp-content\/uploads\/2020\/11\/bh159-b-bijou-testicules-cobra-sacre-argent-1024x1024.jpg\" alt=\"bijou-penis-testicules-argent\" class=\"wp-image-99248\" style=\"width:768px;height:undefinedpx\" srcset=\"https:\/\/www.sylvie-monthule.com\/wp-content\/uploads\/2020\/11\/bh159-b-bijou-testicules-cobra-sacre-argent-1024x1024.jpg 1024w, https:\/\/www.sylvie-monthule.com\/wp-content\/uploads\/2020\/11\/bh159-b-bijou-testicules-cobra-sacre-argent-150x150.jpg 150w, https:\/\/www.sylvie-monthule.com\/wp-content\/uploads\/2020\/11\/bh159-b-bijou-testicules-cobra-sacre-argent-300x300.jpg 300w, https:\/\/www.sylvie-monthule.com\/wp-content\/uploads\/2020\/11\/bh159-b-bijou-testicules-cobra-sacre-argent-768x768.jpg 768w, https:\/\/www.sylvie-monthule.com\/wp-content\/uploads\/2020\/11\/bh159-b-bijou-testicules-cobra-sacre-argent-180x180.jpg 180w, https:\/\/www.sylvie-monthule.com\/wp-content\/uploads\/2020\/11\/bh159-b-bijou-testicules-cobra-sacre-argent-600x600.jpg 600w, https:\/\/www.sylvie-monthule.com\/wp-content\/uploads\/2020\/11\/bh159-b-bijou-testicules-cobra-sacre-argent.jpg 1700w\" sizes=\"auto, (max-width: 1024px) 100vw, 1024px\" \/><\/a><\/figure><\/div>\n\n\n<h2 class=\"wp-block-heading has-text-align-center\">Chaque bijou de p\u00e9nis est une \u00e9treinte<\/h2>\n\n\n\n<p>Les <a href=\"https:\/\/www.sylvie-monthule.com\/fr\/bijoux\/bijoux-hommes\/bijoux-intimes-sexe\/\">bijoux pour p\u00e9nis<\/a> provoquent des sensations intenses : \u00e9treintes, caresses, fr\u00f4lements&#8230; Alliances intimes, bracelets sexe, chaines ou bijoux glands invitent aux jeux coquins !<\/p>\n\n\n\n<hr class=\"wp-block-separator has-css-opacity\"\/>\n\n\n<div class=\"wp-block-image\">\n<figure class=\"aligncenter size-large is-resized\"><img loading=\"lazy\" decoding=\"async\" width=\"1024\" height=\"1024\" src=\"https:\/\/www.sylvie-monthule.com\/wp-content\/uploads\/2018\/11\/st174-a-string-penetrant-extase-intime-or-1024x1024.jpg\" alt=\"sextoy-bijou-or-bleu-femme\" class=\"wp-image-64516\" style=\"width:750px;height:undefinedpx\" srcset=\"https:\/\/www.sylvie-monthule.com\/wp-content\/uploads\/2018\/11\/st174-a-string-penetrant-extase-intime-or-1024x1024.jpg 1024w, https:\/\/www.sylvie-monthule.com\/wp-content\/uploads\/2018\/11\/st174-a-string-penetrant-extase-intime-or-150x150.jpg 150w, https:\/\/www.sylvie-monthule.com\/wp-content\/uploads\/2018\/11\/st174-a-string-penetrant-extase-intime-or-300x300.jpg 300w, https:\/\/www.sylvie-monthule.com\/wp-content\/uploads\/2018\/11\/st174-a-string-penetrant-extase-intime-or-768x768.jpg 768w, https:\/\/www.sylvie-monthule.com\/wp-content\/uploads\/2018\/11\/st174-a-string-penetrant-extase-intime-or-180x180.jpg 180w, https:\/\/www.sylvie-monthule.com\/wp-content\/uploads\/2018\/11\/st174-a-string-penetrant-extase-intime-or-600x600.jpg 600w, https:\/\/www.sylvie-monthule.com\/wp-content\/uploads\/2018\/11\/st174-a-string-penetrant-extase-intime-or.jpg 1701w\" sizes=\"auto, (max-width: 1024px) 100vw, 1024px\" \/><\/figure><\/div>\n\n\n<h2 class=\"wp-block-heading has-text-align-center\">Chaque bijou p\u00e9n\u00e9trant est un objet de plaisir<\/h2>\n\n\n\n<p>Les <a href=\"https:\/\/www.sylvie-monthule.com\/fr\/bijoux\/bijou-intime-femme\/bijoux-penetrants-femme\/\">bijoux sexuels<\/a> sont d&rsquo;un raffinement extr\u00eame. Ils se lovent secr\u00e8tement en vous et vous submergent de plaisir. Les nouveaux string coquillage d\u00e9sir p\u00e9n\u00e9trant pour Elle sont de v\u00e9ritables merveilles&#8230; Les bijoux d&rsquo;anus pour Lui, des cr\u00e9ations exquises !<\/p>\n\n\n\n<hr class=\"wp-block-separator has-css-opacity\"\/>\n\n\n<div id=\"sm-images-block_232f1f5fec9303a4ef479cc83033f47b\" class=\"block-images\">\n                                <div class=\"item\">\n                <div class=\"pad\">\n                                                                        <a href=\"https:\/\/www.sylvie-monthule.com\/fr\/bijou\/string-le-baiser-disis-or\/\">\n                                <img decoding=\"async\" src=\"https:\/\/www.sylvie-monthule.com\/wp-content\/uploads\/2020\/11\/st184-720p-thumb.jpg\" alt=\"\" \/>\n                            <\/a>\n                                                            <\/div>\n            <\/div>\n                            <div class=\"item\">\n                <div class=\"pad\">\n                                                                        <a href=\"https:\/\/www.sylvie-monthule.com\/fr\/bijou\/string-bijou-cobra-plaisir-sacre-argent\/\">\n                                <img decoding=\"async\" src=\"https:\/\/www.sylvie-monthule.com\/wp-content\/uploads\/2020\/11\/st189-720p-thumb.jpg\" alt=\"\" \/>\n                            <\/a>\n                                                            <\/div>\n            <\/div>\n                            <div class=\"item\">\n                <div class=\"pad\">\n                                                                        <a href=\"https:\/\/www.sylvie-monthule.com\/fr\/bijou\/chaine-taille-reins-le-souffle-disis-argent\/\">\n                                <img decoding=\"async\" src=\"https:\/\/www.sylvie-monthule.com\/wp-content\/uploads\/2020\/11\/cht145-720p-thumb.jpg\" alt=\"\" \/>\n                            <\/a>\n                                                            <\/div>\n            <\/div>\n            <\/div>\n\n\n<h2 class=\"wp-block-heading has-text-align-center\">DECOUVRIR NOS BIJOUX DE CORPS EN VIDEOS<\/h2>\n\n\n\n<p><strong>Les bijoux sont si sensuels quand ils respirent sur la peau<\/strong>, la caressent, la chavirent, avant de prendre possession de vos d\u00e9sirs et vous enivrer de beaut\u00e9 et d&rsquo;\u00e9motions. Les Strings bijoux \u00ab\u00a0le baiser d&rsquo;Isis\u00a0\u00bb et \u00ab\u00a0Cobra plaisir Sacr\u00e9\u00a0\u00bb sont des temp\u00eates de volupt\u00e9 au coeur de vos courbes, des apparitions sublimes d&rsquo;un \u00e9rotisme infini.<\/p>\n\n\n\n<p class=\"has-text-align-center\"><strong>Succombez \u00e0 des bijoux sexuels uniques&#8230;<\/strong><\/p>\n\n\n<div id=\"sm-images-block_ce600e0eedcf6e2ce56f805cd77e9455\" class=\"block-images\">\n                                <div class=\"item\">\n                <div class=\"pad\">\n                                                                        <a href=\"https:\/\/www.sylvie-monthule.com\/fr\/bijou\/bijou-excite-clitoris-or\/\">\n                                <img decoding=\"async\" src=\"https:\/\/www.sylvie-monthule.com\/wp-content\/uploads\/2019\/11\/clt14-720p-thumb.jpg\" alt=\"\" \/>\n                            <\/a>\n                                                            <\/div>\n            <\/div>\n                            <div class=\"item\">\n                <div class=\"pad\">\n                                                                        <a href=\"https:\/\/www.sylvie-monthule.com\/fr\/bijou\/string-bijou-caresse-secrete-or\/\">\n                                <img decoding=\"async\" src=\"https:\/\/www.sylvie-monthule.com\/wp-content\/uploads\/2019\/11\/st182-720p-thumb.jpg\" alt=\"\" \/>\n                            <\/a>\n                                                            <\/div>\n            <\/div>\n                            <div class=\"item\">\n                <div class=\"pad\">\n                                                                        <a href=\"https:\/\/www.sylvie-monthule.com\/fr\/bijou\/string-bijou-papillons-vertige-des-sens-argent\/\">\n                                <img decoding=\"async\" src=\"https:\/\/www.sylvie-monthule.com\/wp-content\/uploads\/2019\/11\/st181-720p-thumb.jpg\" alt=\"\" \/>\n                            <\/a>\n                                                            <\/div>\n            <\/div>\n            <\/div>\n\n\n<p class=\"has-text-align-center\">&nbsp; &nbsp;&nbsp; &nbsp;<\/p>\n\n\n\n<p class=\"has-text-align-left\"><strong><span style=\"color: #000000;\">Bienvenue dans la boutique de Sylvie Monthul\u00e9, pour y effectuer vos achats en toute s\u00e9curit\u00e9. Tous nos bijoux sont fabriqu\u00e9s&nbsp;en France.<\/span><\/strong> <strong><span style=\"color: #ff00ff;\">Vos commandes sont exp\u00e9di\u00e9es en 24 ou 72 heures (except\u00e9 durant les cong\u00e9s d&rsquo;\u00e9t\u00e9) dans le monde entier, en Colissimo, en Relais Pickup ou en Express&nbsp;<\/span><\/strong><strong><span style=\"color: #ff00ff;\">suivant le pays de destination.<\/span><\/strong><\/p>\n","protected":false},"excerpt":{"rendered":"<p>En mai le corps se d\u00e9voile ! Abandonnez-vous aux premiers rayons du soleil et aux caresses du d\u00e9sir\u00a0! D\u00e9voilez vos bijoux de corps\u2026 Avec votre code SYL426, profitez de 15% de remise* \u00e0 partir de 50\u20ac d\u2019achat, sur toute la boutique Sylvie Monthul\u00e9, jusqu\u2019au 31 mai. Osez les bijoux pour Elle : Strings, bijoux topless, [&hellip;]<\/p>\n","protected":false},"author":9379,"featured_media":0,"parent":0,"menu_order":0,"comment_status":"closed","ping_status":"closed","template":"","meta":{"_acf_changed":false,"footnotes":""},"class_list":["post-12238","page","type-page","status-publish","hentry"],"acf":[],"_links":{"self":[{"href":"https:\/\/www.sylvie-monthule.com\/fr\/wp-json\/wp\/v2\/pages\/12238","targetHints":{"allow":["GET"]}}],"collection":[{"href":"https:\/\/www.sylvie-monthule.com\/fr\/wp-json\/wp\/v2\/pages"}],"about":[{"href":"https:\/\/www.sylvie-monthule.com\/fr\/wp-json\/wp\/v2\/types\/page"}],"author":[{"embeddable":true,"href":"https:\/\/www.sylvie-monthule.com\/fr\/wp-json\/wp\/v2\/users\/9379"}],"replies":[{"embeddable":true,"href":"https:\/\/www.sylvie-monthule.com\/fr\/wp-json\/wp\/v2\/comments?post=12238"}],"version-history":[{"count":1641,"href":"https:\/\/www.sylvie-monthule.com\/fr\/wp-json\/wp\/v2\/pages\/12238\/revisions"}],"predecessor-version":[{"id":150824,"href":"https:\/\/www.sylvie-monthule.com\/fr\/wp-json\/wp\/v2\/pages\/12238\/revisions\/150824"}],"wp:attachment":[{"href":"https:\/\/www.sylvie-monthule.com\/fr\/wp-json\/wp\/v2\/media?parent=12238"}],"curies":[{"name":"wp","href":"https:\/\/api.w.org\/{rel}","templated":true}]}}