{"id":99992,"date":"2020-11-08T10:28:31","date_gmt":"2020-11-07T10:28:31","guid":{"rendered":"https:\/\/www.sylvie-monthule.com\/?post_type=product&#038;p=99992\/"},"modified":"2025-02-17T08:47:21","modified_gmt":"2025-02-17T07:47:21","slug":"collar-de-pecho-jeroglifico-de-amor-plata","status":"publish","type":"product","link":"https:\/\/www.sylvie-monthule.com\/es\/joya\/collar-de-pecho-jeroglifico-de-amor-plata\/","title":{"rendered":"Collar de pecho \u00abJerogl\u00edfico de Amor\u00bb Plata"},"content":{"rendered":"<p style=\"text-align: justify;\">Un jerogl\u00edfico encantador adornar\u00e1 su escote, como un mensaje secreto, unas palabras de amor. Bajo la tela, r\u00edos de plata acariciar\u00e1n su pecho, siguiendo la curva de sus senos. Colgando de sus pezones sublime e inquietante, los plateados ojos de Horus temblar\u00e1n sus perlas sobre la suave piel! Una magn\u00edfica joya de pechos.<\/p>\n","protected":false},"excerpt":{"rendered":"<p>Gracias a la cadena de ajuste del cuello,<br \/>\nusted podr\u00e1 ajustar como m\u00e1s guste su collar de senos.<br \/>\nCordones mamarios deslizantes, indoloros y<br \/>\nno perforantes, adaptables a todos<br \/>\nlos di\u00e1metros de pezones<\/p>\n<p>Chapado en plata de 10 micras sobre metal.<br \/>\nPiedras Hematita. Hipoalerg\u00e9nico.<\/p>\n","protected":false},"featured_media":99620,"template":"","meta":{"_acf_changed":false},"product_brand":[],"product_cat":[90,95],"product_tag":[],"class_list":{"0":"post-99992","1":"product","2":"type-product","3":"status-publish","4":"has-post-thumbnail","6":"product_cat-joyerias-mujeres","7":"product_cat-joyerias-pechos-sin-piercing","8":"collection-el-soplido-del-placer","10":"first","11":"instock","12":"taxable","13":"shipping-taxable","14":"purchasable","15":"product-type-simple"},"acf":[],"_links":{"self":[{"href":"https:\/\/www.sylvie-monthule.com\/es\/wp-json\/wp\/v2\/product\/99992","targetHints":{"allow":["GET"]}}],"collection":[{"href":"https:\/\/www.sylvie-monthule.com\/es\/wp-json\/wp\/v2\/product"}],"about":[{"href":"https:\/\/www.sylvie-monthule.com\/es\/wp-json\/wp\/v2\/types\/product"}],"wp:featuredmedia":[{"embeddable":true,"href":"https:\/\/www.sylvie-monthule.com\/es\/wp-json\/wp\/v2\/media\/99620"}],"wp:attachment":[{"href":"https:\/\/www.sylvie-monthule.com\/es\/wp-json\/wp\/v2\/media?parent=99992"}],"wp:term":[{"taxonomy":"product_brand","embeddable":true,"href":"https:\/\/www.sylvie-monthule.com\/es\/wp-json\/wp\/v2\/product_brand?post=99992"},{"taxonomy":"product_cat","embeddable":true,"href":"https:\/\/www.sylvie-monthule.com\/es\/wp-json\/wp\/v2\/product_cat?post=99992"},{"taxonomy":"product_tag","embeddable":true,"href":"https:\/\/www.sylvie-monthule.com\/es\/wp-json\/wp\/v2\/product_tag?post=99992"}],"curies":[{"name":"wp","href":"https:\/\/api.w.org\/{rel}","templated":true}]}}