{"id":99973,"date":"2020-11-08T10:28:37","date_gmt":"2020-11-07T10:28:37","guid":{"rendered":"https:\/\/www.sylvie-monthule.com\/?post_type=product&#038;p=99973\/"},"modified":"2025-02-27T14:26:42","modified_gmt":"2025-02-27T13:26:42","slug":"colgante-escarabajo-oro","status":"publish","type":"product","link":"https:\/\/www.sylvie-monthule.com\/es\/joya\/colgante-escarabajo-oro\/","title":{"rendered":"Colgante \u00abEscarabajo\u00bb Oro"},"content":{"rendered":"<p style=\"text-align: justify;\">Un colgante de escarabajo adornar\u00e1 su cuello. En dorado y negro, llamar\u00e1 la atenci\u00f3n y sublimar\u00e1 su belleza &#8230;<\/p>\n","protected":false},"excerpt":{"rendered":"<p>Colgante en cadena de 50 cm (aprox)<br \/>\nDorado de alta calidad con 1 micra de 16 quilates<br \/>\ny acabado de 24 quilates sobre metal.<br \/>\nEsmalte negro. Hipoalerg\u00e9nico<\/p>\n","protected":false},"featured_media":99692,"template":"","meta":{"_acf_changed":false},"product_brand":[],"product_cat":[90,100],"product_tag":[],"class_list":{"0":"post-99973","1":"product","2":"type-product","3":"status-publish","4":"has-post-thumbnail","6":"product_cat-joyerias-mujeres","7":"product_cat-colgante-y-pendiente","8":"collection-el-soplido-del-placer","10":"first","11":"instock","12":"taxable","13":"shipping-taxable","14":"purchasable","15":"product-type-simple"},"acf":[],"_links":{"self":[{"href":"https:\/\/www.sylvie-monthule.com\/es\/wp-json\/wp\/v2\/product\/99973","targetHints":{"allow":["GET"]}}],"collection":[{"href":"https:\/\/www.sylvie-monthule.com\/es\/wp-json\/wp\/v2\/product"}],"about":[{"href":"https:\/\/www.sylvie-monthule.com\/es\/wp-json\/wp\/v2\/types\/product"}],"wp:featuredmedia":[{"embeddable":true,"href":"https:\/\/www.sylvie-monthule.com\/es\/wp-json\/wp\/v2\/media\/99692"}],"wp:attachment":[{"href":"https:\/\/www.sylvie-monthule.com\/es\/wp-json\/wp\/v2\/media?parent=99973"}],"wp:term":[{"taxonomy":"product_brand","embeddable":true,"href":"https:\/\/www.sylvie-monthule.com\/es\/wp-json\/wp\/v2\/product_brand?post=99973"},{"taxonomy":"product_cat","embeddable":true,"href":"https:\/\/www.sylvie-monthule.com\/es\/wp-json\/wp\/v2\/product_cat?post=99973"},{"taxonomy":"product_tag","embeddable":true,"href":"https:\/\/www.sylvie-monthule.com\/es\/wp-json\/wp\/v2\/product_tag?post=99973"}],"curies":[{"name":"wp","href":"https:\/\/api.w.org\/{rel}","templated":true}]}}