{"id":99961,"date":"2020-11-08T10:28:41","date_gmt":"2020-11-07T10:28:41","guid":{"rendered":"https:\/\/www.sylvie-monthule.com\/?post_type=product&#038;p=99961\/"},"modified":"2025-02-17T08:46:48","modified_gmt":"2025-02-17T07:46:48","slug":"joya-tanga-cobra-placer-sagrado-oro","status":"publish","type":"product","link":"https:\/\/www.sylvie-monthule.com\/es\/joya\/joya-tanga-cobra-placer-sagrado-oro\/","title":{"rendered":"Joya Tanga \u00abCobra Placer Sagrado\u00bb Oro"},"content":{"rendered":"<p style=\"text-align: justify;\">Una joya cobra negra y dorada se erige en su pubis! Admirar\u00e1 su belleza sus detalles, su suavidad. Su arco es tan delicioso en la piel. Bajo la serpiente las cadenas de oro pasan a cada lado de su sexo desnudo como un r\u00edo sagrado. Sus dedos invitan a veces el colgante de bolas llenas a acariciar sus secretos, por encima, por debajo, por dentro &#8230; Las hematitas se deslizar\u00e1n entre sus labios, acariciar\u00e1n su cl\u00edtoris, encender\u00e1n todo su sexo &#8230; \u00a1Una joya tanga cobra de sublime erotismo!<\/p>\n","protected":false},"excerpt":{"rendered":"<p>Gracias a sus suaves el\u00e1sticos de algod\u00f3n,<br \/>\nusted podr\u00e1 colocar la joya cobra a la perfecci\u00f3n.<\/p>\n<p>Dorado de alta calidad con 1 micra de 16 quilates<br \/>\ny acabado de 24 quilates sobre metal. Esmalte negro.<br \/>\nColgante extra\u00edble con bolas de hematita.<br \/>\nHipoalerg\u00e9nico.<\/p>\n","protected":false},"featured_media":99816,"template":"","meta":{"_acf_changed":false},"product_brand":[],"product_cat":[90,91,94],"product_tag":[],"class_list":{"0":"post-99961","1":"product","2":"type-product","3":"status-publish","4":"has-post-thumbnail","6":"product_cat-joyerias-mujeres","7":"product_cat-joyerias-tanga","8":"product_cat-joyerias-penetrantes","9":"collection-el-soplido-del-placer","10":"product_option-informacion-tallas","12":"first","13":"instock","14":"taxable","15":"shipping-taxable","16":"purchasable","17":"product-type-simple"},"acf":[],"_links":{"self":[{"href":"https:\/\/www.sylvie-monthule.com\/es\/wp-json\/wp\/v2\/product\/99961","targetHints":{"allow":["GET"]}}],"collection":[{"href":"https:\/\/www.sylvie-monthule.com\/es\/wp-json\/wp\/v2\/product"}],"about":[{"href":"https:\/\/www.sylvie-monthule.com\/es\/wp-json\/wp\/v2\/types\/product"}],"wp:featuredmedia":[{"embeddable":true,"href":"https:\/\/www.sylvie-monthule.com\/es\/wp-json\/wp\/v2\/media\/99816"}],"wp:attachment":[{"href":"https:\/\/www.sylvie-monthule.com\/es\/wp-json\/wp\/v2\/media?parent=99961"}],"wp:term":[{"taxonomy":"product_brand","embeddable":true,"href":"https:\/\/www.sylvie-monthule.com\/es\/wp-json\/wp\/v2\/product_brand?post=99961"},{"taxonomy":"product_cat","embeddable":true,"href":"https:\/\/www.sylvie-monthule.com\/es\/wp-json\/wp\/v2\/product_cat?post=99961"},{"taxonomy":"product_tag","embeddable":true,"href":"https:\/\/www.sylvie-monthule.com\/es\/wp-json\/wp\/v2\/product_tag?post=99961"}],"curies":[{"name":"wp","href":"https:\/\/api.w.org\/{rel}","templated":true}]}}