{"id":99958,"date":"2020-11-08T10:28:42","date_gmt":"2020-11-07T10:28:42","guid":{"rendered":"https:\/\/www.sylvie-monthule.com\/?post_type=product&#038;p=99958\/"},"modified":"2025-02-17T08:46:47","modified_gmt":"2025-02-17T07:46:47","slug":"joya-tanga-cobra-placer-sagrado-plata","status":"publish","type":"product","link":"https:\/\/www.sylvie-monthule.com\/es\/joya\/joya-tanga-cobra-placer-sagrado-plata\/","title":{"rendered":"Joya Tanga \u00abCobra Placer Sagrado\u00bb Plata"},"content":{"rendered":"<p style=\"text-align: justify;\">Una joya cobra negra y plateada se erige en su pubis! Admirar\u00e1 su belleza, sus detalles, su suavidad. Su arco es tan delicioso en la piel. Debajo de la serpiente pasar\u00e1n las cadenas a cada lado de su sexo desnudo como un r\u00edo sagrado. Sus dedos a veces invitar\u00e1n el colgante de bolas llenas para acariciar sus secretos, arriba, abajo, adentro &#8230; Los hematites se deslizan entre sus labios, consiente su cl\u00edtoris, enciende todo su sexo &#8230; \u00a1Una joya de cobra tanga de sublime erotismo!<\/p>\n","protected":false},"excerpt":{"rendered":"<p>Gracias a sus suaves el\u00e1sticos de algod\u00f3n,<br \/>\nusted podr\u00e1 colocar la joya cobra a la perfecci\u00f3n.<\/p>\n<p>Chapado en plata de 10 micras sobre metal.<br \/>\nEsmalte negro. Colgante extra\u00edble con bolas<br \/>\nhematitas. Hipoalerg\u00e9nico.<\/p>\n","protected":false},"featured_media":99844,"template":"","meta":{"_acf_changed":false},"product_brand":[],"product_cat":[90,91,94],"product_tag":[],"class_list":{"0":"post-99958","1":"product","2":"type-product","3":"status-publish","4":"has-post-thumbnail","6":"product_cat-joyerias-mujeres","7":"product_cat-joyerias-tanga","8":"product_cat-joyerias-penetrantes","9":"collection-30-anos-de-erotismo","10":"collection-el-soplido-del-placer","11":"product_option-informacion-tallas","13":"first","14":"instock","15":"taxable","16":"shipping-taxable","17":"purchasable","18":"product-type-simple"},"acf":[],"_links":{"self":[{"href":"https:\/\/www.sylvie-monthule.com\/es\/wp-json\/wp\/v2\/product\/99958","targetHints":{"allow":["GET"]}}],"collection":[{"href":"https:\/\/www.sylvie-monthule.com\/es\/wp-json\/wp\/v2\/product"}],"about":[{"href":"https:\/\/www.sylvie-monthule.com\/es\/wp-json\/wp\/v2\/types\/product"}],"wp:featuredmedia":[{"embeddable":true,"href":"https:\/\/www.sylvie-monthule.com\/es\/wp-json\/wp\/v2\/media\/99844"}],"wp:attachment":[{"href":"https:\/\/www.sylvie-monthule.com\/es\/wp-json\/wp\/v2\/media?parent=99958"}],"wp:term":[{"taxonomy":"product_brand","embeddable":true,"href":"https:\/\/www.sylvie-monthule.com\/es\/wp-json\/wp\/v2\/product_brand?post=99958"},{"taxonomy":"product_cat","embeddable":true,"href":"https:\/\/www.sylvie-monthule.com\/es\/wp-json\/wp\/v2\/product_cat?post=99958"},{"taxonomy":"product_tag","embeddable":true,"href":"https:\/\/www.sylvie-monthule.com\/es\/wp-json\/wp\/v2\/product_tag?post=99958"}],"curies":[{"name":"wp","href":"https:\/\/api.w.org\/{rel}","templated":true}]}}