{"id":81504,"date":"2019-11-13T10:40:24","date_gmt":"2019-11-12T10:40:24","guid":{"rendered":"https:\/\/www.sylvie-monthule.com\/?post_type=product&#038;p=81504\/"},"modified":"2025-02-17T08:47:04","modified_gmt":"2025-02-17T07:47:04","slug":"tanga-joya-mariposa-vertigo-de-los-sentidos-oro","status":"publish","type":"product","link":"https:\/\/www.sylvie-monthule.com\/es\/joya\/tanga-joya-mariposa-vertigo-de-los-sentidos-oro\/","title":{"rendered":"Tanga Joya Mariposa Vertigo de los Sentidos Oro"},"content":{"rendered":"<p>Marav\u00edllese con el esplendor de esta tanga joya, con sus dos mariposas de perfil, doradas y rojas, unidas en su sexo.<br \/>\nSus magn\u00edficas alas se visten de distintos tonos de rojo brillante y se abren en lugares, para sugerir su pubis desnudo&#8230; Ceder a las caricias \u00edntimas, a los atrevidos jugueteos de estas mariposas y embriagarse de placer, cuando los colgantes libertinos de la joya tanga, se llevan sus perfumes de mujer&#8230; \u00a1cuando las gotas juegan con sus labios! Una joya er\u00f3tica creada para el v\u00e9rtigo de los sentidos, hasta el resplandor rojo rub\u00ed en sus hoyuelos Venusianos.<\/p>\n","protected":false},"excerpt":{"rendered":"<p>Gracias a sus suaves el\u00e1sticos de algod\u00f3n, puede colocar la joya tanga a la perfecci\u00f3n.<\/p>\n<p>Dorado de la m\u00e1s alta calidad con 1 micra de 16 quilates y acabado de 24 quilates sobre metal. Esmalte rojo. Piedra roja en la espalda. Hipoalerg\u00e9nico.<\/p>\n","protected":false},"featured_media":80972,"template":"","meta":{"_acf_changed":false},"product_brand":[],"product_cat":[90,91],"product_tag":[],"class_list":{"0":"post-81504","1":"product","2":"type-product","3":"status-publish","4":"has-post-thumbnail","6":"product_cat-joyerias-mujeres","7":"product_cat-joyerias-tanga","8":"collection-las-joyas-vertigo-de-los-sentidos","9":"product_option-informacion-tallas","11":"first","12":"instock","13":"taxable","14":"shipping-taxable","15":"purchasable","16":"product-type-simple"},"acf":[],"_links":{"self":[{"href":"https:\/\/www.sylvie-monthule.com\/es\/wp-json\/wp\/v2\/product\/81504","targetHints":{"allow":["GET"]}}],"collection":[{"href":"https:\/\/www.sylvie-monthule.com\/es\/wp-json\/wp\/v2\/product"}],"about":[{"href":"https:\/\/www.sylvie-monthule.com\/es\/wp-json\/wp\/v2\/types\/product"}],"wp:featuredmedia":[{"embeddable":true,"href":"https:\/\/www.sylvie-monthule.com\/es\/wp-json\/wp\/v2\/media\/80972"}],"wp:attachment":[{"href":"https:\/\/www.sylvie-monthule.com\/es\/wp-json\/wp\/v2\/media?parent=81504"}],"wp:term":[{"taxonomy":"product_brand","embeddable":true,"href":"https:\/\/www.sylvie-monthule.com\/es\/wp-json\/wp\/v2\/product_brand?post=81504"},{"taxonomy":"product_cat","embeddable":true,"href":"https:\/\/www.sylvie-monthule.com\/es\/wp-json\/wp\/v2\/product_cat?post=81504"},{"taxonomy":"product_tag","embeddable":true,"href":"https:\/\/www.sylvie-monthule.com\/es\/wp-json\/wp\/v2\/product_tag?post=81504"}],"curies":[{"name":"wp","href":"https:\/\/api.w.org\/{rel}","templated":true}]}}