{"id":81497,"date":"2019-11-13T10:40:26","date_gmt":"2019-11-12T10:40:26","guid":{"rendered":"https:\/\/www.sylvie-monthule.com\/?post_type=product&#038;p=81497\/"},"modified":"2024-10-03T12:59:55","modified_gmt":"2024-10-03T11:59:55","slug":"joyas-pechos-besos-de-mariposas-rojas-oro","status":"publish","type":"product","link":"https:\/\/www.sylvie-monthule.com\/es\/joya\/joyas-pechos-besos-de-mariposas-rojas-oro\/","title":{"rendered":"Joyas Pechos Besos de Mariposas Rojas Oro"},"content":{"rendered":"<p>Dos mariposas doradas acarician la redondez de su pez\u00f3n. Sus alas rojas recubren la areola de voluptuosidad y la fina piedra que centellea bajo su pez\u00f3n \u00a1es tan m\u00e1gica! Er\u00f3tica y deslumbrante joyer\u00eda de pechos, no-piercing, cuyos colgantes depositan mil besos sensuales en la piel.<\/p>\n","protected":false},"excerpt":{"rendered":"<p>Joyer\u00eda con lazos para senos no-piercing, indoloros y corredizos, adaptables a todos los tama\u00f1os de pezones.<\/p>\n<p>Dorado de la m\u00e1s alta calidad con 1 micra de 16 quilates y acabado de 24 quilates sobre metal. Esmalte rojo. Piedras rojas. Hipoalerg\u00e9nico.<\/p>\n","protected":false},"featured_media":80452,"template":"","meta":{"_acf_changed":false},"product_brand":[],"product_cat":[90,95],"product_tag":[],"class_list":{"0":"post-81497","1":"product","2":"type-product","3":"status-publish","4":"has-post-thumbnail","6":"product_cat-joyerias-mujeres","7":"product_cat-joyerias-pechos-sin-piercing","8":"collection-30-anos-de-erotismo","9":"collection-las-joyas-vertigo-de-los-sentidos","10":"product_option-se-venden-en-parejas","12":"first","13":"instock","14":"taxable","15":"shipping-taxable","16":"purchasable","17":"product-type-simple"},"acf":[],"_links":{"self":[{"href":"https:\/\/www.sylvie-monthule.com\/es\/wp-json\/wp\/v2\/product\/81497","targetHints":{"allow":["GET"]}}],"collection":[{"href":"https:\/\/www.sylvie-monthule.com\/es\/wp-json\/wp\/v2\/product"}],"about":[{"href":"https:\/\/www.sylvie-monthule.com\/es\/wp-json\/wp\/v2\/types\/product"}],"wp:featuredmedia":[{"embeddable":true,"href":"https:\/\/www.sylvie-monthule.com\/es\/wp-json\/wp\/v2\/media\/80452"}],"wp:attachment":[{"href":"https:\/\/www.sylvie-monthule.com\/es\/wp-json\/wp\/v2\/media?parent=81497"}],"wp:term":[{"taxonomy":"product_brand","embeddable":true,"href":"https:\/\/www.sylvie-monthule.com\/es\/wp-json\/wp\/v2\/product_brand?post=81497"},{"taxonomy":"product_cat","embeddable":true,"href":"https:\/\/www.sylvie-monthule.com\/es\/wp-json\/wp\/v2\/product_cat?post=81497"},{"taxonomy":"product_tag","embeddable":true,"href":"https:\/\/www.sylvie-monthule.com\/es\/wp-json\/wp\/v2\/product_tag?post=81497"}],"curies":[{"name":"wp","href":"https:\/\/api.w.org\/{rel}","templated":true}]}}