{"id":81493,"date":"2019-11-13T10:40:26","date_gmt":"2019-11-12T10:40:26","guid":{"rendered":"https:\/\/www.sylvie-monthule.com\/?post_type=product&#038;p=81493\/"},"modified":"2025-02-27T14:26:43","modified_gmt":"2025-02-27T13:26:43","slug":"joyas-pechos-besos-de-mariposas-azules-plata","status":"publish","type":"product","link":"https:\/\/www.sylvie-monthule.com\/es\/joya\/joyas-pechos-besos-de-mariposas-azules-plata\/","title":{"rendered":"Joyas Pechos Besos de Mariposas Azules Plata"},"content":{"rendered":"<p>Dos mariposas plateadas acarician la redondez de su pez\u00f3n.<br \/>\nSus alas azules recubren la areola de voluptuosidad<br \/>\ny la fina piedra que centellea<br \/>\nbajo su pez\u00f3n \u00a1es tan m\u00e1gica! Er\u00f3tica y deslumbrante joyer\u00eda de pechos, no-piercing, cuyos colgantes depositan mil besos sensuales en la piel.<\/p>\n","protected":false},"excerpt":{"rendered":"<p>Joyer\u00eda con lazos para senos no-piercing, indoloros y corredizos, adaptables a todos los tama\u00f1os de pezones.<\/p>\n<p>Joyas para pechos con chapado en plata de 10 micras sobre metal. Esmalte azul. Piedra redonda azul. Hipoalerg\u00e9nico.<\/p>\n","protected":false},"featured_media":80472,"template":"","meta":{"_acf_changed":false},"product_brand":[],"product_cat":[90,95],"product_tag":[],"class_list":{"0":"post-81493","1":"product","2":"type-product","3":"status-publish","4":"has-post-thumbnail","6":"product_cat-joyerias-mujeres","7":"product_cat-joyerias-pechos-sin-piercing","8":"collection-las-joyas-vertigo-de-los-sentidos","9":"product_option-se-venden-en-parejas","11":"first","12":"instock","13":"taxable","14":"shipping-taxable","15":"purchasable","16":"product-type-simple"},"acf":[],"_links":{"self":[{"href":"https:\/\/www.sylvie-monthule.com\/es\/wp-json\/wp\/v2\/product\/81493","targetHints":{"allow":["GET"]}}],"collection":[{"href":"https:\/\/www.sylvie-monthule.com\/es\/wp-json\/wp\/v2\/product"}],"about":[{"href":"https:\/\/www.sylvie-monthule.com\/es\/wp-json\/wp\/v2\/types\/product"}],"wp:featuredmedia":[{"embeddable":true,"href":"https:\/\/www.sylvie-monthule.com\/es\/wp-json\/wp\/v2\/media\/80472"}],"wp:attachment":[{"href":"https:\/\/www.sylvie-monthule.com\/es\/wp-json\/wp\/v2\/media?parent=81493"}],"wp:term":[{"taxonomy":"product_brand","embeddable":true,"href":"https:\/\/www.sylvie-monthule.com\/es\/wp-json\/wp\/v2\/product_brand?post=81493"},{"taxonomy":"product_cat","embeddable":true,"href":"https:\/\/www.sylvie-monthule.com\/es\/wp-json\/wp\/v2\/product_cat?post=81493"},{"taxonomy":"product_tag","embeddable":true,"href":"https:\/\/www.sylvie-monthule.com\/es\/wp-json\/wp\/v2\/product_tag?post=81493"}],"curies":[{"name":"wp","href":"https:\/\/api.w.org\/{rel}","templated":true}]}}