{"id":81463,"date":"2019-11-13T10:40:31","date_gmt":"2019-11-12T10:40:31","guid":{"rendered":"https:\/\/www.sylvie-monthule.com\/?post_type=product&#038;p=81463\/"},"modified":"2025-02-17T08:47:03","modified_gmt":"2025-02-17T07:47:03","slug":"tanga-joya-caricia-secreta-plata","status":"publish","type":"product","link":"https:\/\/www.sylvie-monthule.com\/es\/joya\/tanga-joya-caricia-secreta-plata\/","title":{"rendered":"Tanga Joya Caricia Secreta Plata"},"content":{"rendered":"<p>Imagine dos manos acariciando su sexo&#8230; dos manos de plata, libertinas, tocando tus secretos. En su pubis, su presencia es tan excitante! Abrazan una piedra azul, que es una gota de placer. Y es un ballet de caricias secretas que cortejan su sexo, y sus labios: las cadenas oscilan sobre la piel, las gotas se aventuran, se mueven, y desaparecen entre tus labios, \u00a1para descubrirle y enloquecerle!<\/p>\n","protected":false},"excerpt":{"rendered":"<p>Gracias a sus suaves el\u00e1sticos de algod\u00f3n, usted puede ajustar la joya tanga a la perfecci\u00f3n.<\/p>\n<p>Chapado en Plata de 10 micras sobre metal. Cadena fina. Piedra azul.<br \/>\nJoya hipoalerg\u00e9nica.<\/p>\n","protected":false},"featured_media":81056,"template":"","meta":{"_acf_changed":false},"product_brand":[],"product_cat":[90,91],"product_tag":[],"class_list":{"0":"post-81463","1":"product","2":"type-product","3":"status-publish","4":"has-post-thumbnail","6":"product_cat-joyerias-mujeres","7":"product_cat-joyerias-tanga","8":"collection-las-joyas-vertigo-de-los-sentidos","9":"product_option-informacion-tallas","11":"first","12":"instock","13":"taxable","14":"shipping-taxable","15":"purchasable","16":"product-type-simple"},"acf":[],"_links":{"self":[{"href":"https:\/\/www.sylvie-monthule.com\/es\/wp-json\/wp\/v2\/product\/81463","targetHints":{"allow":["GET"]}}],"collection":[{"href":"https:\/\/www.sylvie-monthule.com\/es\/wp-json\/wp\/v2\/product"}],"about":[{"href":"https:\/\/www.sylvie-monthule.com\/es\/wp-json\/wp\/v2\/types\/product"}],"wp:featuredmedia":[{"embeddable":true,"href":"https:\/\/www.sylvie-monthule.com\/es\/wp-json\/wp\/v2\/media\/81056"}],"wp:attachment":[{"href":"https:\/\/www.sylvie-monthule.com\/es\/wp-json\/wp\/v2\/media?parent=81463"}],"wp:term":[{"taxonomy":"product_brand","embeddable":true,"href":"https:\/\/www.sylvie-monthule.com\/es\/wp-json\/wp\/v2\/product_brand?post=81463"},{"taxonomy":"product_cat","embeddable":true,"href":"https:\/\/www.sylvie-monthule.com\/es\/wp-json\/wp\/v2\/product_cat?post=81463"},{"taxonomy":"product_tag","embeddable":true,"href":"https:\/\/www.sylvie-monthule.com\/es\/wp-json\/wp\/v2\/product_tag?post=81463"}],"curies":[{"name":"wp","href":"https:\/\/api.w.org\/{rel}","templated":true}]}}