{"id":81448,"date":"2019-11-13T10:40:34","date_gmt":"2019-11-12T10:40:34","guid":{"rendered":"https:\/\/www.sylvie-monthule.com\/?post_type=product&#038;p=81448\/"},"modified":"2025-02-17T08:47:25","modified_gmt":"2025-02-17T07:47:25","slug":"collar-pechos-caricia-secreta-oro","status":"publish","type":"product","link":"https:\/\/www.sylvie-monthule.com\/es\/joya\/collar-pechos-caricia-secreta-oro\/","title":{"rendered":"Collar Pechos Caricia Secreta Oro"},"content":{"rendered":"<p>Una mano libertina se desliza entre sus pechos para atrapar el cristal resplandeciente&#8230;.<br \/>\nEn su escote, la mano dorada le acaricia.<br \/>\nLos dedos finos, con un gesto sensual, dejan escapar las cadenas doradas que siguen voluptuosamente la redondez de sus pechos, para finalmente unirse a los cristales tallados que adornan sus pezones!<br \/>\nUna joya que no perfora el pecho, como un abrazo exquisito, una caricia secreta!<br \/>\nQu\u00e9 belleza que estas piedras de primera calidad se encuentren debajo de sus pezones, qu\u00e9 hermosura que este sexy collar sea tan er\u00f3tico&#8230;.<\/p>\n","protected":false},"excerpt":{"rendered":"<p>Gracias a la cadena de ajuste del cuello, usted ajustar\u00e1 perfectamente el collar de senos.<\/p>\n<p>Dorado de la m\u00e1s alta calidad con 1 micra de 16 quilates y acabado de 24 quilates. Cristales tallados. Hipoalerg\u00e9nico.<\/p>\n<p>Lazos para senos no-piercing, indoloros y corredizos, adaptables a todos los di\u00e1metros de pezones.<\/p>\n","protected":false},"featured_media":80884,"template":"","meta":{"_acf_changed":false},"product_brand":[],"product_cat":[90,95],"product_tag":[],"class_list":{"0":"post-81448","1":"product","2":"type-product","3":"status-publish","4":"has-post-thumbnail","6":"product_cat-joyerias-mujeres","7":"product_cat-joyerias-pechos-sin-piercing","8":"collection-30-anos-de-erotismo","9":"collection-las-joyas-vertigo-de-los-sentidos","11":"first","12":"instock","13":"taxable","14":"shipping-taxable","15":"purchasable","16":"product-type-simple"},"acf":[],"_links":{"self":[{"href":"https:\/\/www.sylvie-monthule.com\/es\/wp-json\/wp\/v2\/product\/81448","targetHints":{"allow":["GET"]}}],"collection":[{"href":"https:\/\/www.sylvie-monthule.com\/es\/wp-json\/wp\/v2\/product"}],"about":[{"href":"https:\/\/www.sylvie-monthule.com\/es\/wp-json\/wp\/v2\/types\/product"}],"wp:featuredmedia":[{"embeddable":true,"href":"https:\/\/www.sylvie-monthule.com\/es\/wp-json\/wp\/v2\/media\/80884"}],"wp:attachment":[{"href":"https:\/\/www.sylvie-monthule.com\/es\/wp-json\/wp\/v2\/media?parent=81448"}],"wp:term":[{"taxonomy":"product_brand","embeddable":true,"href":"https:\/\/www.sylvie-monthule.com\/es\/wp-json\/wp\/v2\/product_brand?post=81448"},{"taxonomy":"product_cat","embeddable":true,"href":"https:\/\/www.sylvie-monthule.com\/es\/wp-json\/wp\/v2\/product_cat?post=81448"},{"taxonomy":"product_tag","embeddable":true,"href":"https:\/\/www.sylvie-monthule.com\/es\/wp-json\/wp\/v2\/product_tag?post=81448"}],"curies":[{"name":"wp","href":"https:\/\/api.w.org\/{rel}","templated":true}]}}