{"id":81445,"date":"2019-11-13T10:40:35","date_gmt":"2019-11-12T10:40:35","guid":{"rendered":"https:\/\/www.sylvie-monthule.com\/?post_type=product&#038;p=81445\/"},"modified":"2025-02-17T08:47:24","modified_gmt":"2025-02-17T07:47:24","slug":"collar-pechos-caricia-secreta-plata","status":"publish","type":"product","link":"https:\/\/www.sylvie-monthule.com\/es\/joya\/collar-pechos-caricia-secreta-plata\/","title":{"rendered":"Collar Pechos Caricia Secreta Plata"},"content":{"rendered":"<p>Una mano libertina se desliza entre sus pechos para capturar la piedra azul brillante&#8230;.<br \/>\nEn su escote, la mano de plata le acaricia.<br \/>\nLos dedos finos, con un gesto sensual, dejan escapar las cadenas de plata que siguen voluptuosamente la redondez de sus pechos, para finalmente unirse al resplandor azul que adorna sus pezones!<br \/>\nUna joya de senos no-piercing, como un abrazo exquisito \u00a1una caricia secreta!<br \/>\nQu\u00e9 belleza anidan estas piedras bajo sus pezones, qu\u00e9 belleza que este collar sea tan sexy y tan er\u00f3tico&#8230;.<\/p>\n","protected":false},"excerpt":{"rendered":"<p>Gracias a la cadena de ajuste del cuello, usted ajustar\u00e1 perfectamente el collar de senos.<\/p>\n<p>Chapado en Plata de 10 micras sobre metal. Piedras azules. Hipoalerg\u00e9nico.<\/p>\n<p>Lazos para senos no-piercing, indoloros y corredizos, adaptables a todos los di\u00e1metros de pezones.<\/p>\n","protected":false},"featured_media":80912,"template":"","meta":{"_acf_changed":false},"product_brand":[],"product_cat":[90,95],"product_tag":[],"class_list":{"0":"post-81445","1":"product","2":"type-product","3":"status-publish","4":"has-post-thumbnail","6":"product_cat-joyerias-mujeres","7":"product_cat-joyerias-pechos-sin-piercing","8":"collection-las-joyas-vertigo-de-los-sentidos","10":"first","11":"instock","12":"taxable","13":"shipping-taxable","14":"purchasable","15":"product-type-simple"},"acf":[],"_links":{"self":[{"href":"https:\/\/www.sylvie-monthule.com\/es\/wp-json\/wp\/v2\/product\/81445","targetHints":{"allow":["GET"]}}],"collection":[{"href":"https:\/\/www.sylvie-monthule.com\/es\/wp-json\/wp\/v2\/product"}],"about":[{"href":"https:\/\/www.sylvie-monthule.com\/es\/wp-json\/wp\/v2\/types\/product"}],"wp:featuredmedia":[{"embeddable":true,"href":"https:\/\/www.sylvie-monthule.com\/es\/wp-json\/wp\/v2\/media\/80912"}],"wp:attachment":[{"href":"https:\/\/www.sylvie-monthule.com\/es\/wp-json\/wp\/v2\/media?parent=81445"}],"wp:term":[{"taxonomy":"product_brand","embeddable":true,"href":"https:\/\/www.sylvie-monthule.com\/es\/wp-json\/wp\/v2\/product_brand?post=81445"},{"taxonomy":"product_cat","embeddable":true,"href":"https:\/\/www.sylvie-monthule.com\/es\/wp-json\/wp\/v2\/product_cat?post=81445"},{"taxonomy":"product_tag","embeddable":true,"href":"https:\/\/www.sylvie-monthule.com\/es\/wp-json\/wp\/v2\/product_tag?post=81445"}],"curies":[{"name":"wp","href":"https:\/\/api.w.org\/{rel}","templated":true}]}}