{"id":81414,"date":"2019-11-13T10:40:40","date_gmt":"2019-11-12T10:40:40","guid":{"rendered":"https:\/\/www.sylvie-monthule.com\/?post_type=product&#038;p=81414\/"},"modified":"2025-02-17T08:48:40","modified_gmt":"2025-02-17T07:48:40","slug":"joya-cintura-alas-sexy-rojas-oro","status":"publish","type":"product","link":"https:\/\/www.sylvie-monthule.com\/es\/joya\/joya-cintura-alas-sexy-rojas-oro\/","title":{"rendered":"Joya Cintura Alas Sexy Rojas Oro"},"content":{"rendered":"<p>En sus hoyuelos de Venus, una cadena de tama\u00f1o sexy, revela todo su esplendor er\u00f3tico&#8230;. Dos alas de mariposa rojas y doradas se extienden para acariciar su espalda baja, con sus dos brillantes y m\u00e1gicas alas.<br \/>\nLa visi\u00f3n sensual de esta joya del cuerpo despierta todos los deseos, porque las cadenas se abren paso entre las curvas de sus gluteos para saborear su sensualidad&#8230;&#8230;<\/p>\n","protected":false},"excerpt":{"rendered":"<p>Indique en la secci\u00f3n de tallas su elecci\u00f3n: S, M, L, XL&#8230; Cualquiera que sea el tama\u00f1o, nuestras joyas cintura tienen una regulaci\u00f3n para su ajuste.<\/p>\n<p>Dorado de la m\u00e1s alta calidad con 1 micra de 16 quilates y acabado de 24 quilates sobre metal. Esmalte rojo. Piedra redonda roja. Malla fina y brazalete de malla para ajuste.<br \/>\nHipoalerg\u00e9nico.<\/p>\n","protected":false},"featured_media":80804,"template":"","meta":{"_acf_changed":false},"product_brand":[],"product_cat":[90,97],"product_tag":[],"class_list":{"0":"post-81414","1":"product","2":"type-product","3":"status-publish","4":"has-post-thumbnail","6":"product_cat-joyerias-mujeres","7":"product_cat-joyerias-cintura-y-tobillo","8":"collection-30-anos-de-erotismo","9":"collection-las-joyas-vertigo-de-los-sentidos","11":"first","12":"instock","13":"taxable","14":"shipping-taxable","15":"purchasable","16":"product-type-variable","17":"has-default-attributes"},"acf":[],"_links":{"self":[{"href":"https:\/\/www.sylvie-monthule.com\/es\/wp-json\/wp\/v2\/product\/81414","targetHints":{"allow":["GET"]}}],"collection":[{"href":"https:\/\/www.sylvie-monthule.com\/es\/wp-json\/wp\/v2\/product"}],"about":[{"href":"https:\/\/www.sylvie-monthule.com\/es\/wp-json\/wp\/v2\/types\/product"}],"wp:featuredmedia":[{"embeddable":true,"href":"https:\/\/www.sylvie-monthule.com\/es\/wp-json\/wp\/v2\/media\/80804"}],"wp:attachment":[{"href":"https:\/\/www.sylvie-monthule.com\/es\/wp-json\/wp\/v2\/media?parent=81414"}],"wp:term":[{"taxonomy":"product_brand","embeddable":true,"href":"https:\/\/www.sylvie-monthule.com\/es\/wp-json\/wp\/v2\/product_brand?post=81414"},{"taxonomy":"product_cat","embeddable":true,"href":"https:\/\/www.sylvie-monthule.com\/es\/wp-json\/wp\/v2\/product_cat?post=81414"},{"taxonomy":"product_tag","embeddable":true,"href":"https:\/\/www.sylvie-monthule.com\/es\/wp-json\/wp\/v2\/product_tag?post=81414"}],"curies":[{"name":"wp","href":"https:\/\/api.w.org\/{rel}","templated":true}]}}