{"id":64827,"date":"2018-11-13T09:41:47","date_gmt":"2018-11-16T09:16:50","guid":{"rendered":"https:\/\/www.sylvie-monthule.com\/?post_type=product&#038;p=64827\/"},"modified":"2025-02-17T08:47:09","modified_gmt":"2025-02-17T07:47:09","slug":"joya-excitacion-clitoris-plata","status":"publish","type":"product","link":"https:\/\/www.sylvie-monthule.com\/es\/joya\/joya-excitacion-clitoris-plata\/","title":{"rendered":"Joya Excitacion Clitoris Plata"},"content":{"rendered":"<p>Una extraordinaria joya creada para sublimar el cl\u00edtoris, para excitar en belleza este \u00f3rgano de placer. Descubre esta sublima joya plata y azul : Haciendo clic en la primera imagen, descubrir\u00e1 en video, los efectos \u00fanicos de la joya \u00abExcite Clitoris\u00bb ! La joya separa sus labios y abraza deliciosamente la forma de su sexo. Ten cuidado de colocar la bola azul acurrucada en la joya, bajo su cl\u00edtoris. Eres t\u00fa quien ritma la intensidad de su placer jugando con ella; Sus dedos tocan primero la bola en movimiento, la hacen girar&#8230; Las primeras idas y venidas de la bola acarician su cl\u00edtoris, la frotan, la estimulan. Empieza a levantarse&#8230; \u00a1Depende de ti domesticar la joya! Masajes, frotamientos, rodajes lentos o r\u00e1pidos de ida y vuelta&#8230; \u00a1Su cl\u00edtoris tiembla, se levanta, gargantas con placer, palpita! Apoteosis :\u00a0 su placer es visible y su pareja podr\u00e1 admirar toda su belleza&#8230;<\/p>\n","protected":false},"excerpt":{"rendered":"<div>\n<p>Sea cual sea su morfolog\u00eda, posicionar\u00e1 muy f\u00e1cilmente esta maravillosa Joya.<br \/>\nJoya con contornos suaves y lisos,<br \/>\nPlata 10 micrones en metal.<br \/>\nBola de resina azul transl\u00facida (di\u00e1metro; 24 mm.)<br \/>\nHipoalerg\u00e9nica<\/p>\n<p>Una joya c\u00f3moda con un ajuste perfecto gracias<br \/>\na su sistema de cintur\u00f3n el\u00e1stico.<\/p>\n<\/div>\n","protected":false},"featured_media":64248,"template":"","meta":{"_acf_changed":false},"product_brand":[],"product_cat":[90,93],"product_tag":[],"class_list":{"0":"post-64827","1":"product","2":"type-product","3":"status-publish","4":"has-post-thumbnail","6":"product_cat-joyerias-mujeres","7":"product_cat-joyerias-clitoris","8":"collection-cita-intima","9":"product_option-informacion-tallas","11":"first","12":"instock","13":"taxable","14":"shipping-taxable","15":"purchasable","16":"product-type-simple"},"acf":[],"_links":{"self":[{"href":"https:\/\/www.sylvie-monthule.com\/es\/wp-json\/wp\/v2\/product\/64827","targetHints":{"allow":["GET"]}}],"collection":[{"href":"https:\/\/www.sylvie-monthule.com\/es\/wp-json\/wp\/v2\/product"}],"about":[{"href":"https:\/\/www.sylvie-monthule.com\/es\/wp-json\/wp\/v2\/types\/product"}],"wp:featuredmedia":[{"embeddable":true,"href":"https:\/\/www.sylvie-monthule.com\/es\/wp-json\/wp\/v2\/media\/64248"}],"wp:attachment":[{"href":"https:\/\/www.sylvie-monthule.com\/es\/wp-json\/wp\/v2\/media?parent=64827"}],"wp:term":[{"taxonomy":"product_brand","embeddable":true,"href":"https:\/\/www.sylvie-monthule.com\/es\/wp-json\/wp\/v2\/product_brand?post=64827"},{"taxonomy":"product_cat","embeddable":true,"href":"https:\/\/www.sylvie-monthule.com\/es\/wp-json\/wp\/v2\/product_cat?post=64827"},{"taxonomy":"product_tag","embeddable":true,"href":"https:\/\/www.sylvie-monthule.com\/es\/wp-json\/wp\/v2\/product_tag?post=64827"}],"curies":[{"name":"wp","href":"https:\/\/api.w.org\/{rel}","templated":true}]}}