{"id":64790,"date":"2018-11-13T09:41:51","date_gmt":"2018-11-12T09:41:51","guid":{"rendered":"https:\/\/www.sylvie-monthule.com\/?post_type=product&#038;p=64790\/"},"modified":"2025-02-17T08:46:41","modified_gmt":"2025-02-17T07:46:41","slug":"joya-sujetador-impaciente-deseo-plata","status":"publish","type":"product","link":"https:\/\/www.sylvie-monthule.com\/es\/joya\/joya-sujetador-impaciente-deseo-plata\/","title":{"rendered":"Joya sujetador \u00abImpaciente Deseo\u00bb Plata"},"content":{"rendered":"<p>Un sujetador muy sensual y sexy: dos tiras de sat\u00e9n visten sus hombros. En cada tira, aparecen dos peque\u00f1as joyas, dos peque\u00f1os cuerpos de hombres\u2026 Un sujetador que se convierte en un joya de cuerpo, que revela completamente sus senos. Las cadenas de plata abrazan sus pechos desnudos con sensualidad. Un peque\u00f1o \u201chombre-joya\u201d cuelga entre las curvas de sus pechos. Una encantadora joya para el cuerpo, que abraza sus pechos y los viste de oro y plata, en completa armon\u00eda con la joya tanga \u201ddeseo impaciente\u201d. Juega con tu sexy joya, desliza los \u201chombrecitos\u201d en las tiras!<\/p>\n","protected":false},"excerpt":{"rendered":"<div>\n<p>Un sujetador muy c\u00f3modo,<br \/>\nque cubre todos los tama\u00f1os de pecho<br \/>\ngracias a sus cadenas ajustables.<\/p>\n<p>Sujetador con Sat\u00e9n Negro y cadenas.<br \/>\nLos pequenos \u201d joyas hombres \u201cse deslizan sobre las correas.<br \/>\nDorado de la m\u00e1s alta calidad, con 1 micra<br \/>\nde 16 quilates y acabado de 24 quilates y<br \/>\nChapado en plata de 10 micras<br \/>\nCadenas finas y cadenas para ajustes<br \/>\n(cuello y espalda)<br \/>\nHipoalerg\u00e9nica.<\/p>\n<\/div>\n","protected":false},"featured_media":64488,"template":"","meta":{"_acf_changed":false},"product_brand":[],"product_cat":[90,92],"product_tag":[],"class_list":{"0":"post-64790","1":"product","2":"type-product","3":"status-publish","4":"has-post-thumbnail","6":"product_cat-joyerias-mujeres","7":"product_cat-joyerias-sujetador","8":"collection-cita-intima","10":"first","11":"instock","12":"taxable","13":"shipping-taxable","14":"purchasable","15":"product-type-simple"},"acf":[],"_links":{"self":[{"href":"https:\/\/www.sylvie-monthule.com\/es\/wp-json\/wp\/v2\/product\/64790","targetHints":{"allow":["GET"]}}],"collection":[{"href":"https:\/\/www.sylvie-monthule.com\/es\/wp-json\/wp\/v2\/product"}],"about":[{"href":"https:\/\/www.sylvie-monthule.com\/es\/wp-json\/wp\/v2\/types\/product"}],"wp:featuredmedia":[{"embeddable":true,"href":"https:\/\/www.sylvie-monthule.com\/es\/wp-json\/wp\/v2\/media\/64488"}],"wp:attachment":[{"href":"https:\/\/www.sylvie-monthule.com\/es\/wp-json\/wp\/v2\/media?parent=64790"}],"wp:term":[{"taxonomy":"product_brand","embeddable":true,"href":"https:\/\/www.sylvie-monthule.com\/es\/wp-json\/wp\/v2\/product_brand?post=64790"},{"taxonomy":"product_cat","embeddable":true,"href":"https:\/\/www.sylvie-monthule.com\/es\/wp-json\/wp\/v2\/product_cat?post=64790"},{"taxonomy":"product_tag","embeddable":true,"href":"https:\/\/www.sylvie-monthule.com\/es\/wp-json\/wp\/v2\/product_tag?post=64790"}],"curies":[{"name":"wp","href":"https:\/\/api.w.org\/{rel}","templated":true}]}}