{"id":64781,"date":"2018-11-13T09:41:52","date_gmt":"2018-11-12T09:41:52","guid":{"rendered":"https:\/\/www.sylvie-monthule.com\/?post_type=product&#038;p=64781\/"},"modified":"2025-02-17T08:47:05","modified_gmt":"2025-02-17T07:47:05","slug":"tanga-intima-impaciente-deseo-oro","status":"publish","type":"product","link":"https:\/\/www.sylvie-monthule.com\/es\/joya\/tanga-intima-impaciente-deseo-oro\/","title":{"rendered":"Tanga intima \u00abImpaciente Deseo\u00bb Oro"},"content":{"rendered":"<p style=\"text-align: justify;\">Admiras la piedra ovalada de su Monte de Venus. Su relieve es tan suave, tan hermoso&#8230; Bajo la hematita, suspendido de las finas cadenas que acarician sus labios, un hombrecito sube&#8230; Codicia la piedra, tan brillante, tan atractivo en su sexo desnudo&#8230; Luego, un segundo, un tercer hombre, adorna sus caderas, tambi\u00e9n atra\u00eddo por el brillo de la Hematita&#8230; Desliza las joyas de los hombres sobre la goma el\u00e1stica; divi\u00e9rtete con las joyas&#8230; \u00a1Una refinada tanga de joya que juega con el oro y la plata y con sus sentidos!<\/p>\n","protected":false},"excerpt":{"rendered":"<p>Gracias a sus suaves el\u00e1sticos de algod\u00f3n,<br \/>\npuede colocar la joya tanga a la perfecci\u00f3n.<\/p>\n<p>Tanga con piedra de hematita ovalada.<br \/>\nLas joyas de los hombrecitos se deslizan sobre los el\u00e1sticos.<br \/>\nCadenas finas con dorado de la m\u00e1s alta calidad<br \/>\n(1 micra de 16 quilates y acabado de 24 quilates)<br \/>\ny peque\u00f1os hombres en plata de 10 micrones.<br \/>\nLavable a mano.<br \/>\nHipoalerg\u00e9nica.<\/p>\n","protected":false},"featured_media":64588,"template":"","meta":{"_acf_changed":false},"product_brand":[],"product_cat":[90,91],"product_tag":[],"class_list":{"0":"post-64781","1":"product","2":"type-product","3":"status-publish","4":"has-post-thumbnail","6":"product_cat-joyerias-mujeres","7":"product_cat-joyerias-tanga","8":"collection-cita-intima","9":"product_option-informacion-tallas","11":"first","12":"instock","13":"taxable","14":"shipping-taxable","15":"purchasable","16":"product-type-simple"},"acf":[],"_links":{"self":[{"href":"https:\/\/www.sylvie-monthule.com\/es\/wp-json\/wp\/v2\/product\/64781","targetHints":{"allow":["GET"]}}],"collection":[{"href":"https:\/\/www.sylvie-monthule.com\/es\/wp-json\/wp\/v2\/product"}],"about":[{"href":"https:\/\/www.sylvie-monthule.com\/es\/wp-json\/wp\/v2\/types\/product"}],"wp:featuredmedia":[{"embeddable":true,"href":"https:\/\/www.sylvie-monthule.com\/es\/wp-json\/wp\/v2\/media\/64588"}],"wp:attachment":[{"href":"https:\/\/www.sylvie-monthule.com\/es\/wp-json\/wp\/v2\/media?parent=64781"}],"wp:term":[{"taxonomy":"product_brand","embeddable":true,"href":"https:\/\/www.sylvie-monthule.com\/es\/wp-json\/wp\/v2\/product_brand?post=64781"},{"taxonomy":"product_cat","embeddable":true,"href":"https:\/\/www.sylvie-monthule.com\/es\/wp-json\/wp\/v2\/product_cat?post=64781"},{"taxonomy":"product_tag","embeddable":true,"href":"https:\/\/www.sylvie-monthule.com\/es\/wp-json\/wp\/v2\/product_tag?post=64781"}],"curies":[{"name":"wp","href":"https:\/\/api.w.org\/{rel}","templated":true}]}}