{"id":64769,"date":"2018-11-13T09:41:53","date_gmt":"2018-11-12T09:41:53","guid":{"rendered":"https:\/\/www.sylvie-monthule.com\/?post_type=product&#038;p=64769\/"},"modified":"2025-02-27T14:26:28","modified_gmt":"2025-02-27T13:26:28","slug":"tanga-sexo-secreto-para-el-oro","status":"publish","type":"product","link":"https:\/\/www.sylvie-monthule.com\/es\/joya\/tanga-sexo-secreto-para-el-oro\/","title":{"rendered":"Tanga sexo \u00abSecreto para El\u00bb Oro"},"content":{"rendered":"<p style=\"text-align: justify;\">Por encima de su sexo, el brillo de una piedra ovalada de hematita! Una piedra con reflejos intensos, imponente. Las primeras cadenas que se escapan de ella pasan por debajo de su pene para unirse a una bola de hematita, llena, lisa, que sientes que late en sus test\u00edculos. El segundo juego de cadenas que pasa a cada lado de sus test\u00edculos, viene a unirse a la banda el\u00e1stica que adorna tus nalgas&#8230; Una joya muy visual con su cabuj\u00f3n de hematita rodeado de oro, y el pomp\u00f3n de cadenas como un peque\u00f1o l\u00e1tigo, bajo la bola de hematita. Una joya sexual secreta hecha de oro y hematita.<\/p>\n","protected":false},"excerpt":{"rendered":"<p>Gracias a sus suaves el\u00e1sticos de algod\u00f3n,<br \/>\npuede colocar la joya tanga a la perfecci\u00f3n.<\/p>\n<p>Tanga con piedra y bola de hematita.<br \/>\nCadenas con Dorado de la m\u00e1s alta calidad<br \/>\ncon 1 micra de 16 quilates y acabado de 24 quilates<br \/>\nHipoalerg\u00e9nica.<\/p>\n","protected":false},"featured_media":64692,"template":"","meta":{"_acf_changed":false},"product_brand":[],"product_cat":[102,103],"product_tag":[],"class_list":{"0":"post-64769","1":"product","2":"type-product","3":"status-publish","4":"has-post-thumbnail","6":"product_cat-joyerias-hombres","7":"product_cat-joyerias-tanga-es","8":"collection-cita-intima","9":"product_option-informacion-tallas","11":"first","12":"instock","13":"taxable","14":"shipping-taxable","15":"purchasable","16":"product-type-simple"},"acf":[],"_links":{"self":[{"href":"https:\/\/www.sylvie-monthule.com\/es\/wp-json\/wp\/v2\/product\/64769","targetHints":{"allow":["GET"]}}],"collection":[{"href":"https:\/\/www.sylvie-monthule.com\/es\/wp-json\/wp\/v2\/product"}],"about":[{"href":"https:\/\/www.sylvie-monthule.com\/es\/wp-json\/wp\/v2\/types\/product"}],"wp:featuredmedia":[{"embeddable":true,"href":"https:\/\/www.sylvie-monthule.com\/es\/wp-json\/wp\/v2\/media\/64692"}],"wp:attachment":[{"href":"https:\/\/www.sylvie-monthule.com\/es\/wp-json\/wp\/v2\/media?parent=64769"}],"wp:term":[{"taxonomy":"product_brand","embeddable":true,"href":"https:\/\/www.sylvie-monthule.com\/es\/wp-json\/wp\/v2\/product_brand?post=64769"},{"taxonomy":"product_cat","embeddable":true,"href":"https:\/\/www.sylvie-monthule.com\/es\/wp-json\/wp\/v2\/product_cat?post=64769"},{"taxonomy":"product_tag","embeddable":true,"href":"https:\/\/www.sylvie-monthule.com\/es\/wp-json\/wp\/v2\/product_tag?post=64769"}],"curies":[{"name":"wp","href":"https:\/\/api.w.org\/{rel}","templated":true}]}}