{"id":44129,"date":"2017-11-13T16:08:15","date_gmt":"2017-11-17T08:00:42","guid":{"rendered":"https:\/\/www.sylvie-monthule.com\/?post_type=product&#038;p=44129\/"},"modified":"2025-02-17T08:47:31","modified_gmt":"2025-02-17T07:47:31","slug":"joyas-pezones-gotas-de-emocion-plata","status":"publish","type":"product","link":"https:\/\/www.sylvie-monthule.com\/es\/joya\/joyas-pezones-gotas-de-emocion-plata\/","title":{"rendered":"Joyas pezones gotas de emocion plata"},"content":{"rendered":"<p>Dos gotas de plata finamente esculpidas acarician los pechos. Suspendidas de sus pezones erectos, las gotas giran, siguiendo con voluptuosidad, los movimientos de su cuerpo. Las gotas son como dos l\u00e1grimas de oro, dos l\u00e1grimas de emoci\u00f3n que brillan en la piel. \u00a1Sus roces en sus pechos son tan deliciosos!<\/p>\n","protected":false},"excerpt":{"rendered":"<div>\n<p>Joyer\u00eda intima con lazos para senos no-piercing,<br \/>\nindoloros y corredizos, adaptables a todos<br \/>\nlos tama\u00f1os de pezones.<\/p>\n<p>Gotas con\u00a0Chapado en plata<br \/>\nde 10 micras sobre metal.<br \/>\nHipoalerg\u00e9nico.<\/p>\n<\/div>\n","protected":false},"featured_media":42481,"template":"","meta":{"_acf_changed":false},"product_brand":[],"product_cat":[90,95],"product_tag":[],"class_list":{"0":"post-44129","1":"product","2":"type-product","3":"status-publish","4":"has-post-thumbnail","6":"product_cat-joyerias-mujeres","7":"product_cat-joyerias-pechos-sin-piercing","8":"collection-noche-de-amor-en-venecia","9":"product_option-se-venden-en-parejas","11":"first","12":"instock","13":"taxable","14":"shipping-taxable","15":"purchasable","16":"product-type-simple"},"acf":[],"_links":{"self":[{"href":"https:\/\/www.sylvie-monthule.com\/es\/wp-json\/wp\/v2\/product\/44129","targetHints":{"allow":["GET"]}}],"collection":[{"href":"https:\/\/www.sylvie-monthule.com\/es\/wp-json\/wp\/v2\/product"}],"about":[{"href":"https:\/\/www.sylvie-monthule.com\/es\/wp-json\/wp\/v2\/types\/product"}],"wp:featuredmedia":[{"embeddable":true,"href":"https:\/\/www.sylvie-monthule.com\/es\/wp-json\/wp\/v2\/media\/42481"}],"wp:attachment":[{"href":"https:\/\/www.sylvie-monthule.com\/es\/wp-json\/wp\/v2\/media?parent=44129"}],"wp:term":[{"taxonomy":"product_brand","embeddable":true,"href":"https:\/\/www.sylvie-monthule.com\/es\/wp-json\/wp\/v2\/product_brand?post=44129"},{"taxonomy":"product_cat","embeddable":true,"href":"https:\/\/www.sylvie-monthule.com\/es\/wp-json\/wp\/v2\/product_cat?post=44129"},{"taxonomy":"product_tag","embeddable":true,"href":"https:\/\/www.sylvie-monthule.com\/es\/wp-json\/wp\/v2\/product_tag?post=44129"}],"curies":[{"name":"wp","href":"https:\/\/api.w.org\/{rel}","templated":true}]}}