{"id":44121,"date":"2017-11-13T16:08:16","date_gmt":"2017-11-12T16:08:16","guid":{"rendered":"https:\/\/www.sylvie-monthule.com\/?post_type=product&#038;p=44121\/"},"modified":"2025-02-27T14:26:46","modified_gmt":"2025-02-27T13:26:46","slug":"joya-pene-garras-plata","status":"publish","type":"product","link":"https:\/\/www.sylvie-monthule.com\/es\/joya\/joya-pene-garras-plata\/","title":{"rendered":"Joya pene garras plata"},"content":{"rendered":"<p>Deux pattes de f\u00e9lin enlacent votre sexe\u2026 Deux pattes en plein \u00e9lan, sauvages, rac\u00e9es, qui ont sorti leurs griffes d&#8217;Argent. Autour de votre p\u00e9nis, leur \u00e9treinte est pourtant d&#8217;une douceur sans pareil. Un bijou de verge, pur, surprenant de r\u00e9alisme, de confort.<br \/>\nOserez-vous sortir vos griffes, en cette nuit d&#8217;Amour !<\/p>\n","protected":false},"excerpt":{"rendered":"<p>L\u2019\u00e9lastique en coton doux suit vos mouvements<br \/>\net assure un maintien parfait.<\/p>\n<p>Bijou griffes. Traitement plaqu\u00e9 argent 10 microns sur m\u00e9tal. Hypoallergenique.<br \/>\nBase \u00e9lastique coton noir .<\/p>\n","protected":false},"featured_media":42511,"template":"","meta":{"_acf_changed":false},"product_brand":[],"product_cat":[1679],"product_tag":[],"class_list":{"0":"post-44121","1":"product","2":"type-product","3":"status-publish","4":"has-post-thumbnail","6":"product_cat-ofertas-fin-de-series","7":"collection-noche-de-amor-en-venecia","9":"first","10":"instock","11":"sale","12":"taxable","13":"shipping-taxable","14":"purchasable","15":"product-type-simple"},"acf":[],"_links":{"self":[{"href":"https:\/\/www.sylvie-monthule.com\/es\/wp-json\/wp\/v2\/product\/44121","targetHints":{"allow":["GET"]}}],"collection":[{"href":"https:\/\/www.sylvie-monthule.com\/es\/wp-json\/wp\/v2\/product"}],"about":[{"href":"https:\/\/www.sylvie-monthule.com\/es\/wp-json\/wp\/v2\/types\/product"}],"wp:featuredmedia":[{"embeddable":true,"href":"https:\/\/www.sylvie-monthule.com\/es\/wp-json\/wp\/v2\/media\/42511"}],"wp:attachment":[{"href":"https:\/\/www.sylvie-monthule.com\/es\/wp-json\/wp\/v2\/media?parent=44121"}],"wp:term":[{"taxonomy":"product_brand","embeddable":true,"href":"https:\/\/www.sylvie-monthule.com\/es\/wp-json\/wp\/v2\/product_brand?post=44121"},{"taxonomy":"product_cat","embeddable":true,"href":"https:\/\/www.sylvie-monthule.com\/es\/wp-json\/wp\/v2\/product_cat?post=44121"},{"taxonomy":"product_tag","embeddable":true,"href":"https:\/\/www.sylvie-monthule.com\/es\/wp-json\/wp\/v2\/product_tag?post=44121"}],"curies":[{"name":"wp","href":"https:\/\/api.w.org\/{rel}","templated":true}]}}