{"id":44069,"date":"2017-11-13T16:08:35","date_gmt":"2017-11-12T16:08:35","guid":{"rendered":"https:\/\/www.sylvie-monthule.com\/?post_type=product&#038;p=44069\/"},"modified":"2025-02-27T14:26:46","modified_gmt":"2025-02-27T13:26:46","slug":"tanga-cuero-leon-oro","status":"publish","type":"product","link":"https:\/\/www.sylvie-monthule.com\/es\/joya\/tanga-cuero-leon-oro\/","title":{"rendered":"Tanga cuero leon oro"},"content":{"rendered":"<p>La puissance d&#8217;un Lion ornant le cuir noir\u2026 Un lion, embl\u00eame de force et de libert\u00e9. D\u00e9tails subtils de cette crini\u00e8re d&#8217;Or si sauvage, de ces muscles tendus, du cristal pur prisonnier entre les crocs du f\u00e9lin\u2026 Oserez-vous glisser votre verge dans ce string bijou,<br \/>\ngo\u00fbter \u00e0 la caresse du cuir, \u00e0 la rondeur des chaines ? Oserez-vous faire d\u00e9couvrir \u00e0 votre partenaire, ce lion si beau&#8230;<\/p>\n","protected":false},"excerpt":{"rendered":"<p>Grace \u00e0 ses \u00e9lastiques en coton doux et tres souples vous positionnez le String Bijou \u00e0 la perfection.<\/p>\n<p>String bijou cuir . Avec lion serti. Cristal pur \u00e0 facettes. Chaines maille for\u00e7at.<br \/>\nTraitement tr\u00e8s haute dorure 1 micron 16 carats et finition 24 carats sur m\u00e9tal.<br \/>\nElastiques noirs en coton. Lavable main.<br \/>\nHypoallerg\u00e9nique.<\/p>\n","protected":false},"featured_media":43005,"template":"","meta":{"_acf_changed":false},"product_brand":[],"product_cat":[1867,1679],"product_tag":[],"class_list":{"0":"post-44069","1":"product","2":"type-product","3":"status-publish","4":"has-post-thumbnail","6":"product_cat-promociones","7":"product_cat-ofertas-fin-de-series","8":"collection-noche-de-amor-en-venecia","9":"product_option-cuidado-del-cuero","10":"product_option-informacion-tallas","12":"first","13":"instock","14":"sale","15":"taxable","16":"shipping-taxable","17":"purchasable","18":"product-type-simple"},"acf":[],"_links":{"self":[{"href":"https:\/\/www.sylvie-monthule.com\/es\/wp-json\/wp\/v2\/product\/44069","targetHints":{"allow":["GET"]}}],"collection":[{"href":"https:\/\/www.sylvie-monthule.com\/es\/wp-json\/wp\/v2\/product"}],"about":[{"href":"https:\/\/www.sylvie-monthule.com\/es\/wp-json\/wp\/v2\/types\/product"}],"wp:featuredmedia":[{"embeddable":true,"href":"https:\/\/www.sylvie-monthule.com\/es\/wp-json\/wp\/v2\/media\/43005"}],"wp:attachment":[{"href":"https:\/\/www.sylvie-monthule.com\/es\/wp-json\/wp\/v2\/media?parent=44069"}],"wp:term":[{"taxonomy":"product_brand","embeddable":true,"href":"https:\/\/www.sylvie-monthule.com\/es\/wp-json\/wp\/v2\/product_brand?post=44069"},{"taxonomy":"product_cat","embeddable":true,"href":"https:\/\/www.sylvie-monthule.com\/es\/wp-json\/wp\/v2\/product_cat?post=44069"},{"taxonomy":"product_tag","embeddable":true,"href":"https:\/\/www.sylvie-monthule.com\/es\/wp-json\/wp\/v2\/product_tag?post=44069"}],"curies":[{"name":"wp","href":"https:\/\/api.w.org\/{rel}","templated":true}]}}