{"id":33560,"date":"2016-11-14T18:33:51","date_gmt":"2016-11-14T18:33:51","guid":{"rendered":"https:\/\/www.sylvie-monthule.com\/es\/?post_type=product&#038;p=33560"},"modified":"2025-02-17T08:46:49","modified_gmt":"2025-02-17T07:46:49","slug":"joya-flor-sextoy-oro","status":"publish","type":"product","link":"https:\/\/www.sylvie-monthule.com\/es\/joya\/joya-flor-sextoy-oro\/","title":{"rendered":"Joya flor sextoy oro"},"content":{"rendered":"<p style=\"text-align: justify;\">Una flor oblonga y lisa, con un coraz\u00f3n habitado por un pistilo, se desliza en su sexo&#8230; Una flor penetrante, oro, sexy y maravillosa&#8230; Su forma de corola, sus contornos, su suavidad, son una invitaci\u00f3n al placer&#8230; Enroscada en tu jard\u00edn secreto, la joya te embriaga con un placer infinito, acaricia su sexo y ejerce presi\u00f3n en la vagina&#8230; Perfectamente mantenida gracias a los suaves el\u00e1sticos de algod\u00f3n, la flor sextoy est\u00e1 perfectamente posicionada&#8230; Atrapa el aroma del placer, \u00a1aband\u00f3nate al \u00e9xtasis!<\/p>\n<p>&nbsp;<\/p>\n","protected":false},"excerpt":{"rendered":"<p>Con suaves el\u00e1sticos de algod\u00f3n<br \/>\nJoya muy c\u00f3modo con un ajuste perfecto.<\/p>\n<p>Flor sextoy oro 3 micrones sobre metal<br \/>\nLongitud de la parte penetrante: 3 cm<br \/>\nEl\u00e1stico de algod\u00f3n. Lavable a mano.<br \/>\nJoya hipoalerg\u00e9nica.<\/p>\n","protected":false},"featured_media":33227,"template":"","meta":{"_acf_changed":false},"product_brand":[],"product_cat":[90,91,94],"product_tag":[],"class_list":{"0":"post-33560","1":"product","2":"type-product","3":"status-publish","4":"has-post-thumbnail","6":"product_cat-joyerias-mujeres","7":"product_cat-joyerias-tanga","8":"product_cat-joyerias-penetrantes","9":"collection-las-joyas-trampas-intimas","10":"product_option-informacion-tallas","12":"first","13":"instock","14":"taxable","15":"shipping-taxable","16":"purchasable","17":"product-type-simple"},"acf":[],"_links":{"self":[{"href":"https:\/\/www.sylvie-monthule.com\/es\/wp-json\/wp\/v2\/product\/33560","targetHints":{"allow":["GET"]}}],"collection":[{"href":"https:\/\/www.sylvie-monthule.com\/es\/wp-json\/wp\/v2\/product"}],"about":[{"href":"https:\/\/www.sylvie-monthule.com\/es\/wp-json\/wp\/v2\/types\/product"}],"wp:featuredmedia":[{"embeddable":true,"href":"https:\/\/www.sylvie-monthule.com\/es\/wp-json\/wp\/v2\/media\/33227"}],"wp:attachment":[{"href":"https:\/\/www.sylvie-monthule.com\/es\/wp-json\/wp\/v2\/media?parent=33560"}],"wp:term":[{"taxonomy":"product_brand","embeddable":true,"href":"https:\/\/www.sylvie-monthule.com\/es\/wp-json\/wp\/v2\/product_brand?post=33560"},{"taxonomy":"product_cat","embeddable":true,"href":"https:\/\/www.sylvie-monthule.com\/es\/wp-json\/wp\/v2\/product_cat?post=33560"},{"taxonomy":"product_tag","embeddable":true,"href":"https:\/\/www.sylvie-monthule.com\/es\/wp-json\/wp\/v2\/product_tag?post=33560"}],"curies":[{"name":"wp","href":"https:\/\/api.w.org\/{rel}","templated":true}]}}