{"id":33544,"date":"2016-11-14T18:33:51","date_gmt":"2016-11-14T18:33:51","guid":{"rendered":"https:\/\/www.sylvie-monthule.com\/es\/?post_type=product&#038;p=33544"},"modified":"2025-02-17T08:46:43","modified_gmt":"2025-02-17T07:46:43","slug":"joya-pecho-tejido-de-cadenas-plata","status":"publish","type":"product","link":"https:\/\/www.sylvie-monthule.com\/es\/joya\/joya-pecho-tejido-de-cadenas-plata\/","title":{"rendered":"Joya pecho \u201ctejido de cadenas\u201d plata"},"content":{"rendered":"<p style=\"text-align: justify;\">Una cortina, un tejido de cadenas de plata viste su busto. Esta joya \u00edntima es una deliciosa trampa, una joya de lencer\u00eda er\u00f3tica y sensual que acaricia sus pechos, su cuerpo. Bajo las olas de las cadenas, su cuerpo est\u00e1 desnudo y sucumbe al incesante vaiv\u00e9n de las cadenas\u2026 \u00a1La gota de plata, como colgante, completa la belleza de la joya! Descubre los \u201cbustos\u201d, irresistibles joyas para el cuerpo, creadas para la voluptuosidad y el deseo. Podr\u00e1 ajustar su joya gracias a las cadenas ajustables<\/p>\n","protected":false},"excerpt":{"rendered":"<div>\n<p>Una joya de pecho muy c\u00f3moda que cubre todos los tama\u00f1os<br \/>\ngracias a sus cadenas de ajuste<br \/>\n(cadena de ajuste de cuello y espalda)<\/p>\n<p>Joya con finas cadenas y gota.<br \/>\nChapado en plata de 10 micras<br \/>\nHipoalerg\u00e9nica.<\/p>\n<\/div>\n","protected":false},"featured_media":32978,"template":"","meta":{"_acf_changed":false},"product_brand":[],"product_cat":[90,92],"product_tag":[],"class_list":{"0":"post-33544","1":"product","2":"type-product","3":"status-publish","4":"has-post-thumbnail","6":"product_cat-joyerias-mujeres","7":"product_cat-joyerias-sujetador","8":"collection-las-joyas-trampas-intimas","10":"first","11":"instock","12":"taxable","13":"shipping-taxable","14":"purchasable","15":"product-type-simple"},"acf":[],"_links":{"self":[{"href":"https:\/\/www.sylvie-monthule.com\/es\/wp-json\/wp\/v2\/product\/33544","targetHints":{"allow":["GET"]}}],"collection":[{"href":"https:\/\/www.sylvie-monthule.com\/es\/wp-json\/wp\/v2\/product"}],"about":[{"href":"https:\/\/www.sylvie-monthule.com\/es\/wp-json\/wp\/v2\/types\/product"}],"wp:featuredmedia":[{"embeddable":true,"href":"https:\/\/www.sylvie-monthule.com\/es\/wp-json\/wp\/v2\/media\/32978"}],"wp:attachment":[{"href":"https:\/\/www.sylvie-monthule.com\/es\/wp-json\/wp\/v2\/media?parent=33544"}],"wp:term":[{"taxonomy":"product_brand","embeddable":true,"href":"https:\/\/www.sylvie-monthule.com\/es\/wp-json\/wp\/v2\/product_brand?post=33544"},{"taxonomy":"product_cat","embeddable":true,"href":"https:\/\/www.sylvie-monthule.com\/es\/wp-json\/wp\/v2\/product_cat?post=33544"},{"taxonomy":"product_tag","embeddable":true,"href":"https:\/\/www.sylvie-monthule.com\/es\/wp-json\/wp\/v2\/product_tag?post=33544"}],"curies":[{"name":"wp","href":"https:\/\/api.w.org\/{rel}","templated":true}]}}