{"id":33543,"date":"2016-11-14T18:33:51","date_gmt":"2016-11-14T18:33:51","guid":{"rendered":"https:\/\/www.sylvie-monthule.com\/es\/?post_type=product&#038;p=33543"},"modified":"2025-02-17T08:46:42","modified_gmt":"2025-02-17T07:46:42","slug":"joya-pecho-tejido-de-cadenas-oro","status":"publish","type":"product","link":"https:\/\/www.sylvie-monthule.com\/es\/joya\/joya-pecho-tejido-de-cadenas-oro\/","title":{"rendered":"Joya pecho \u00abtejido de cadenas\u00bb oro"},"content":{"rendered":"<p>Una cortina, un tejido de cadenas de oro viste su busto. Esta joya \u00edntima es una deliciosa trampa, una joya de lencer\u00eda er\u00f3tica y sensual que acaricia sus pechos, su cuerpo. Bajo las olas de las cadenas, su cuerpo est\u00e1 desnudo y sucumbe al incesante vaiv\u00e9n de las cadenas&#8230; \u00a1La gota de oro, como colgante, completa la belleza de la joya! Descubre los \u00abbustos\u00bb, irresistibles joyas para el cuerpo, creadas para la voluptuosidad y el deseo.\u00a0Podr\u00e1 ajustar su joya gracias a las cadenas ajustables<\/p>\n<p>&nbsp;<\/p>\n","protected":false},"excerpt":{"rendered":"<p>Una joya de pecho muy c\u00f3moda que cubre todos los tama\u00f1os<br \/>\ngracias a sus cadenas de ajuste<br \/>\n(cadena de ajuste de cuello y espalda)<\/p>\n<p>Joya con finas cadenas y gota.<br \/>\nDorado de la m\u00e1s alta calidad, con 1 micra<br \/>\nde 16 quilates y acabado de 24 quilates<br \/>\nHipoalerg\u00e9nica.<\/p>\n","protected":false},"featured_media":32957,"template":"","meta":{"_acf_changed":false},"product_brand":[],"product_cat":[90,92],"product_tag":[],"class_list":{"0":"post-33543","1":"product","2":"type-product","3":"status-publish","4":"has-post-thumbnail","6":"product_cat-joyerias-mujeres","7":"product_cat-joyerias-sujetador","8":"collection-las-joyas-trampas-intimas","10":"first","11":"instock","12":"taxable","13":"shipping-taxable","14":"purchasable","15":"product-type-simple"},"acf":[],"_links":{"self":[{"href":"https:\/\/www.sylvie-monthule.com\/es\/wp-json\/wp\/v2\/product\/33543","targetHints":{"allow":["GET"]}}],"collection":[{"href":"https:\/\/www.sylvie-monthule.com\/es\/wp-json\/wp\/v2\/product"}],"about":[{"href":"https:\/\/www.sylvie-monthule.com\/es\/wp-json\/wp\/v2\/types\/product"}],"wp:featuredmedia":[{"embeddable":true,"href":"https:\/\/www.sylvie-monthule.com\/es\/wp-json\/wp\/v2\/media\/32957"}],"wp:attachment":[{"href":"https:\/\/www.sylvie-monthule.com\/es\/wp-json\/wp\/v2\/media?parent=33543"}],"wp:term":[{"taxonomy":"product_brand","embeddable":true,"href":"https:\/\/www.sylvie-monthule.com\/es\/wp-json\/wp\/v2\/product_brand?post=33543"},{"taxonomy":"product_cat","embeddable":true,"href":"https:\/\/www.sylvie-monthule.com\/es\/wp-json\/wp\/v2\/product_cat?post=33543"},{"taxonomy":"product_tag","embeddable":true,"href":"https:\/\/www.sylvie-monthule.com\/es\/wp-json\/wp\/v2\/product_tag?post=33543"}],"curies":[{"name":"wp","href":"https:\/\/api.w.org\/{rel}","templated":true}]}}