{"id":28207,"date":"2015-11-23T14:08:29","date_gmt":"2015-11-23T13:08:29","guid":{"rendered":"https:\/\/www.sylvie-monthule.com\/es\/?post_type=product&#038;p=28207"},"modified":"2025-02-17T08:48:13","modified_gmt":"2025-02-17T07:48:13","slug":"bijou-cheville-larme-cristal-argent","status":"publish","type":"product","link":"https:\/\/www.sylvie-monthule.com\/es\/joya\/bijou-cheville-larme-cristal-argent\/","title":{"rendered":"Bijou Cheville Larme Cristal Argent"},"content":{"rendered":"<p>A votre cheville, une fine cha\u00eene d&#8217;Argent et juste une petite larme suspendue\u2026 une gouttelette de cristal, adorable, l\u00e9g\u00e8re, si scintillante\u2026<\/p>\n","protected":false},"excerpt":{"rendered":"<p>Bijou cheville avec 2 positions de r\u00e9glage, \u00e0 22 et 25 cm.<\/p>\n<p>Bijou Cheville cha\u00eene fine plaqu\u00e9 argent 10 microns sur m\u00e9tal.<br \/>\nPetite goutte cristal en pendentif.<\/p>\n","protected":false},"featured_media":27160,"template":"","meta":{"_acf_changed":false},"product_brand":[],"product_cat":[90,97],"product_tag":[],"class_list":{"0":"post-28207","1":"product","2":"type-product","3":"status-publish","4":"has-post-thumbnail","6":"product_cat-joyerias-mujeres","7":"product_cat-joyerias-cintura-y-tobillo","8":"collection-joyas-fuera-de-coleccion","10":"first","11":"instock","12":"taxable","13":"shipping-taxable","14":"purchasable","15":"product-type-simple"},"acf":[],"_links":{"self":[{"href":"https:\/\/www.sylvie-monthule.com\/es\/wp-json\/wp\/v2\/product\/28207","targetHints":{"allow":["GET"]}}],"collection":[{"href":"https:\/\/www.sylvie-monthule.com\/es\/wp-json\/wp\/v2\/product"}],"about":[{"href":"https:\/\/www.sylvie-monthule.com\/es\/wp-json\/wp\/v2\/types\/product"}],"wp:featuredmedia":[{"embeddable":true,"href":"https:\/\/www.sylvie-monthule.com\/es\/wp-json\/wp\/v2\/media\/27160"}],"wp:attachment":[{"href":"https:\/\/www.sylvie-monthule.com\/es\/wp-json\/wp\/v2\/media?parent=28207"}],"wp:term":[{"taxonomy":"product_brand","embeddable":true,"href":"https:\/\/www.sylvie-monthule.com\/es\/wp-json\/wp\/v2\/product_brand?post=28207"},{"taxonomy":"product_cat","embeddable":true,"href":"https:\/\/www.sylvie-monthule.com\/es\/wp-json\/wp\/v2\/product_cat?post=28207"},{"taxonomy":"product_tag","embeddable":true,"href":"https:\/\/www.sylvie-monthule.com\/es\/wp-json\/wp\/v2\/product_tag?post=28207"}],"curies":[{"name":"wp","href":"https:\/\/api.w.org\/{rel}","templated":true}]}}