{"id":23808,"date":"2008-11-22T00:00:00","date_gmt":"2008-11-21T23:00:00","guid":{"rendered":"http:\/\/www.sylvie-monthule.com\/jewel\/string-drape-pour-lui-2\/"},"modified":"2025-02-27T14:26:36","modified_gmt":"2025-02-27T13:26:36","slug":"tanga-hombre-cortina-de-cadenas","status":"publish","type":"product","link":"https:\/\/www.sylvie-monthule.com\/es\/joya\/tanga-hombre-cortina-de-cadenas\/","title":{"rendered":"Tanga hombre \u00abcortina de cadenas\u00bb"},"content":{"rendered":"<p style=\"text-align: justify;\">Una cortina de cadenas cubre tu cuerpo, justo encima de tu pene&#8230; Una joya \u00edntima para hombres hecha con cadenas suaves, visuales y anchas. Esta tanga es muy c\u00f3moda, y su sistema de cintura el\u00e1stica permite un ajuste perfecto de la joya. Tu cuerpo, tu sexo, est\u00e1n vestidos de oro, y libres de sus movimientos y emociones!<\/p>\n","protected":false},"excerpt":{"rendered":"<div>\n<div>\n<p>Gracias a sus suaves el\u00e1sticos de algod\u00f3n,<br \/>\npuede colocar la joya tanga a la perfecci\u00f3n.<\/p>\n<p>Tanga con cortina de cadenas.<br \/>\nDorado de la m\u00e1s alta calidad<br \/>\ncon 1 micra de 16 quilates y acabado de 24 quilates<br \/>\nHipoalerg\u00e9nica.<\/p>\n<\/div>\n<\/div>\n","protected":false},"featured_media":12281,"template":"","meta":{"_acf_changed":false},"product_brand":[],"product_cat":[102,103],"product_tag":[],"class_list":{"0":"post-23808","1":"product","2":"type-product","3":"status-publish","4":"has-post-thumbnail","6":"product_cat-joyerias-hombres","7":"product_cat-joyerias-tanga-es","8":"collection-colecciones-antiguas","9":"product_option-informacion-tallas","11":"first","12":"instock","13":"taxable","14":"shipping-taxable","15":"purchasable","16":"product-type-simple"},"acf":[],"_links":{"self":[{"href":"https:\/\/www.sylvie-monthule.com\/es\/wp-json\/wp\/v2\/product\/23808","targetHints":{"allow":["GET"]}}],"collection":[{"href":"https:\/\/www.sylvie-monthule.com\/es\/wp-json\/wp\/v2\/product"}],"about":[{"href":"https:\/\/www.sylvie-monthule.com\/es\/wp-json\/wp\/v2\/types\/product"}],"wp:featuredmedia":[{"embeddable":true,"href":"https:\/\/www.sylvie-monthule.com\/es\/wp-json\/wp\/v2\/media\/12281"}],"wp:attachment":[{"href":"https:\/\/www.sylvie-monthule.com\/es\/wp-json\/wp\/v2\/media?parent=23808"}],"wp:term":[{"taxonomy":"product_brand","embeddable":true,"href":"https:\/\/www.sylvie-monthule.com\/es\/wp-json\/wp\/v2\/product_brand?post=23808"},{"taxonomy":"product_cat","embeddable":true,"href":"https:\/\/www.sylvie-monthule.com\/es\/wp-json\/wp\/v2\/product_cat?post=23808"},{"taxonomy":"product_tag","embeddable":true,"href":"https:\/\/www.sylvie-monthule.com\/es\/wp-json\/wp\/v2\/product_tag?post=23808"}],"curies":[{"name":"wp","href":"https:\/\/api.w.org\/{rel}","templated":true}]}}