{"id":23788,"date":"2008-11-23T00:00:00","date_gmt":"2008-11-22T23:00:00","guid":{"rendered":"http:\/\/www.sylvie-monthule.com\/jewel\/ecrin-de-jouissance-clitoris-3\/"},"modified":"2025-02-17T08:47:11","modified_gmt":"2025-02-17T07:47:11","slug":"joya-clitoris-delicia-plata","status":"publish","type":"product","link":"https:\/\/www.sylvie-monthule.com\/es\/joya\/joya-clitoris-delicia-plata\/","title":{"rendered":"Joya Clitoris Delicia plata"},"content":{"rendered":"<p>Curvada y sutilmente profunda, la joya Ecrin de Jouissance est\u00e1 perfectamente colocada para hacer brillar su cl\u00edtoris con deleite\u2026 Un precioso estuche de joyas para extender sus labios suavemente y que ofrece su intimidad como una delicia\u2026 Deslice suavemente sus dedos en el delicioso \u00f3valo de la joya y acaricie su cl\u00edtoris, con delicadeza luego con m\u00e1s intensidad para aumentar el placer! Contempla su cl\u00edtoris que se eleva, reacciona a sus caricias, siempre prisionero del joyero. Un maravilloso y emocionante espect\u00e1culo para ti y su amante.<\/p>\n","protected":false},"excerpt":{"rendered":"<div>\n<div>\n<div>\n<p>Una joya del cl\u00edtoris de forma ovalada.<br \/>\nPara todas las morfolog\u00edas \u00edntimas<br \/>\nGracias a sus suaves el\u00e1sticos de algod\u00f3n,<br \/>\npuede colocar la joya tanga a la perfecci\u00f3n.<\/p>\n<p>Joya 10 micrones de plata en el metal<br \/>\nLavable a mano. Hipoalerg\u00e9nica.<\/p>\n<\/div>\n<\/div>\n<\/div>\n","protected":false},"featured_media":12929,"template":"","meta":{"_acf_changed":false},"product_brand":[],"product_cat":[90,93],"product_tag":[],"class_list":{"0":"post-23788","1":"product","2":"type-product","3":"status-publish","4":"has-post-thumbnail","6":"product_cat-joyerias-mujeres","7":"product_cat-joyerias-clitoris","8":"collection-joyas-fuera-de-coleccion","9":"product_option-informacion-tallas","11":"first","12":"instock","13":"taxable","14":"shipping-taxable","15":"purchasable","16":"product-type-simple"},"acf":[],"_links":{"self":[{"href":"https:\/\/www.sylvie-monthule.com\/es\/wp-json\/wp\/v2\/product\/23788","targetHints":{"allow":["GET"]}}],"collection":[{"href":"https:\/\/www.sylvie-monthule.com\/es\/wp-json\/wp\/v2\/product"}],"about":[{"href":"https:\/\/www.sylvie-monthule.com\/es\/wp-json\/wp\/v2\/types\/product"}],"wp:featuredmedia":[{"embeddable":true,"href":"https:\/\/www.sylvie-monthule.com\/es\/wp-json\/wp\/v2\/media\/12929"}],"wp:attachment":[{"href":"https:\/\/www.sylvie-monthule.com\/es\/wp-json\/wp\/v2\/media?parent=23788"}],"wp:term":[{"taxonomy":"product_brand","embeddable":true,"href":"https:\/\/www.sylvie-monthule.com\/es\/wp-json\/wp\/v2\/product_brand?post=23788"},{"taxonomy":"product_cat","embeddable":true,"href":"https:\/\/www.sylvie-monthule.com\/es\/wp-json\/wp\/v2\/product_cat?post=23788"},{"taxonomy":"product_tag","embeddable":true,"href":"https:\/\/www.sylvie-monthule.com\/es\/wp-json\/wp\/v2\/product_tag?post=23788"}],"curies":[{"name":"wp","href":"https:\/\/api.w.org\/{rel}","templated":true}]}}