{"id":23758,"date":"2008-11-25T00:00:00","date_gmt":"2008-11-24T23:00:00","guid":{"rendered":"http:\/\/www.sylvie-monthule.com\/jewel\/le-bijou-clitoris-goutte-2\/"},"modified":"2025-02-17T08:47:10","modified_gmt":"2025-02-17T07:47:10","slug":"joya-clitoris-gora-oro-y-cristal","status":"publish","type":"product","link":"https:\/\/www.sylvie-monthule.com\/es\/joya\/joya-clitoris-gora-oro-y-cristal\/","title":{"rendered":"Joya Clitoris gota oro y cristal"},"content":{"rendered":"<p style=\"text-align: justify;\">\u00a1Una joya del cl\u00edtoris para experimentar mil placeres! La elegante forma del Bijou se inserta suavemente entre tus labios&#8230; para abrazar tu cl\u00edtoris. El cl\u00edtoris sale, como si estuviera atrapado en la trampa del placer. Una joya codiciosa que te invita a frotar, excitar, acariciar este delicioso tesoro, para hacer palpitar el placer&#8230; \u00a1Su cl\u00edtoris se eleva y Sus dedos juegan con la gota libertina para excitarlo! Una joya er\u00f3tica que se puede llevar como una tanga, y que provocar\u00e1 mil excitaciones&#8230;<\/p>\n","protected":false},"excerpt":{"rendered":"<p>Una joya del cl\u00edtoris de forma ovalada.<br \/>\nPara todas las morfolog\u00edas \u00edntimas<br \/>\nGracias a sus suaves el\u00e1sticos de algod\u00f3n,<br \/>\npuede colocar la joya tanga a la perfecci\u00f3n.<\/p>\n<p>Joya plateado\u00a0 3 micrones de oro con cristales.<br \/>\nGota con cristal.<br \/>\nLavable a mano. Hipoalerg\u00e9nica.<\/p>\n","protected":false},"featured_media":12954,"template":"","meta":{"_acf_changed":false},"product_brand":[],"product_cat":[90,93],"product_tag":[],"class_list":{"0":"post-23758","1":"product","2":"type-product","3":"status-publish","4":"has-post-thumbnail","6":"product_cat-joyerias-mujeres","7":"product_cat-joyerias-clitoris","8":"collection-30-anos-de-erotismo","9":"collection-colecciones-antiguas","10":"product_option-informacion-tallas","12":"first","13":"instock","14":"taxable","15":"shipping-taxable","16":"purchasable","17":"product-type-simple"},"acf":[],"_links":{"self":[{"href":"https:\/\/www.sylvie-monthule.com\/es\/wp-json\/wp\/v2\/product\/23758","targetHints":{"allow":["GET"]}}],"collection":[{"href":"https:\/\/www.sylvie-monthule.com\/es\/wp-json\/wp\/v2\/product"}],"about":[{"href":"https:\/\/www.sylvie-monthule.com\/es\/wp-json\/wp\/v2\/types\/product"}],"wp:featuredmedia":[{"embeddable":true,"href":"https:\/\/www.sylvie-monthule.com\/es\/wp-json\/wp\/v2\/media\/12954"}],"wp:attachment":[{"href":"https:\/\/www.sylvie-monthule.com\/es\/wp-json\/wp\/v2\/media?parent=23758"}],"wp:term":[{"taxonomy":"product_brand","embeddable":true,"href":"https:\/\/www.sylvie-monthule.com\/es\/wp-json\/wp\/v2\/product_brand?post=23758"},{"taxonomy":"product_cat","embeddable":true,"href":"https:\/\/www.sylvie-monthule.com\/es\/wp-json\/wp\/v2\/product_cat?post=23758"},{"taxonomy":"product_tag","embeddable":true,"href":"https:\/\/www.sylvie-monthule.com\/es\/wp-json\/wp\/v2\/product_tag?post=23758"}],"curies":[{"name":"wp","href":"https:\/\/api.w.org\/{rel}","templated":true}]}}