{"id":23748,"date":"2008-11-25T00:00:00","date_gmt":"2008-11-24T23:00:00","guid":{"rendered":"http:\/\/www.sylvie-monthule.com\/jewel\/string-gouttes-penetrantes-2\/"},"modified":"2025-02-17T08:47:08","modified_gmt":"2025-02-17T07:47:08","slug":"tanga-perlas-libertinas","status":"publish","type":"product","link":"https:\/\/www.sylvie-monthule.com\/es\/joya\/tanga-perlas-libertinas\/","title":{"rendered":"Tanga perlas libertinas"},"content":{"rendered":"<p>4 perlas traviesas, 4 gotas libertinas, se deslizan a lo largo de su sexo. La Joya tanga \u00abgotas penetrantes\u00bb es una joya atrevida que cautiva los sentidos: la primera perla est\u00e1 bellamente colocada en su pubis, la segunda perla juega con tu cl\u00edtoris, la tercera y cuarta perla penetra delicadamente su sexo. Sus dedos acarician los traviesos colgantes, jugando a introducir las perlas! Las gotas acarician todo el pubis, y el placer sube, sutil e intenso!<\/p>\n<p>&nbsp;<\/p>\n","protected":false},"excerpt":{"rendered":"<p>Elija su tanga perlas libertinas,<br \/>\nde acuerdo con su tama\u00f1o habitual de lencer\u00eda.<br \/>\nUna joya \u00edntima dise\u00f1ada con el\u00e1sticos .<br \/>\npara una comodidad perfecta.<\/p>\n<p>Finas cadenas y gotas de hematita.<br \/>\nDorado de la m\u00e1s alta calidad con 1 micra<br \/>\nde 16 quilates y acabado de 24 quilates<br \/>\nHipoalerg\u00e9nica.<\/p>\n","protected":false},"featured_media":12510,"template":"","meta":{"_acf_changed":false},"product_brand":[],"product_cat":[90,91],"product_tag":[],"class_list":{"0":"post-23748","1":"product","2":"type-product","3":"status-publish","4":"has-post-thumbnail","6":"product_cat-joyerias-mujeres","7":"product_cat-joyerias-tanga","8":"collection-colecciones-antiguas","9":"product_option-informacion-tallas","11":"first","12":"instock","13":"taxable","14":"shipping-taxable","15":"purchasable","16":"product-type-simple"},"acf":[],"_links":{"self":[{"href":"https:\/\/www.sylvie-monthule.com\/es\/wp-json\/wp\/v2\/product\/23748","targetHints":{"allow":["GET"]}}],"collection":[{"href":"https:\/\/www.sylvie-monthule.com\/es\/wp-json\/wp\/v2\/product"}],"about":[{"href":"https:\/\/www.sylvie-monthule.com\/es\/wp-json\/wp\/v2\/types\/product"}],"wp:featuredmedia":[{"embeddable":true,"href":"https:\/\/www.sylvie-monthule.com\/es\/wp-json\/wp\/v2\/media\/12510"}],"wp:attachment":[{"href":"https:\/\/www.sylvie-monthule.com\/es\/wp-json\/wp\/v2\/media?parent=23748"}],"wp:term":[{"taxonomy":"product_brand","embeddable":true,"href":"https:\/\/www.sylvie-monthule.com\/es\/wp-json\/wp\/v2\/product_brand?post=23748"},{"taxonomy":"product_cat","embeddable":true,"href":"https:\/\/www.sylvie-monthule.com\/es\/wp-json\/wp\/v2\/product_cat?post=23748"},{"taxonomy":"product_tag","embeddable":true,"href":"https:\/\/www.sylvie-monthule.com\/es\/wp-json\/wp\/v2\/product_tag?post=23748"}],"curies":[{"name":"wp","href":"https:\/\/api.w.org\/{rel}","templated":true}]}}