{"id":23692,"date":"2008-11-28T00:00:00","date_gmt":"2008-11-27T23:00:00","guid":{"rendered":"http:\/\/www.sylvie-monthule.com\/jewel\/chaine-cheville-cristal-rose-2\/"},"modified":"2025-02-17T08:48:17","modified_gmt":"2025-02-17T07:48:17","slug":"chaine-cheville-cristal-rose","status":"publish","type":"product","link":"https:\/\/www.sylvie-monthule.com\/es\/joya\/chaine-cheville-cristal-rose\/","title":{"rendered":"Chaine Cheville Cristal Rose"},"content":{"rendered":"<p>Une Chaine Cheville adorable, toute en Harmonie avec la Chaine de Taille Duo Papillon&#8230; Une cr\u00e9ation Sylvie Monthul\u00e9 pour faire de votre d\u00e9marche un R\u00eave de l\u00e9g\u00e8ret\u00e9 et de Gr\u00e2ce&#8230;<\/p>\n","protected":false},"excerpt":{"rendered":"<p>Bijou cheville avec 2 positions de r\u00e9glage, \u00e0 22 et 25 cm.<\/p>\n<p>Mati\u00e8re :  Bijou plaqu\u00e9 or 3 microns 16 carats et finition 24 carats sur m\u00e9tal. Cristal facettes. Sans nickel. Lavable main. Hypoallerg\u00e9nique.<br \/>\n Couleur :  Fuchsia et Or<br \/>\n Conception :  Sylvie Monthul\u00e9<\/p>\n","protected":false},"featured_media":13142,"template":"","meta":{"_acf_changed":false},"product_brand":[],"product_cat":[90,97],"product_tag":[],"class_list":{"0":"post-23692","1":"product","2":"type-product","3":"status-publish","4":"has-post-thumbnail","6":"product_cat-joyerias-mujeres","7":"product_cat-joyerias-cintura-y-tobillo","8":"collection-joyas-fuera-de-coleccion","10":"first","11":"instock","12":"taxable","13":"shipping-taxable","14":"purchasable","15":"product-type-simple"},"acf":[],"_links":{"self":[{"href":"https:\/\/www.sylvie-monthule.com\/es\/wp-json\/wp\/v2\/product\/23692","targetHints":{"allow":["GET"]}}],"collection":[{"href":"https:\/\/www.sylvie-monthule.com\/es\/wp-json\/wp\/v2\/product"}],"about":[{"href":"https:\/\/www.sylvie-monthule.com\/es\/wp-json\/wp\/v2\/types\/product"}],"wp:featuredmedia":[{"embeddable":true,"href":"https:\/\/www.sylvie-monthule.com\/es\/wp-json\/wp\/v2\/media\/13142"}],"wp:attachment":[{"href":"https:\/\/www.sylvie-monthule.com\/es\/wp-json\/wp\/v2\/media?parent=23692"}],"wp:term":[{"taxonomy":"product_brand","embeddable":true,"href":"https:\/\/www.sylvie-monthule.com\/es\/wp-json\/wp\/v2\/product_brand?post=23692"},{"taxonomy":"product_cat","embeddable":true,"href":"https:\/\/www.sylvie-monthule.com\/es\/wp-json\/wp\/v2\/product_cat?post=23692"},{"taxonomy":"product_tag","embeddable":true,"href":"https:\/\/www.sylvie-monthule.com\/es\/wp-json\/wp\/v2\/product_tag?post=23692"}],"curies":[{"name":"wp","href":"https:\/\/api.w.org\/{rel}","templated":true}]}}