{"id":23592,"date":"2008-12-08T00:00:00","date_gmt":"2008-12-07T23:00:00","guid":{"rendered":"http:\/\/www.sylvie-monthule.com\/jewel\/le-bijou-clit-ose-2\/"},"modified":"2025-02-17T08:47:09","modified_gmt":"2025-02-17T07:47:09","slug":"joya-clitoris-oro-y-cristal","status":"publish","type":"product","link":"https:\/\/www.sylvie-monthule.com\/es\/joya\/joya-clitoris-oro-y-cristal\/","title":{"rendered":"Joya clitoris oro y cristal"},"content":{"rendered":"<p style=\"text-align: justify;\">\u00a1Una de las primeras joyas del cl\u00edtoris de Sylvie Monthul\u00e9! Una delicia. C\u00f3nica y lisa, suficientemente profunda, se ajusta perfectamente a la forma del sexo. Extiende delicadamente los labios y se envuelve amorosamente alrededor del cl\u00edtoris&#8230; su capullo de rosa se eleva naturalmente, rodeado de oro y cristal. \u00a1Inviten a sus dedos en la encantadora apertura de la joya para acariciar el objeto de su deseo y sucumbir a la magia del placer! \u00a1Una joya para ser descubierta por su pareja sin m\u00e1s demora!<\/p>\n","protected":false},"excerpt":{"rendered":"<div>\n<p>Una joya del cl\u00edtoris de forma ovalada.<br \/>\nPara todas las morfolog\u00edas \u00edntimas<br \/>\nGracias a sus suaves el\u00e1sticos de algod\u00f3n,<br \/>\npuede colocar la joya tanga a la perfecci\u00f3n.<\/p>\n<p>Joya plateado\u00a0 3 micrones de oro con cristales.<br \/>\nLavable a mano. Hipoalerg\u00e9nica.<\/p>\n<\/div>\n","protected":false},"featured_media":12959,"template":"","meta":{"_acf_changed":false},"product_brand":[],"product_cat":[90,93],"product_tag":[],"class_list":{"0":"post-23592","1":"product","2":"type-product","3":"status-publish","4":"has-post-thumbnail","6":"product_cat-joyerias-mujeres","7":"product_cat-joyerias-clitoris","8":"collection-un-diamante-intimo-para-ti","9":"collection-colecciones-antiguas","10":"product_option-informacion-tallas","12":"first","13":"instock","14":"taxable","15":"shipping-taxable","16":"purchasable","17":"product-type-simple"},"acf":[],"_links":{"self":[{"href":"https:\/\/www.sylvie-monthule.com\/es\/wp-json\/wp\/v2\/product\/23592","targetHints":{"allow":["GET"]}}],"collection":[{"href":"https:\/\/www.sylvie-monthule.com\/es\/wp-json\/wp\/v2\/product"}],"about":[{"href":"https:\/\/www.sylvie-monthule.com\/es\/wp-json\/wp\/v2\/types\/product"}],"wp:featuredmedia":[{"embeddable":true,"href":"https:\/\/www.sylvie-monthule.com\/es\/wp-json\/wp\/v2\/media\/12959"}],"wp:attachment":[{"href":"https:\/\/www.sylvie-monthule.com\/es\/wp-json\/wp\/v2\/media?parent=23592"}],"wp:term":[{"taxonomy":"product_brand","embeddable":true,"href":"https:\/\/www.sylvie-monthule.com\/es\/wp-json\/wp\/v2\/product_brand?post=23592"},{"taxonomy":"product_cat","embeddable":true,"href":"https:\/\/www.sylvie-monthule.com\/es\/wp-json\/wp\/v2\/product_cat?post=23592"},{"taxonomy":"product_tag","embeddable":true,"href":"https:\/\/www.sylvie-monthule.com\/es\/wp-json\/wp\/v2\/product_tag?post=23592"}],"curies":[{"name":"wp","href":"https:\/\/api.w.org\/{rel}","templated":true}]}}