{"id":23484,"date":"2008-12-29T00:00:00","date_gmt":"2008-12-28T23:00:00","guid":{"rendered":"http:\/\/www.sylvie-monthule.com\/jewel\/boule-elle-et-lui-3\/"},"modified":"2025-02-27T14:26:35","modified_gmt":"2025-02-27T13:26:35","slug":"joya-bola-anal-para-el","status":"publish","type":"product","link":"https:\/\/www.sylvie-monthule.com\/es\/joya\/joya-bola-anal-para-el\/","title":{"rendered":"Joya Bola anal para El"},"content":{"rendered":"<p>\u00a1Una bola penetrante con colores luminosos! Una joya del ano para descubrir las delicias y los placeres, con refinamiento. Elegir\u00e1s su color; azul o p\u00farpura&#8230; Una joya \u00edntima perfecta para la estimulaci\u00f3n anal sin fin&#8230;<\/p>\n","protected":false},"excerpt":{"rendered":"<p>Joyer\u00eda anal de resina<br \/>\nBola de color azul o p\u00farpura<br \/>\nDi\u00e1metro; 34 mm.<\/p>\n<p>Colgantes con cadenas soldadas,<br \/>\nDorado de la m\u00e1s alta calidad con 1 micra<br \/>\nde 16 quilates y acabado de 24 quilates<br \/>\nLavable en agua jabonosa.<br \/>\nHipoalerg\u00e9nica.<\/p>\n","protected":false},"featured_media":13362,"template":"","meta":{"_acf_changed":false},"product_brand":[],"product_cat":[102,105],"product_tag":[],"class_list":{"0":"post-23484","1":"product","2":"type-product","3":"status-publish","4":"has-post-thumbnail","6":"product_cat-joyerias-hombres","7":"product_cat-joyerias-anal","8":"collection-30-anos-de-erotismo","9":"collection-joyas-fuera-de-coleccion","10":"product_option-consejos-de-mantenimiento","12":"first","13":"instock","14":"featured","15":"taxable","16":"shipping-taxable","17":"purchasable","18":"product-type-simple"},"acf":[],"_links":{"self":[{"href":"https:\/\/www.sylvie-monthule.com\/es\/wp-json\/wp\/v2\/product\/23484","targetHints":{"allow":["GET"]}}],"collection":[{"href":"https:\/\/www.sylvie-monthule.com\/es\/wp-json\/wp\/v2\/product"}],"about":[{"href":"https:\/\/www.sylvie-monthule.com\/es\/wp-json\/wp\/v2\/types\/product"}],"wp:featuredmedia":[{"embeddable":true,"href":"https:\/\/www.sylvie-monthule.com\/es\/wp-json\/wp\/v2\/media\/13362"}],"wp:attachment":[{"href":"https:\/\/www.sylvie-monthule.com\/es\/wp-json\/wp\/v2\/media?parent=23484"}],"wp:term":[{"taxonomy":"product_brand","embeddable":true,"href":"https:\/\/www.sylvie-monthule.com\/es\/wp-json\/wp\/v2\/product_brand?post=23484"},{"taxonomy":"product_cat","embeddable":true,"href":"https:\/\/www.sylvie-monthule.com\/es\/wp-json\/wp\/v2\/product_cat?post=23484"},{"taxonomy":"product_tag","embeddable":true,"href":"https:\/\/www.sylvie-monthule.com\/es\/wp-json\/wp\/v2\/product_tag?post=23484"}],"curies":[{"name":"wp","href":"https:\/\/api.w.org\/{rel}","templated":true}]}}