{"id":22790,"date":"2012-11-22T00:00:00","date_gmt":"2012-11-21T23:00:00","guid":{"rendered":"http:\/\/www.sylvie-monthule.com\/jewel\/bijou-oeuf-penetrant-or-perle-2\/"},"modified":"2025-02-17T08:46:54","modified_gmt":"2025-02-17T07:46:54","slug":"joya-huevo-intimo-oro-y-negro","status":"publish","type":"product","link":"https:\/\/www.sylvie-monthule.com\/es\/joya\/joya-huevo-intimo-oro-y-negro\/","title":{"rendered":"Joya huevo \u00edntimo oro y negro"},"content":{"rendered":"<p style=\"text-align: justify;\">Imagine joyas de extremo refinamiento creadas para su placer&#8230; Huevos de placer, atrevidos, vestidos de lujo y voluptuosidad. Descubre los Huevos Penetrantes, con reflejos negros y brillantes, tan suaves y lisos como el terciopelo&#8230;\u00a0Elija el di\u00e1metro de su huevo sexo, 34 o 28 mm, para la excitaci\u00f3n vaginal o la estimulaci\u00f3n anal. El huevo masajea tu sexo o tu ano, seg\u00fan tus deseos. \u00a1La forma del huevo es ideal para la penetraci\u00f3n!\u00a0La cadena y la perla negra bailan en el cuerpo y acarician la piel. \u00a1Sucumbir a las joyas penetrantes!<\/p>\n","protected":false},"excerpt":{"rendered":"<p>Huevo vaginal o anal con resina negra brillante.<br \/>\nDi\u00e1metro: 34 o 28 mm.<br \/>\n(Longitud Huevo diametro 34 mm : 5 cm.<br \/>\nLongitud Huevodiametro 28 mm\u00a0 ; 4 cm)<\/p>\n<p>Colgante (8 cm) con cadena soldada<br \/>\nAdorno de sat\u00e9n y gota negra.<br \/>\nDorado de la m\u00e1s alta calidad con 1 micra<br \/>\nde 16 quilates y acabado de 24 quilates<br \/>\nLavable en agua jabonosa.<br \/>\nHipoalerg\u00e9nica.<\/p>\n","protected":false},"featured_media":14909,"template":"","meta":{"_acf_changed":false},"product_brand":[],"product_cat":[90,94],"product_tag":[],"class_list":{"0":"post-22790","1":"product","2":"type-product","3":"status-publish","4":"has-post-thumbnail","6":"product_cat-joyerias-mujeres","7":"product_cat-joyerias-penetrantes","8":"collection-30-anos-de-erotismo","9":"collection-lart-du-plaisir-es","10":"product_option-consejos-de-mantenimiento","12":"first","13":"instock","14":"featured","15":"taxable","16":"shipping-taxable","17":"purchasable","18":"product-type-simple"},"acf":[],"_links":{"self":[{"href":"https:\/\/www.sylvie-monthule.com\/es\/wp-json\/wp\/v2\/product\/22790","targetHints":{"allow":["GET"]}}],"collection":[{"href":"https:\/\/www.sylvie-monthule.com\/es\/wp-json\/wp\/v2\/product"}],"about":[{"href":"https:\/\/www.sylvie-monthule.com\/es\/wp-json\/wp\/v2\/types\/product"}],"wp:featuredmedia":[{"embeddable":true,"href":"https:\/\/www.sylvie-monthule.com\/es\/wp-json\/wp\/v2\/media\/14909"}],"wp:attachment":[{"href":"https:\/\/www.sylvie-monthule.com\/es\/wp-json\/wp\/v2\/media?parent=22790"}],"wp:term":[{"taxonomy":"product_brand","embeddable":true,"href":"https:\/\/www.sylvie-monthule.com\/es\/wp-json\/wp\/v2\/product_brand?post=22790"},{"taxonomy":"product_cat","embeddable":true,"href":"https:\/\/www.sylvie-monthule.com\/es\/wp-json\/wp\/v2\/product_cat?post=22790"},{"taxonomy":"product_tag","embeddable":true,"href":"https:\/\/www.sylvie-monthule.com\/es\/wp-json\/wp\/v2\/product_tag?post=22790"}],"curies":[{"name":"wp","href":"https:\/\/api.w.org\/{rel}","templated":true}]}}