{"id":22788,"date":"2012-11-22T00:00:00","date_gmt":"2012-11-21T23:00:00","guid":{"rendered":"http:\/\/www.sylvie-monthule.com\/jewel\/double-secret-penetrant-argent-goutte-2\/"},"modified":"2025-02-17T08:46:53","modified_gmt":"2025-02-17T07:46:53","slug":"doble-secreto-huevos-intimos-plata","status":"publish","type":"product","link":"https:\/\/www.sylvie-monthule.com\/es\/joya\/doble-secreto-huevos-intimos-plata\/","title":{"rendered":"\u201cDoble Secreto\u201d huevos \u00edntimos plata"},"content":{"rendered":"<p>Esplendor y placer de una joya penetrante \u00fanica, tanto vaginal como anal, que satisfar\u00e1 todos sus deseos incluso los m\u00e1s codiciosos\u2026 El primer huevo estimula su sexo con placer, el segundo, m\u00e1s peque\u00f1o, estimula su ano. Los huevos, suaves, se mantienen perfectamente \u2026 S\u00f3lo la cadena de plata que los une, aparece entre sus labios. Una sublime joya penetrante, para vivir intensos placeres\u2026 Una joya sexual, refinada en sus m\u00e1s peque\u00f1os detalles: con su sat\u00e9n negro y la gota negra suspendida que acaricia la piel\u2026<\/p>\n","protected":false},"excerpt":{"rendered":"<div>\n<p>Di\u00e1metro huevo vaginal ;\u00a0 34 mm (long 5 cm)<br \/>\nDi\u00e1metro huevo anal :\u00a0 28 mm (long : 4 cm)<br \/>\nHuevos hechos de resina negra.<br \/>\nCadena soldada<br \/>\n(longitud de la cadena entre los huevos; 23 cm)<\/p>\n<p>Plata 10 micras<br \/>\nColgante con cadena (6 cm),<br \/>\nSat\u00e9n y perla negra.<br \/>\nHipoalerg\u00e9nica.<\/p>\n<\/div>\n","protected":false},"featured_media":14904,"template":"","meta":{"_acf_changed":false},"product_brand":[],"product_cat":[90,94],"product_tag":[],"class_list":{"0":"post-22788","1":"product","2":"type-product","3":"status-publish","4":"has-post-thumbnail","6":"product_cat-joyerias-mujeres","7":"product_cat-joyerias-penetrantes","8":"collection-lart-du-plaisir-es","9":"product_option-consejos-de-mantenimiento","11":"first","12":"instock","13":"taxable","14":"shipping-taxable","15":"purchasable","16":"product-type-simple"},"acf":[],"_links":{"self":[{"href":"https:\/\/www.sylvie-monthule.com\/es\/wp-json\/wp\/v2\/product\/22788","targetHints":{"allow":["GET"]}}],"collection":[{"href":"https:\/\/www.sylvie-monthule.com\/es\/wp-json\/wp\/v2\/product"}],"about":[{"href":"https:\/\/www.sylvie-monthule.com\/es\/wp-json\/wp\/v2\/types\/product"}],"wp:featuredmedia":[{"embeddable":true,"href":"https:\/\/www.sylvie-monthule.com\/es\/wp-json\/wp\/v2\/media\/14904"}],"wp:attachment":[{"href":"https:\/\/www.sylvie-monthule.com\/es\/wp-json\/wp\/v2\/media?parent=22788"}],"wp:term":[{"taxonomy":"product_brand","embeddable":true,"href":"https:\/\/www.sylvie-monthule.com\/es\/wp-json\/wp\/v2\/product_brand?post=22788"},{"taxonomy":"product_cat","embeddable":true,"href":"https:\/\/www.sylvie-monthule.com\/es\/wp-json\/wp\/v2\/product_cat?post=22788"},{"taxonomy":"product_tag","embeddable":true,"href":"https:\/\/www.sylvie-monthule.com\/es\/wp-json\/wp\/v2\/product_tag?post=22788"}],"curies":[{"name":"wp","href":"https:\/\/api.w.org\/{rel}","templated":true}]}}