{"id":22776,"date":"2012-11-23T00:00:00","date_gmt":"2012-11-22T23:00:00","guid":{"rendered":"http:\/\/www.sylvie-monthule.com\/jewel\/bijou-oeuf-penetrant-argent-perle-2\/"},"modified":"2025-02-17T08:46:53","modified_gmt":"2025-02-17T07:46:53","slug":"joya-huevo-intimo-plata-y-negro","status":"publish","type":"product","link":"https:\/\/www.sylvie-monthule.com\/es\/joya\/joya-huevo-intimo-plata-y-negro\/","title":{"rendered":"Joya huevo \u00edntimo plata y negro"},"content":{"rendered":"<p style=\"text-align: justify;\">Imagine joyas de extremo refinamiento creadas para su placer\u2026 Huevos de placer, atrevidos, vestidos de lujo y voluptuosidad. Descubre los Huevos penetrantes, con reflejos negros y brillantes, tan suaves y lisos como el terciopelo\u2026 Elija el di\u00e1metro de su huevo sexy, 34 o 28 mm, para la excitaci\u00f3n vaginal o la estimulaci\u00f3n anal. El huevo masajea tu sexo o tu ano, seg\u00fan tus deseos. \u00a1La forma del huevo es ideal para la penetraci\u00f3n! La cadena plata y la perla negra bailan en el cuerpo y acarician la piel. \u00a1Sucumbir a las joyas penetrantes!<\/p>\n","protected":false},"excerpt":{"rendered":"<div>\n<p>Huevo vaginal o anal con resina negra brillante.<br \/>\nDi\u00e1metro: 34 o 28 mm.<br \/>\n(Longitud Huevo diametro 34 mm : 5 cm.<br \/>\nLongitud Huevodiametro 28 mm; 4 cm)<\/p>\n<p>Colgante (8 cm) con cadena soldada<br \/>\nAdorno de sat\u00e9n y gota negra.<br \/>\nChapado en plata de 10 micras<br \/>\nLavable en agua jabonosa.<br \/>\nHipoalerg\u00e9nica.<\/p>\n<\/div>\n","protected":false},"featured_media":14919,"template":"","meta":{"_acf_changed":false},"product_brand":[],"product_cat":[90,94],"product_tag":[],"class_list":{"0":"post-22776","1":"product","2":"type-product","3":"status-publish","4":"has-post-thumbnail","6":"product_cat-joyerias-mujeres","7":"product_cat-joyerias-penetrantes","8":"collection-lart-du-plaisir-es","9":"product_option-consejos-de-mantenimiento","11":"first","12":"instock","13":"taxable","14":"shipping-taxable","15":"purchasable","16":"product-type-simple"},"acf":[],"_links":{"self":[{"href":"https:\/\/www.sylvie-monthule.com\/es\/wp-json\/wp\/v2\/product\/22776","targetHints":{"allow":["GET"]}}],"collection":[{"href":"https:\/\/www.sylvie-monthule.com\/es\/wp-json\/wp\/v2\/product"}],"about":[{"href":"https:\/\/www.sylvie-monthule.com\/es\/wp-json\/wp\/v2\/types\/product"}],"wp:featuredmedia":[{"embeddable":true,"href":"https:\/\/www.sylvie-monthule.com\/es\/wp-json\/wp\/v2\/media\/14919"}],"wp:attachment":[{"href":"https:\/\/www.sylvie-monthule.com\/es\/wp-json\/wp\/v2\/media?parent=22776"}],"wp:term":[{"taxonomy":"product_brand","embeddable":true,"href":"https:\/\/www.sylvie-monthule.com\/es\/wp-json\/wp\/v2\/product_brand?post=22776"},{"taxonomy":"product_cat","embeddable":true,"href":"https:\/\/www.sylvie-monthule.com\/es\/wp-json\/wp\/v2\/product_cat?post=22776"},{"taxonomy":"product_tag","embeddable":true,"href":"https:\/\/www.sylvie-monthule.com\/es\/wp-json\/wp\/v2\/product_tag?post=22776"}],"curies":[{"name":"wp","href":"https:\/\/api.w.org\/{rel}","templated":true}]}}