{"id":22770,"date":"2012-11-23T00:00:00","date_gmt":"2012-11-22T23:00:00","guid":{"rendered":"http:\/\/www.sylvie-monthule.com\/jewel\/bijoux-seins-pieges-argent-gouttes-2\/"},"modified":"2025-02-17T08:47:32","modified_gmt":"2025-02-17T07:47:32","slug":"rosetas-pezones-plata","status":"publish","type":"product","link":"https:\/\/www.sylvie-monthule.com\/es\/joya\/rosetas-pezones-plata\/","title":{"rendered":"Rosetas pezones plata"},"content":{"rendered":"<p style=\"text-align: justify;\">Sus guantes de sat\u00e9n acarician las rosetas de plata que rodean sus pezones. Las sublimes rosetas cubren las areolas de sus pechos\u2026 y sus pezones se elevan, en medio de estos corazones de plata! Dos finas gotas se balancean, suspendidas, m\u00e1gicas y libertinas\u2026 para rozar las curvas de los pechos. Una joya \u00edntima con un dise\u00f1o magn\u00edfico y sensual, para adornar su cuerpo, sin piercing.<\/p>\n","protected":false},"excerpt":{"rendered":"<div>\n<p>Joyas de pecho para adornar el pez\u00f3n y la areola.<br \/>\nSistema no piercing,\u00a0indoloro y corredizo,<br \/>\nadaptable a todos los tama\u00f1os de pezones<\/p>\n<p>Chapado en plata de 10 micras sobre metal.<br \/>\nRoseta, cadena y peque\u00f1a gota.<br \/>\nHipoalerg\u00e9nico<\/p>\n<\/div>\n","protected":false},"featured_media":14832,"template":"","meta":{"_acf_changed":false},"product_brand":[],"product_cat":[90,95],"product_tag":[],"class_list":{"0":"post-22770","1":"product","2":"type-product","3":"status-publish","4":"has-post-thumbnail","6":"product_cat-joyerias-mujeres","7":"product_cat-joyerias-pechos-sin-piercing","8":"collection-lart-du-plaisir-es","10":"first","11":"instock","12":"taxable","13":"shipping-taxable","14":"purchasable","15":"product-type-simple"},"acf":[],"_links":{"self":[{"href":"https:\/\/www.sylvie-monthule.com\/es\/wp-json\/wp\/v2\/product\/22770","targetHints":{"allow":["GET"]}}],"collection":[{"href":"https:\/\/www.sylvie-monthule.com\/es\/wp-json\/wp\/v2\/product"}],"about":[{"href":"https:\/\/www.sylvie-monthule.com\/es\/wp-json\/wp\/v2\/types\/product"}],"wp:featuredmedia":[{"embeddable":true,"href":"https:\/\/www.sylvie-monthule.com\/es\/wp-json\/wp\/v2\/media\/14832"}],"wp:attachment":[{"href":"https:\/\/www.sylvie-monthule.com\/es\/wp-json\/wp\/v2\/media?parent=22770"}],"wp:term":[{"taxonomy":"product_brand","embeddable":true,"href":"https:\/\/www.sylvie-monthule.com\/es\/wp-json\/wp\/v2\/product_brand?post=22770"},{"taxonomy":"product_cat","embeddable":true,"href":"https:\/\/www.sylvie-monthule.com\/es\/wp-json\/wp\/v2\/product_cat?post=22770"},{"taxonomy":"product_tag","embeddable":true,"href":"https:\/\/www.sylvie-monthule.com\/es\/wp-json\/wp\/v2\/product_tag?post=22770"}],"curies":[{"name":"wp","href":"https:\/\/api.w.org\/{rel}","templated":true}]}}