{"id":22768,"date":"2012-11-23T00:00:00","date_gmt":"2012-11-22T23:00:00","guid":{"rendered":"http:\/\/www.sylvie-monthule.com\/jewel\/pendentif-escarpin-de-nuit-or-2\/"},"modified":"2023-06-05T00:02:57","modified_gmt":"2023-06-04T23:02:57","slug":"pendentif-escarpin-de-nuit-or","status":"publish","type":"product","link":"https:\/\/www.sylvie-monthule.com\/es\/joya\/pendentif-escarpin-de-nuit-or\/","title":{"rendered":"Pendentif Escarpin de Nuit Or"},"content":{"rendered":"<p>A votre cou, un Escarpin ravissant&#8230; Finesse du talon aiguille et minuscule cristal pur ornant la chaussure ! Un pendentif \u00e9l\u00e9gant, adorable&#8230; Comme un petit Escarpin de Nuit v\u00eatu d&#8217;Or et de lumi\u00e8re.<\/p>\n","protected":false},"excerpt":{"rendered":"<p>Pendentif escarpin avec incrustation cristal facettes transparent sur chaine fine 45 cm. Bijou avec traitement haute dorure 1 micron 16 carats et finition 24 carats sur m\u00e9tal.<br \/>\nTaille escarpin env 2 cm. Hypoallerg\u00e9nique<\/p>\n","protected":false},"featured_media":20996,"template":"","meta":{"_acf_changed":false},"product_brand":[],"product_cat":[90,100],"product_tag":[],"class_list":{"0":"post-22768","1":"product","2":"type-product","3":"status-publish","4":"has-post-thumbnail","6":"product_cat-joyerias-mujeres","7":"product_cat-colgante-y-pendiente","8":"collection-lart-du-plaisir-es","10":"first","11":"instock","12":"taxable","13":"shipping-taxable","14":"purchasable","15":"product-type-simple"},"acf":[],"_links":{"self":[{"href":"https:\/\/www.sylvie-monthule.com\/es\/wp-json\/wp\/v2\/product\/22768","targetHints":{"allow":["GET"]}}],"collection":[{"href":"https:\/\/www.sylvie-monthule.com\/es\/wp-json\/wp\/v2\/product"}],"about":[{"href":"https:\/\/www.sylvie-monthule.com\/es\/wp-json\/wp\/v2\/types\/product"}],"wp:featuredmedia":[{"embeddable":true,"href":"https:\/\/www.sylvie-monthule.com\/es\/wp-json\/wp\/v2\/media\/20996"}],"wp:attachment":[{"href":"https:\/\/www.sylvie-monthule.com\/es\/wp-json\/wp\/v2\/media?parent=22768"}],"wp:term":[{"taxonomy":"product_brand","embeddable":true,"href":"https:\/\/www.sylvie-monthule.com\/es\/wp-json\/wp\/v2\/product_brand?post=22768"},{"taxonomy":"product_cat","embeddable":true,"href":"https:\/\/www.sylvie-monthule.com\/es\/wp-json\/wp\/v2\/product_cat?post=22768"},{"taxonomy":"product_tag","embeddable":true,"href":"https:\/\/www.sylvie-monthule.com\/es\/wp-json\/wp\/v2\/product_tag?post=22768"}],"curies":[{"name":"wp","href":"https:\/\/api.w.org\/{rel}","templated":true}]}}