{"id":22742,"date":"2012-11-29T00:00:00","date_gmt":"2012-11-28T23:00:00","guid":{"rendered":"http:\/\/www.sylvie-monthule.com\/jewel\/double-secret-penetrant-or-goutte-2\/"},"modified":"2025-12-11T16:31:30","modified_gmt":"2025-12-11T15:31:30","slug":"doble-secreto-huevos-intimos-oro","status":"publish","type":"product","link":"https:\/\/www.sylvie-monthule.com\/es\/joya\/doble-secreto-huevos-intimos-oro\/","title":{"rendered":"\u00abDoble Secreto\u00bb huevos \u00edntimos oro"},"content":{"rendered":"<p>Esplendor y placer de una joya penetrante \u00fanica, tanto vaginal como anal, que satisfar\u00e1 todos sus deseos incluso los m\u00e1s codiciosos&#8230; El primer huevo estimula su sexo con placer, el segundo, m\u00e1s peque\u00f1o, estimula su ano. Los huevos, suaves, se mantienen perfectamente &#8230; S\u00f3lo la cadena de Oro que los une, aparece entre sus labios. Una sublime joya penetrante, para vivir intensos placeres&#8230; Una joya sexual, refinada en sus m\u00e1s peque\u00f1os detalles: con su sat\u00e9n negro y la gota negra suspendida que acaricia la piel&#8230;<\/p>\n","protected":false},"excerpt":{"rendered":"<p>Di\u00e1metro huevo vaginal ;\u00a0 34 mm (long 5 cm)<br \/>\nDi\u00e1metro huevo anal :\u00a0 28 mm (long : 4 cm)<br \/>\nHuevos hechos de resina negra.<br \/>\nCadena soldada<br \/>\n(longitud de la cadena entre los huevos; 23 cm)<\/p>\n<p>Dorado de la m\u00e1s alta calidad con 1 micra<br \/>\nde 16 quilates y acabado de 24 quilates<br \/>\nColgante con cadena (6 cm),<br \/>\nSat\u00e9n y perla negra.<br \/>\nHipoalerg\u00e9nica.<\/p>\n","protected":false},"featured_media":14898,"template":"","meta":{"_acf_changed":false},"product_brand":[],"product_cat":[90,94],"product_tag":[],"class_list":{"0":"post-22742","1":"product","2":"type-product","3":"status-publish","4":"has-post-thumbnail","6":"product_cat-joyerias-mujeres","7":"product_cat-joyerias-penetrantes","8":"collection-30-anos-de-erotismo","9":"collection-lart-du-plaisir-es","10":"product_option-consejos-de-mantenimiento","12":"first","13":"instock","14":"taxable","15":"shipping-taxable","16":"purchasable","17":"product-type-simple"},"acf":[],"_links":{"self":[{"href":"https:\/\/www.sylvie-monthule.com\/es\/wp-json\/wp\/v2\/product\/22742","targetHints":{"allow":["GET"]}}],"collection":[{"href":"https:\/\/www.sylvie-monthule.com\/es\/wp-json\/wp\/v2\/product"}],"about":[{"href":"https:\/\/www.sylvie-monthule.com\/es\/wp-json\/wp\/v2\/types\/product"}],"wp:featuredmedia":[{"embeddable":true,"href":"https:\/\/www.sylvie-monthule.com\/es\/wp-json\/wp\/v2\/media\/14898"}],"wp:attachment":[{"href":"https:\/\/www.sylvie-monthule.com\/es\/wp-json\/wp\/v2\/media?parent=22742"}],"wp:term":[{"taxonomy":"product_brand","embeddable":true,"href":"https:\/\/www.sylvie-monthule.com\/es\/wp-json\/wp\/v2\/product_brand?post=22742"},{"taxonomy":"product_cat","embeddable":true,"href":"https:\/\/www.sylvie-monthule.com\/es\/wp-json\/wp\/v2\/product_cat?post=22742"},{"taxonomy":"product_tag","embeddable":true,"href":"https:\/\/www.sylvie-monthule.com\/es\/wp-json\/wp\/v2\/product_tag?post=22742"}],"curies":[{"name":"wp","href":"https:\/\/api.w.org\/{rel}","templated":true}]}}