{"id":22732,"date":"2012-12-01T00:00:00","date_gmt":"2012-11-30T23:00:00","guid":{"rendered":"http:\/\/www.sylvie-monthule.com\/jewel\/soutien-gorge-nuit-de-satin-or-2\/"},"modified":"2025-02-17T08:46:43","modified_gmt":"2025-02-17T07:46:43","slug":"joya-sujetador-noche-de-saten-oro","status":"publish","type":"product","link":"https:\/\/www.sylvie-monthule.com\/es\/joya\/joya-sujetador-noche-de-saten-oro\/","title":{"rendered":"Joya Sujetador \u00abNoche de Saten\u00bb oro"},"content":{"rendered":"<p style=\"text-align: justify;\">Una hermosa joya sost\u00e9n , abierto, totalmente ajustable, hecha de cadenas de oro y adornos de sat\u00e9n. \u00a1No te resistas al erotismo de esta joya corporal, que corona su busto y sus pechos! Correas ajustables de sat\u00e9n negro, peque\u00f1os lazos de sat\u00e9n y cadenas de oro con colgante de cristal. Un refinado y sexy sujetador \u00abtopless\u00bb, creado para sublimar el deseo y la feminidad.<\/p>\n","protected":false},"excerpt":{"rendered":"<p>Sujetador abierto<br \/>\ncon tiras de sat\u00e9n negro.<br \/>\nJoya con alto tratamiento de oro<br \/>\n1 micr\u00f3n 16 quilates y 24 quilates de acabado en metal.<br \/>\nPeque\u00f1os lazos de sat\u00e9n negro y cristal .<br \/>\nCadenas ajustables.<br \/>\nHipoalerg\u00e9nico<\/p>\n<p>Un sujetador muy c\u00f3modo,<br \/>\nque cubre todos los tama\u00f1os de copas y que<br \/>\nse ajustar\u00e1 a la perfecci\u00f3n gracias a sus ajustes<br \/>\n(cuello y espalda.)<\/p>\n","protected":false},"featured_media":14989,"template":"","meta":{"_acf_changed":false},"product_brand":[],"product_cat":[90,92],"product_tag":[],"class_list":{"0":"post-22732","1":"product","2":"type-product","3":"status-publish","4":"has-post-thumbnail","6":"product_cat-joyerias-mujeres","7":"product_cat-joyerias-sujetador","8":"collection-lart-du-plaisir-es","10":"first","11":"instock","12":"taxable","13":"shipping-taxable","14":"purchasable","15":"product-type-simple"},"acf":[],"_links":{"self":[{"href":"https:\/\/www.sylvie-monthule.com\/es\/wp-json\/wp\/v2\/product\/22732","targetHints":{"allow":["GET"]}}],"collection":[{"href":"https:\/\/www.sylvie-monthule.com\/es\/wp-json\/wp\/v2\/product"}],"about":[{"href":"https:\/\/www.sylvie-monthule.com\/es\/wp-json\/wp\/v2\/types\/product"}],"wp:featuredmedia":[{"embeddable":true,"href":"https:\/\/www.sylvie-monthule.com\/es\/wp-json\/wp\/v2\/media\/14989"}],"wp:attachment":[{"href":"https:\/\/www.sylvie-monthule.com\/es\/wp-json\/wp\/v2\/media?parent=22732"}],"wp:term":[{"taxonomy":"product_brand","embeddable":true,"href":"https:\/\/www.sylvie-monthule.com\/es\/wp-json\/wp\/v2\/product_brand?post=22732"},{"taxonomy":"product_cat","embeddable":true,"href":"https:\/\/www.sylvie-monthule.com\/es\/wp-json\/wp\/v2\/product_cat?post=22732"},{"taxonomy":"product_tag","embeddable":true,"href":"https:\/\/www.sylvie-monthule.com\/es\/wp-json\/wp\/v2\/product_tag?post=22732"}],"curies":[{"name":"wp","href":"https:\/\/api.w.org\/{rel}","templated":true}]}}