{"id":22584,"date":"2014-11-22T00:00:00","date_gmt":"2014-11-21T23:00:00","guid":{"rendered":"http:\/\/www.sylvie-monthule.com\/jewel\/string-eventail-or-penetrant-2\/"},"modified":"2025-02-17T08:46:50","modified_gmt":"2025-02-17T07:46:50","slug":"tanga-abanico-sexo-oro","status":"publish","type":"product","link":"https:\/\/www.sylvie-monthule.com\/es\/joya\/tanga-abanico-sexo-oro\/","title":{"rendered":"Tanga abanico sexo oro"},"content":{"rendered":"<p>Una joya tanga que se convierte en un sextoy ! Una tanga intima en forma de abanico ha desplegado su encantadora belleza sobre su intimidad. Los arabescos, el esmalte negro, componen su esplendor. En el terciopelo de su piel, sus curvas son exquisitas, perfectas. A cada lado de sus labios, el abanico desliza sus perlas negras, tan suaves, tan \u00edntimas. Saborea el placer de llevar el abanico puro y luego invita a su penetrante rosario&#8230; Agarra la tanga, el rosario con sus 2 bolas negras: Como las bolas de geisha, las dos bolas penetran en su sexo. Sientes las bolas \u00edntimas acariciando y masajeando su sexo. \u00a1Para el placer! \u00a1Una tanga como un sextoy refinado y secreto!<\/p>\n<p>&nbsp;<\/p>\n","protected":false},"excerpt":{"rendered":"<p>Gracias a sus suaves el\u00e1sticos de algod\u00f3n, la joya est\u00e1 perfectamente posicionada<br \/>\nPara todas las morfolog\u00edas \u00edntimas<\/p>\n<p>Dorado de la m\u00e1s alta calidad con 1 micra<br \/>\nde 16 quilates y acabado de 24 quilates sobre metal.<br \/>\nUn abanico suave y liso, esmalte negro. Perlas negras<br \/>\nRosario removible con 2 bolas de resina negra (di\u00e1metro 24 y 34 mm)<br \/>\nLongitud total del rosario: 25 cm.<br \/>\nJoya hipoalerg\u00e9nica.<\/p>\n","protected":false},"featured_media":15629,"template":"","meta":{"_acf_changed":false},"product_brand":[],"product_cat":[90,94],"product_tag":[],"class_list":{"0":"post-22584","1":"product","2":"type-product","3":"status-publish","4":"has-post-thumbnail","6":"product_cat-joyerias-mujeres","7":"product_cat-joyerias-penetrantes","8":"collection-les-bijoux-sortilege-es","9":"product_option-consejos-de-mantenimiento","11":"first","12":"instock","13":"taxable","14":"shipping-taxable","15":"purchasable","16":"product-type-simple"},"acf":[],"_links":{"self":[{"href":"https:\/\/www.sylvie-monthule.com\/es\/wp-json\/wp\/v2\/product\/22584","targetHints":{"allow":["GET"]}}],"collection":[{"href":"https:\/\/www.sylvie-monthule.com\/es\/wp-json\/wp\/v2\/product"}],"about":[{"href":"https:\/\/www.sylvie-monthule.com\/es\/wp-json\/wp\/v2\/types\/product"}],"wp:featuredmedia":[{"embeddable":true,"href":"https:\/\/www.sylvie-monthule.com\/es\/wp-json\/wp\/v2\/media\/15629"}],"wp:attachment":[{"href":"https:\/\/www.sylvie-monthule.com\/es\/wp-json\/wp\/v2\/media?parent=22584"}],"wp:term":[{"taxonomy":"product_brand","embeddable":true,"href":"https:\/\/www.sylvie-monthule.com\/es\/wp-json\/wp\/v2\/product_brand?post=22584"},{"taxonomy":"product_cat","embeddable":true,"href":"https:\/\/www.sylvie-monthule.com\/es\/wp-json\/wp\/v2\/product_cat?post=22584"},{"taxonomy":"product_tag","embeddable":true,"href":"https:\/\/www.sylvie-monthule.com\/es\/wp-json\/wp\/v2\/product_tag?post=22584"}],"curies":[{"name":"wp","href":"https:\/\/api.w.org\/{rel}","templated":true}]}}