{"id":22583,"date":"2014-11-22T00:00:00","date_gmt":"2014-11-21T23:00:00","guid":{"rendered":"http:\/\/www.sylvie-monthule.com\/jewel\/boules-geisha-couleurs-2\/"},"modified":"2025-02-17T08:46:50","modified_gmt":"2025-02-17T07:46:50","slug":"bolas-de-geisha-oro","status":"publish","type":"product","link":"https:\/\/www.sylvie-monthule.com\/es\/joya\/bolas-de-geisha-oro\/","title":{"rendered":"Bolas de Geisha oro"},"content":{"rendered":"<p style=\"text-align: justify;\">Sucumbir a la belleza de las elegantes y atrevidas bolas de geisha. Acostado en el terciopelo rojo de su sof\u00e1, descubrir\u00e1 el refinamiento de las joyas creadas para el placer&#8230; Bolas de Geisha vestidas de negro brillante, rosa o azul transparente, infinitamente lisas y suaves. Acar\u00edcialos, juega con ellos&#8230; Luego, d\u00e9jate llevar por el placer de las sensaciones intensas, inv\u00edtalos&#8230; En tu sexo, se golpean entre s\u00ed, chocan y difunden mil vibraciones. \u00a1Qu\u00e9 emoci\u00f3n!<\/p>\n","protected":false},"excerpt":{"rendered":"<p>Bolas de resina de 34 mm de di\u00e1metro en resina transparente<br \/>\nde color negro brillante, p\u00farpura o azul.<\/p>\n<p>Cadenas soldadas, malla redonda. Joya con un alto chapado de oro<br \/>\nde 1 micr\u00f3n, 16 quilates y 24 quilates.<br \/>\nLongitud de la cadena del colgante : 9 cm.<br \/>\nAnillo ovalizado al final con el grabado \u00abPara ti\u00bb.<br \/>\nLongitud total de la joya: 23 cm.<br \/>\nLavar con agua jabonosa.<br \/>\nHipoalerg\u00e9nico<\/p>\n","protected":false},"featured_media":15406,"template":"","meta":{"_acf_changed":false},"product_brand":[],"product_cat":[90,94],"product_tag":[],"class_list":{"0":"post-22583","1":"product","2":"type-product","3":"status-publish","4":"has-post-thumbnail","6":"product_cat-joyerias-mujeres","7":"product_cat-joyerias-penetrantes","8":"collection-les-bijoux-sortilege-es","9":"product_option-consejos-de-mantenimiento","11":"first","12":"instock","13":"taxable","14":"shipping-taxable","15":"purchasable","16":"product-type-simple"},"acf":[],"_links":{"self":[{"href":"https:\/\/www.sylvie-monthule.com\/es\/wp-json\/wp\/v2\/product\/22583","targetHints":{"allow":["GET"]}}],"collection":[{"href":"https:\/\/www.sylvie-monthule.com\/es\/wp-json\/wp\/v2\/product"}],"about":[{"href":"https:\/\/www.sylvie-monthule.com\/es\/wp-json\/wp\/v2\/types\/product"}],"wp:featuredmedia":[{"embeddable":true,"href":"https:\/\/www.sylvie-monthule.com\/es\/wp-json\/wp\/v2\/media\/15406"}],"wp:attachment":[{"href":"https:\/\/www.sylvie-monthule.com\/es\/wp-json\/wp\/v2\/media?parent=22583"}],"wp:term":[{"taxonomy":"product_brand","embeddable":true,"href":"https:\/\/www.sylvie-monthule.com\/es\/wp-json\/wp\/v2\/product_brand?post=22583"},{"taxonomy":"product_cat","embeddable":true,"href":"https:\/\/www.sylvie-monthule.com\/es\/wp-json\/wp\/v2\/product_cat?post=22583"},{"taxonomy":"product_tag","embeddable":true,"href":"https:\/\/www.sylvie-monthule.com\/es\/wp-json\/wp\/v2\/product_tag?post=22583"}],"curies":[{"name":"wp","href":"https:\/\/api.w.org\/{rel}","templated":true}]}}