{"id":148107,"date":"2025-11-06T15:23:57","date_gmt":"2025-11-06T14:23:57","guid":{"rendered":"https:\/\/www.sylvie-monthule.com\/?post_type=product&p=148107"},"modified":"2025-10-22T17:28:42","modified_gmt":"2025-10-21T17:28:42","slug":"sobre-la-piel-2-original","status":"publish","type":"product","link":"https:\/\/www.sylvie-monthule.com\/es\/joya\/sobre-la-piel-2-original\/","title":{"rendered":"Sobre la piel 2 (original)"},"content":{"rendered":"<p>Dibujo original de Sylvie Monthul\u00e9 realizado con l\u00e1piz de grafito sobre papel de alta calidad de 250 g. Formato A3 (29,7 x 42 cm). El dibujo se env\u00eda cuidadosamente embalado con su certificado de autenticidad. Env\u00edo con seguro. Transportista DHL.<\/p>\n","protected":false},"excerpt":{"rendered":"<p>Dibujo original de Sylvie Monthul\u00e9 realizado con l\u00e1piz de grafito sobre papel de alta calidad de 250 g. Formato A3 (29,7 x 42 cm). El dibujo se env\u00eda cuidadosamente embalado con su certificado de autenticidad. Env\u00edo con seguro. Transportista DHL.<\/p>\n","protected":false},"featured_media":147730,"template":"","meta":{"_acf_changed":false},"product_brand":[],"product_cat":[114,1886],"product_tag":[],"class_list":{"0":"post-148107","1":"product","2":"type-product","3":"status-publish","4":"has-post-thumbnail","6":"product_cat-dibujos","7":"product_cat-dibujos-originales","9":"first","10":"instock","11":"taxable","12":"shipping-taxable","13":"purchasable","14":"product-type-simple"},"acf":[],"_links":{"self":[{"href":"https:\/\/www.sylvie-monthule.com\/es\/wp-json\/wp\/v2\/product\/148107","targetHints":{"allow":["GET"]}}],"collection":[{"href":"https:\/\/www.sylvie-monthule.com\/es\/wp-json\/wp\/v2\/product"}],"about":[{"href":"https:\/\/www.sylvie-monthule.com\/es\/wp-json\/wp\/v2\/types\/product"}],"wp:featuredmedia":[{"embeddable":true,"href":"https:\/\/www.sylvie-monthule.com\/es\/wp-json\/wp\/v2\/media\/147730"}],"wp:attachment":[{"href":"https:\/\/www.sylvie-monthule.com\/es\/wp-json\/wp\/v2\/media?parent=148107"}],"wp:term":[{"taxonomy":"product_brand","embeddable":true,"href":"https:\/\/www.sylvie-monthule.com\/es\/wp-json\/wp\/v2\/product_brand?post=148107"},{"taxonomy":"product_cat","embeddable":true,"href":"https:\/\/www.sylvie-monthule.com\/es\/wp-json\/wp\/v2\/product_cat?post=148107"},{"taxonomy":"product_tag","embeddable":true,"href":"https:\/\/www.sylvie-monthule.com\/es\/wp-json\/wp\/v2\/product_tag?post=148107"}],"curies":[{"name":"wp","href":"https:\/\/api.w.org\/{rel}","templated":true}]}}