{"id":148068,"date":"2025-11-06T15:24:03","date_gmt":"2025-11-06T14:24:03","guid":{"rendered":"https:\/\/www.sylvie-monthule.com\/?post_type=product&p=148068"},"modified":"2025-10-22T17:28:32","modified_gmt":"2025-10-21T17:28:32","slug":"el-instante","status":"publish","type":"product","link":"https:\/\/www.sylvie-monthule.com\/es\/joya\/el-instante\/","title":{"rendered":"El instante"},"content":{"rendered":"<p>Impresi\u00f3n en edici\u00f3n limitada (50 ejemplares) en papel refinado Old Mill 300 Gr. Formato A3 (29,7 x 42 cm.) La impresi\u00f3n est\u00e1 numerada y firmada por el artista. Embalaje cuidado con certificado de autenticidad.<\/p>\n","protected":false},"excerpt":{"rendered":"<p>Impresi\u00f3n en edici\u00f3n limitada (50 ejemplares) en papel refinado Old Mill 300 Gr. Formato A3 (29,7 x 42 cm.) La impresi\u00f3n est\u00e1 numerada y firmada por el artista. Embalaje cuidado con certificado de autenticidad.<\/p>\n","protected":false},"featured_media":147802,"template":"","meta":{"_acf_changed":false},"product_brand":[],"product_cat":[114,1889],"product_tag":[],"class_list":{"0":"post-148068","1":"product","2":"type-product","3":"status-publish","4":"has-post-thumbnail","6":"product_cat-dibujos","7":"product_cat-impresiones-dibujos","9":"first","10":"instock","11":"taxable","12":"shipping-taxable","13":"purchasable","14":"product-type-simple"},"acf":[],"_links":{"self":[{"href":"https:\/\/www.sylvie-monthule.com\/es\/wp-json\/wp\/v2\/product\/148068","targetHints":{"allow":["GET"]}}],"collection":[{"href":"https:\/\/www.sylvie-monthule.com\/es\/wp-json\/wp\/v2\/product"}],"about":[{"href":"https:\/\/www.sylvie-monthule.com\/es\/wp-json\/wp\/v2\/types\/product"}],"wp:featuredmedia":[{"embeddable":true,"href":"https:\/\/www.sylvie-monthule.com\/es\/wp-json\/wp\/v2\/media\/147802"}],"wp:attachment":[{"href":"https:\/\/www.sylvie-monthule.com\/es\/wp-json\/wp\/v2\/media?parent=148068"}],"wp:term":[{"taxonomy":"product_brand","embeddable":true,"href":"https:\/\/www.sylvie-monthule.com\/es\/wp-json\/wp\/v2\/product_brand?post=148068"},{"taxonomy":"product_cat","embeddable":true,"href":"https:\/\/www.sylvie-monthule.com\/es\/wp-json\/wp\/v2\/product_cat?post=148068"},{"taxonomy":"product_tag","embeddable":true,"href":"https:\/\/www.sylvie-monthule.com\/es\/wp-json\/wp\/v2\/product_tag?post=148068"}],"curies":[{"name":"wp","href":"https:\/\/api.w.org\/{rel}","templated":true}]}}