{"id":143286,"date":"2024-11-15T09:05:14","date_gmt":"2024-11-12T14:47:02","guid":{"rendered":"https:\/\/www.sylvie-monthule.com\/?post_type=product&p=143286"},"modified":"2024-11-13T14:47:02","modified_gmt":"2024-11-12T14:47:02","slug":"excitante-drapeado-plata-para-pene","status":"publish","type":"product","link":"https:\/\/www.sylvie-monthule.com\/es\/joya\/excitante-drapeado-plata-para-pene\/","title":{"rendered":"Excitante drapeado Plata para pene"},"content":{"rendered":"<p>Una larga cortina de cadenas flexibles se agita bajo su pene. Las mallas de plata son como un tejido que ondula sobre sus test\u00edculos. Una excitante pieza de joyer\u00eda sexual y provocar\u00e1 intensas caricias a su pareja durante el acto sexual.<\/p>\n","protected":false},"excerpt":{"rendered":"<p>Cortina sexual de cadenas con base el\u00e1stica.<br \/>\npara un soporte perfecto.<\/p>\n<p>Chapado en plata de 10 micras sobre metal.<br \/>\nLongitud de las cadenas : 9 cm.<br \/>\nHipoalerg\u00e9nico.<\/p>\n","protected":false},"featured_media":142445,"template":"","meta":{"_acf_changed":false},"product_brand":[],"product_cat":[102,104],"product_tag":[],"class_list":{"0":"post-143286","1":"product","2":"type-product","3":"status-publish","4":"has-post-thumbnail","6":"product_cat-joyerias-hombres","7":"product_cat-joyerias-intimo-sexo","8":"collection-cuando-las-joyas-se-atreven","10":"first","11":"instock","12":"taxable","13":"shipping-taxable","14":"purchasable","15":"product-type-simple"},"acf":[],"_links":{"self":[{"href":"https:\/\/www.sylvie-monthule.com\/es\/wp-json\/wp\/v2\/product\/143286","targetHints":{"allow":["GET"]}}],"collection":[{"href":"https:\/\/www.sylvie-monthule.com\/es\/wp-json\/wp\/v2\/product"}],"about":[{"href":"https:\/\/www.sylvie-monthule.com\/es\/wp-json\/wp\/v2\/types\/product"}],"wp:featuredmedia":[{"embeddable":true,"href":"https:\/\/www.sylvie-monthule.com\/es\/wp-json\/wp\/v2\/media\/142445"}],"wp:attachment":[{"href":"https:\/\/www.sylvie-monthule.com\/es\/wp-json\/wp\/v2\/media?parent=143286"}],"wp:term":[{"taxonomy":"product_brand","embeddable":true,"href":"https:\/\/www.sylvie-monthule.com\/es\/wp-json\/wp\/v2\/product_brand?post=143286"},{"taxonomy":"product_cat","embeddable":true,"href":"https:\/\/www.sylvie-monthule.com\/es\/wp-json\/wp\/v2\/product_cat?post=143286"},{"taxonomy":"product_tag","embeddable":true,"href":"https:\/\/www.sylvie-monthule.com\/es\/wp-json\/wp\/v2\/product_tag?post=143286"}],"curies":[{"name":"wp","href":"https:\/\/api.w.org\/{rel}","templated":true}]}}