{"id":139187,"date":"2024-05-22T13:28:05","date_gmt":"2024-05-22T12:28:05","guid":{"rendered":"https:\/\/www.sylvie-monthule.com\/?post_type=product&#038;p=139187"},"modified":"2025-01-10T11:40:08","modified_gmt":"2025-01-10T10:40:08","slug":"clips-labiales-pompones-oro","status":"publish","type":"product","link":"https:\/\/www.sylvie-monthule.com\/es\/joya\/clips-labiales-pompones-oro\/","title":{"rendered":"Clips labiales Pompones Oro"},"content":{"rendered":"<p>Suspendidos de sus labios hay dos pompones dorados<br \/>\nagit\u00e1ndose a cada movimiento&#8230;<br \/>\nLos sentir\u00e1s rozarte constantemente<br \/>\ny sus caricias en su sexo.<br \/>\nUna pieza de joyer\u00eda \u00edntima elegante y c\u00f3moda con<br \/>\nsu sistema de clip adornado con cristales.<\/p>\n","protected":false},"excerpt":{"rendered":"<p>Joyas clips sin piercing, indoloras.<br \/>\nPara colocar en los labios menores o labios mayores.<\/p>\n<p>Clips y adornos:<br \/>\nAcabado de 1 micra de 16 kilates y 24 kilates sobre metal.<br \/>\nCristales facetados.<br \/>\nPompones colgantes.<br \/>\nHipoalerg\u00e9nico.<\/p>\n","protected":false},"featured_media":139118,"template":"","meta":{"_acf_changed":false},"product_brand":[],"product_cat":[96],"product_tag":[],"class_list":{"0":"post-139187","1":"product","2":"type-product","3":"status-publish","4":"has-post-thumbnail","6":"product_cat-joyerias-sexo-sin-piercing","7":"collection-les-bijoux-sortilege-es","8":"product_option-se-venden-en-parejas","10":"first","11":"instock","12":"taxable","13":"shipping-taxable","14":"purchasable","15":"product-type-simple"},"acf":[],"_links":{"self":[{"href":"https:\/\/www.sylvie-monthule.com\/es\/wp-json\/wp\/v2\/product\/139187","targetHints":{"allow":["GET"]}}],"collection":[{"href":"https:\/\/www.sylvie-monthule.com\/es\/wp-json\/wp\/v2\/product"}],"about":[{"href":"https:\/\/www.sylvie-monthule.com\/es\/wp-json\/wp\/v2\/types\/product"}],"wp:featuredmedia":[{"embeddable":true,"href":"https:\/\/www.sylvie-monthule.com\/es\/wp-json\/wp\/v2\/media\/139118"}],"wp:attachment":[{"href":"https:\/\/www.sylvie-monthule.com\/es\/wp-json\/wp\/v2\/media?parent=139187"}],"wp:term":[{"taxonomy":"product_brand","embeddable":true,"href":"https:\/\/www.sylvie-monthule.com\/es\/wp-json\/wp\/v2\/product_brand?post=139187"},{"taxonomy":"product_cat","embeddable":true,"href":"https:\/\/www.sylvie-monthule.com\/es\/wp-json\/wp\/v2\/product_cat?post=139187"},{"taxonomy":"product_tag","embeddable":true,"href":"https:\/\/www.sylvie-monthule.com\/es\/wp-json\/wp\/v2\/product_tag?post=139187"}],"curies":[{"name":"wp","href":"https:\/\/api.w.org\/{rel}","templated":true}]}}