{"id":136035,"date":"2023-11-10T08:34:03","date_gmt":"2023-11-10T07:40:17","guid":{"rendered":"https:\/\/www.sylvie-monthule.com\/?post_type=product&#038;p=136035"},"modified":"2025-01-10T11:39:50","modified_gmt":"2025-01-10T10:39:50","slug":"tanga-rosa-del-amor-oro","status":"publish","type":"product","link":"https:\/\/www.sylvie-monthule.com\/es\/joya\/tanga-rosa-del-amor-oro\/","title":{"rendered":"Tanga Rosa del Amor Oro"},"content":{"rendered":"<p>En su jard\u00edn secreto, una rosa reci\u00e9n abierta, habla de Amor&#8230; Una rosa con p\u00e9talos exquisitamente suaves rodeada de follaje. La gota que se escapa de ella fluye como roc\u00edo entre sus labios se embriaga con sus aromas femeninos, sus escalofr\u00edos&#8230; Sobre su piel, s\u00f3lo una rosa de oro que respira sobre su sexo, ofreci\u00e9ndolo a sus caricias. y se desliza hasta su espalda \u00a1un resplandor transparente!<\/p>\n","protected":false},"excerpt":{"rendered":"<p>Gracias a sus suaves el\u00e1sticos de algod\u00f3n,<br \/>\nColocas la tanga como desees.<\/p>\n<p>Rosa y adorno:<br \/>\nAcabado de 1 micra de 16 kilates y 24 kilates sobre metal.<br \/>\nColgante y espalda tipo tanga con<br \/>\nPiedra de cristal de color transparente.<br \/>\nAncho de joya (rosa y follaje); 4cm<br \/>\nHipoalerg\u00e9nico.<\/p>\n","protected":false},"featured_media":135647,"template":"","meta":{"_acf_changed":false},"product_brand":[],"product_cat":[90,91],"product_tag":[],"class_list":{"0":"post-136035","1":"product","2":"type-product","3":"status-publish","4":"has-post-thumbnail","6":"product_cat-joyerias-mujeres","7":"product_cat-joyerias-tanga","8":"collection-el-jardin-prohibido","9":"product_option-informacion-tallas","11":"first","12":"instock","13":"taxable","14":"shipping-taxable","15":"purchasable","16":"product-type-simple"},"acf":[],"_links":{"self":[{"href":"https:\/\/www.sylvie-monthule.com\/es\/wp-json\/wp\/v2\/product\/136035","targetHints":{"allow":["GET"]}}],"collection":[{"href":"https:\/\/www.sylvie-monthule.com\/es\/wp-json\/wp\/v2\/product"}],"about":[{"href":"https:\/\/www.sylvie-monthule.com\/es\/wp-json\/wp\/v2\/types\/product"}],"wp:featuredmedia":[{"embeddable":true,"href":"https:\/\/www.sylvie-monthule.com\/es\/wp-json\/wp\/v2\/media\/135647"}],"wp:attachment":[{"href":"https:\/\/www.sylvie-monthule.com\/es\/wp-json\/wp\/v2\/media?parent=136035"}],"wp:term":[{"taxonomy":"product_brand","embeddable":true,"href":"https:\/\/www.sylvie-monthule.com\/es\/wp-json\/wp\/v2\/product_brand?post=136035"},{"taxonomy":"product_cat","embeddable":true,"href":"https:\/\/www.sylvie-monthule.com\/es\/wp-json\/wp\/v2\/product_cat?post=136035"},{"taxonomy":"product_tag","embeddable":true,"href":"https:\/\/www.sylvie-monthule.com\/es\/wp-json\/wp\/v2\/product_tag?post=136035"}],"curies":[{"name":"wp","href":"https:\/\/api.w.org\/{rel}","templated":true}]}}