{"id":136026,"date":"2023-11-10T08:34:02","date_gmt":"2023-11-10T07:40:18","guid":{"rendered":"https:\/\/www.sylvie-monthule.com\/?post_type=product&#038;p=136026"},"modified":"2025-01-10T11:39:51","modified_gmt":"2025-01-10T10:39:51","slug":"tanga-jardin-secreto-oro-2","status":"publish","type":"product","link":"https:\/\/www.sylvie-monthule.com\/es\/joya\/tanga-jardin-secreto-oro-2\/","title":{"rendered":"Tanga Jard\u00edn Secreto Oro"},"content":{"rendered":"<p>\u00bfY si la desnudez se convirtiera en joya? \u00bfY si una magn\u00edfica hoja de plata se posara en su jard\u00edn adornada s\u00f3lo con una pizca de roc\u00edo&#8230; \u00bfY si las cadenas rodearan su sexo ofreci\u00e9ndolo a las caricias&#8230; \u00bfY si en la curva de sus lomos una piedra ovalada azul y lumonosa, sublimara su voluptuosidad&#8230;<\/p>\n","protected":false},"excerpt":{"rendered":"<p>Gracias a sus suaves el\u00e1sticos de algod\u00f3n,<br \/>\nColocas la tanga como desees.<\/p>\n<p>Hoja y adorno:<br \/>\nChapado en plata de 10 micras sobre metal.<br \/>\nTanga piedra sobre hoja y espalda piedra<br \/>\nen cristal color azul aguamarina.<br \/>\nAltura de la hoja; 4,5 cm (aprox.)<br \/>\nHipoalerg\u00e9nico.<\/p>\n","protected":false},"featured_media":135719,"template":"","meta":{"_acf_changed":false},"product_brand":[],"product_cat":[90,91],"product_tag":[],"class_list":{"0":"post-136026","1":"product","2":"type-product","3":"status-publish","4":"has-post-thumbnail","6":"product_cat-joyerias-mujeres","7":"product_cat-joyerias-tanga","8":"collection-el-jardin-prohibido","9":"product_option-informacion-tallas","11":"first","12":"instock","13":"taxable","14":"shipping-taxable","15":"purchasable","16":"product-type-simple"},"acf":[],"_links":{"self":[{"href":"https:\/\/www.sylvie-monthule.com\/es\/wp-json\/wp\/v2\/product\/136026","targetHints":{"allow":["GET"]}}],"collection":[{"href":"https:\/\/www.sylvie-monthule.com\/es\/wp-json\/wp\/v2\/product"}],"about":[{"href":"https:\/\/www.sylvie-monthule.com\/es\/wp-json\/wp\/v2\/types\/product"}],"wp:featuredmedia":[{"embeddable":true,"href":"https:\/\/www.sylvie-monthule.com\/es\/wp-json\/wp\/v2\/media\/135719"}],"wp:attachment":[{"href":"https:\/\/www.sylvie-monthule.com\/es\/wp-json\/wp\/v2\/media?parent=136026"}],"wp:term":[{"taxonomy":"product_brand","embeddable":true,"href":"https:\/\/www.sylvie-monthule.com\/es\/wp-json\/wp\/v2\/product_brand?post=136026"},{"taxonomy":"product_cat","embeddable":true,"href":"https:\/\/www.sylvie-monthule.com\/es\/wp-json\/wp\/v2\/product_cat?post=136026"},{"taxonomy":"product_tag","embeddable":true,"href":"https:\/\/www.sylvie-monthule.com\/es\/wp-json\/wp\/v2\/product_tag?post=136026"}],"curies":[{"name":"wp","href":"https:\/\/api.w.org\/{rel}","templated":true}]}}