{"id":136023,"date":"2023-11-10T08:34:02","date_gmt":"2023-11-10T07:34:02","guid":{"rendered":"https:\/\/www.sylvie-monthule.com\/?post_type=product&#038;p=136023"},"modified":"2025-01-10T11:39:38","modified_gmt":"2025-01-10T10:39:38","slug":"tanga-jardin-delicioso-oro","status":"publish","type":"product","link":"https:\/\/www.sylvie-monthule.com\/es\/joya\/tanga-jardin-delicioso-oro\/","title":{"rendered":"Tanga Jard\u00edn delicioso Oro"},"content":{"rendered":"<p>Primero, la visi\u00f3n de una hoja de oro suave como el terciopelo, colocada sobre su Monte de Venus. Una hoja adornada con una gota de roc\u00edo, pura, centelleante. Luego, la deliciosa bola, lisa y negra se desliza y se entrega entre sus labios&#8230; Como un n\u00e9ctar secreto, una fruta prohibida, para dar a su cuerpo el sabor del \u00e9xtasis.<\/p>\n","protected":false},"excerpt":{"rendered":"<p>Gracias a sus suaves el\u00e1sticos de algod\u00f3n,<br \/>\nColocas la tanga como desees.<\/p>\n<p>Hoja y adorno:<br \/>\nAcabado de 1 micra de 16 kilates y 24 kilates sobre metal.<br \/>\nTanga piedra sobre hoja y espalda piedra<br \/>\nen cristal color transparente.<br \/>\nBola de resina negra brillante (di\u00e1metro 34 mm)<br \/>\nen cadena soldada (largo: 15 cm)<br \/>\nHipoalerg\u00e9nico.<\/p>\n","protected":false},"featured_media":135743,"template":"","meta":{"_acf_changed":false},"product_brand":[],"product_cat":[90,94],"product_tag":[],"class_list":{"0":"post-136023","1":"product","2":"type-product","3":"status-publish","4":"has-post-thumbnail","6":"product_cat-joyerias-mujeres","7":"product_cat-joyerias-penetrantes","8":"collection-30-anos-de-erotismo","9":"collection-el-jardin-prohibido","10":"product_option-informacion-tallas","12":"first","13":"instock","14":"taxable","15":"shipping-taxable","16":"purchasable","17":"product-type-simple"},"acf":[],"_links":{"self":[{"href":"https:\/\/www.sylvie-monthule.com\/es\/wp-json\/wp\/v2\/product\/136023","targetHints":{"allow":["GET"]}}],"collection":[{"href":"https:\/\/www.sylvie-monthule.com\/es\/wp-json\/wp\/v2\/product"}],"about":[{"href":"https:\/\/www.sylvie-monthule.com\/es\/wp-json\/wp\/v2\/types\/product"}],"wp:featuredmedia":[{"embeddable":true,"href":"https:\/\/www.sylvie-monthule.com\/es\/wp-json\/wp\/v2\/media\/135743"}],"wp:attachment":[{"href":"https:\/\/www.sylvie-monthule.com\/es\/wp-json\/wp\/v2\/media?parent=136023"}],"wp:term":[{"taxonomy":"product_brand","embeddable":true,"href":"https:\/\/www.sylvie-monthule.com\/es\/wp-json\/wp\/v2\/product_brand?post=136023"},{"taxonomy":"product_cat","embeddable":true,"href":"https:\/\/www.sylvie-monthule.com\/es\/wp-json\/wp\/v2\/product_cat?post=136023"},{"taxonomy":"product_tag","embeddable":true,"href":"https:\/\/www.sylvie-monthule.com\/es\/wp-json\/wp\/v2\/product_tag?post=136023"}],"curies":[{"name":"wp","href":"https:\/\/api.w.org\/{rel}","templated":true}]}}