{"id":136011,"date":"2023-11-10T08:34:00","date_gmt":"2023-11-10T07:40:20","guid":{"rendered":"https:\/\/www.sylvie-monthule.com\/?post_type=product&#038;p=136011"},"modified":"2024-10-03T12:59:45","modified_gmt":"2024-10-03T11:59:45","slug":"joyas-pezones-manzanas-crujientes-oro","status":"publish","type":"product","link":"https:\/\/www.sylvie-monthule.com\/es\/joya\/joyas-pezones-manzanas-crujientes-oro\/","title":{"rendered":"Joyas pezones manzanas crujientes Oro"},"content":{"rendered":"<p>Cede a la tentaci\u00f3n de adornar sus pezones con peque\u00f1as manzanas de oro, sensuales y crujientes. Ll\u00e9valas para hacer brillar su golosina y sentir la caricia de esta fruta del placer&#8230;<\/p>\n","protected":false},"excerpt":{"rendered":"<p>Joyas para pezones con sistema no piercing,<br \/>\nindoloro y deslizante, adapt\u00e1ndose a<br \/>\ntodos los tama\u00f1os de pezones.<\/p>\n<p>Acabado de 1 micra de 16 kilates<br \/>\ny 24 kilates sobre metal.<br \/>\nHipoalerg\u00e9nico.<\/p>\n","protected":false},"featured_media":134971,"template":"","meta":{"_acf_changed":false},"product_brand":[],"product_cat":[90,95],"product_tag":[],"class_list":{"0":"post-136011","1":"product","2":"type-product","3":"status-publish","4":"has-post-thumbnail","6":"product_cat-joyerias-mujeres","7":"product_cat-joyerias-pechos-sin-piercing","8":"collection-el-jardin-prohibido","9":"product_option-se-venden-en-parejas","11":"first","12":"instock","13":"taxable","14":"shipping-taxable","15":"purchasable","16":"product-type-simple"},"acf":[],"_links":{"self":[{"href":"https:\/\/www.sylvie-monthule.com\/es\/wp-json\/wp\/v2\/product\/136011","targetHints":{"allow":["GET"]}}],"collection":[{"href":"https:\/\/www.sylvie-monthule.com\/es\/wp-json\/wp\/v2\/product"}],"about":[{"href":"https:\/\/www.sylvie-monthule.com\/es\/wp-json\/wp\/v2\/types\/product"}],"wp:featuredmedia":[{"embeddable":true,"href":"https:\/\/www.sylvie-monthule.com\/es\/wp-json\/wp\/v2\/media\/134971"}],"wp:attachment":[{"href":"https:\/\/www.sylvie-monthule.com\/es\/wp-json\/wp\/v2\/media?parent=136011"}],"wp:term":[{"taxonomy":"product_brand","embeddable":true,"href":"https:\/\/www.sylvie-monthule.com\/es\/wp-json\/wp\/v2\/product_brand?post=136011"},{"taxonomy":"product_cat","embeddable":true,"href":"https:\/\/www.sylvie-monthule.com\/es\/wp-json\/wp\/v2\/product_cat?post=136011"},{"taxonomy":"product_tag","embeddable":true,"href":"https:\/\/www.sylvie-monthule.com\/es\/wp-json\/wp\/v2\/product_tag?post=136011"}],"curies":[{"name":"wp","href":"https:\/\/api.w.org\/{rel}","templated":true}]}}